{"id":1418,"date":"2026-01-23T12:44:29","date_gmt":"2026-01-23T12:44:29","guid":{"rendered":"https:\/\/inca-spin.org\/app\/"},"modified":"2026-01-26T08:54:18","modified_gmt":"2026-01-26T08:54:18","slug":"app","status":"publish","type":"page","link":"https:\/\/inca-spin.org\/de\/app\/","title":{"rendered":"App"},"content":{"rendered":"<h1>Incaspin Mobilplattform<\/h1>\n<p>Die Incaspin App bietet allen Spielern ein interaktives und reibungsloses Spielerlebnis. Sie wurde speziell f\u00fcr die Verwendung mit mobilen Ger\u00e4ten entwickelt. Die Incaspin Casino App ist so konzipiert, dass sie mit ihren hochwertigen Funktionen, ihrer benutzerfreundlichen Oberfl\u00e4che und ihrem hohen Sicherheitsniveau den Anforderungen moderner Spieler gerecht wird.<\/p>\n<p>Wir bieten sofortigen Zugang zu einer umfangreichen Auswahl an Online Slots, Rubbellosen und anderen Tischspielen sowie Live-Dealer-Spielen, sodass unsere Spieler jederzeit unterhalten werden k\u00f6nnen. Die Incaspin App bietet den h\u00f6chsten Standard an mobilen Casino Spielen, die durch die neueste Technologie unterst\u00fctzt werden.<\/p>\n<div class=\"banner-wrap\" aria-label=\"Banner\"><img src=\"https:\/\/inca-spin.org\/wp-content\/uploads\/2026\/01\/Incaspin-general-background-800\u2564\u0415342.webp\" class=\"w-100 d-none d-lg-block img-pc main-banner-img\" alt=\"Incaspin desktop banner\" fetchpriority=\"high\" decoding=\"async\"><img src=\"https:\/\/inca-spin.org\/wp-content\/uploads\/2026\/01\/Incaspin-mobile-banner.webp\" class=\"w-100 d-none d-md-block d-lg-none main-banner-img\" alt=\"Incaspin mobile banner\" fetchpriority=\"high\" decoding=\"async\"><img src=\"https:\/\/inca-spin.org\/wp-content\/uploads\/2026\/01\/Incaspin-mobile-banner.webp\" class=\"w-100 d-md-none\" alt=\"Incaspin mobile banner\" fetchpriority=\"high\" decoding=\"async\"><div class=\"banner-description\">\n<div class=\"banner-title\">Willkommensboni<\/div>\n<p class=\"banner-header-title\">\u20ac1500<\/p>\n<div class=\"banner-header-AdditionalText\">+ 250 Freispiele<\/div>\n<button data-item=\"homepage_banner_link\" class=\"goto m-button m-gradient-border m-button--primary m-button--large banner-button btn-orange\">\n            <div class=\"m-button-content\">\n                <span>Jetzt anmelden<\/span>\n                <span><\/span>\n            <\/div>\n        <\/button>\n<\/div>\n<div class=\"WelcomePack\">\n<p><img loading=\"lazy\" decoding=\"async\" class=\"alignnone size-full wp-image-1369\" src=\"https:\/\/inca-spin.org\/wp-content\/uploads\/2026\/01\/welcome-crown.png\" alt=\"welcome crown\" width=\"25\" height=\"26\" \/><\/p>\n<div class=\"WelcomePack-Info\">W\u00f6chentlicher Cashback von bis zu 25 %<\/div>\n<p><img loading=\"lazy\" decoding=\"async\" class=\"alignnone size-full wp-image-1369\" src=\"https:\/\/inca-spin.org\/wp-content\/uploads\/2026\/01\/welcome-crown.png\" alt=\"welcome crown\" width=\"25\" height=\"26\" \/><\/p>\n<\/div>\n<\/div>\n<h2>Verwendung von Incaspin auf Mobilger\u00e4ten<\/h2>\n<p>Die Incaspin App wurde entwickelt, um den Spielablauf zu verbessern, und ist in vielerlei Hinsicht besser als das Spielen \u00fcber einen Browser. Die Anwendung ist speziell f\u00fcr Smartphones konzipiert. Sie garantiert schnellere Ladezeiten, einfachere Grafiken und eine verbesserte Leistung auf allen Ger\u00e4ten. Die benutzerfreundliche Oberfl\u00e4che macht sie zudem sehr intuitiv! Incaspin Casino Spieler k\u00f6nnen ganz einfach auf Schaltfl\u00e4chen klicken und alle erforderlichen Optionen ausw\u00e4hlen, sodass sie ihre Lieblingsspiele mit wenig bis gar keinem Aufwand finden k\u00f6nnen.<\/p>\n<p>Die App ist auch sehr sicher in Bezug auf pers\u00f6nliche Daten. Wir haben spezielle Anmelde- und Transaktionsbenachrichtigungen eingerichtet und sch\u00fctzen Ihre Finanzdaten, sodass Sie sich beim Spielen keine Sorgen machen m\u00fcssen. Im Vergleich zum Spielen \u00fcber einen mobilen Browser ist die Incaspin App stabiler und reaktionsschneller. Es gibt weniger Verz\u00f6gerungen und Unterbrechungen, und das Spielerlebnis ist gleichm\u00e4\u00dfiger.<\/p>\n<p>Dar\u00fcber hinaus bietet die Inca Spin App Funktionen wie Echtzeit-Spielsynchronisation, Live Chat-Support und die Verifizierung aller unserer Inca Spin-Konten. All diese Elemente schaffen eine sichere und effiziente Spielumgebung. Es wird einfacher, das Konto zu verwalten, Geld einzuzahlen und mit dem Kundensupport zu kommunizieren, ohne die Incaspin App verlassen zu m\u00fcssen. Die Software passt sich an jeden Smartphone- oder Tablet-Bildschirm an und ist somit einfach zu bedienen. Insgesamt hebt die Incaspin App das mobile Casino auf ein neues Niveau, indem sie Komfort, Geschwindigkeit und Sicherheit in einem kleinen Ger\u00e4t vereint.<\/p>\n<p>Fassen wir zusammen, warum die Inca Spin App die beste ist:<\/p>\n<ul>\n<li>Die Incaspin App konzentriert sich auf den Schutz Ihrer Daten.<\/li>\n<li>Im Vergleich zur Nutzung mobiler Browser bietet sie ein stabileres und schnelleres Erlebnis.<\/li>\n<li>Mit Echtzeit-Spielsynchronisierung, Live-Hilfe-Chat und Konto\u00fcberpr\u00fcfungen k\u00f6nnen Benutzer innerhalb der App problemlos alles tun, was sie ben\u00f6tigen.<\/li>\n<li>Die App funktioniert gut auf verschiedenen Bildschirmgr\u00f6\u00dfen von Smartphones und Tablets und ist daher einfach zu bedienen.<\/li>\n<\/ul>\n<p><div class=\"scrollable-content-wrap my-5\"><div class=\"scrollable-content-inner\"><h2>Incaspin Android App<\/h2>\n<p>Die Incaspin Casino Android-Anwendung ist eine progressive Webanwendung (PWA). Sie ist eine Alternative zu herk\u00f6mmlichen APK-Dateien \u2013 moderner und schlanker. Die L\u00f6sung erfordert kein Herunterladen und Installieren gro\u00dfer Dateien direkt auf Ihren Ger\u00e4ten, was den Zugriff vereinfacht und sicherer macht.<\/p>\n<p>Die Incaspin PWA ist \u00fcber jeden Android-Browser verf\u00fcgbar, einschlie\u00dflich Chrome und Firefox. Sie kann mit einem einzigen Tastendruck auf dem Startbildschirm angeheftet werden. Dies sorgt f\u00fcr ein cooles Spielerlebnis, ist schnell zu laden und kann in einigen F\u00e4llen auch offline genutzt werden.<\/p>\n<p>Da die Incaspin-Anwendung keine APK-Dateien mehr verwendet, gibt es automatische Updates im Browser, sodass die Spieler keine neuen Funktionen oder Sicherheitsverbesserungen verpassen. Die PWA kann auf hohe Leistung skaliert werden und ben\u00f6tigt nicht viel Speicherplatz. Sie eignet sich gut f\u00fcr Ger\u00e4te mit begrenztem Speicherplatz. Die App funktioniert auf allen Android-Ger\u00e4ten und jeder kann ein einzigartiges Spielerlebnis genie\u00dfen (egal ob Slots, Tischspiele oder Live-Dealer). Die Inca Spin App bleibt voll funktionsf\u00e4hig und unterst\u00fctzt Verifizierung, Live Chat und sichere Transaktionen.<\/p>\n<p><img loading=\"lazy\" decoding=\"async\" src=\"https:\/\/inca-spin.org\/wp-content\/uploads\/2026\/01\/Incaspin-Android.webp\" alt=\"Incaspin Android\" width=\"1248\" height=\"536\" \/><\/p>\n<\/div><\/div><div style=\"clear: both\"><\/div><div class=\"d-flex justify-content-center\"><button data-item=\"decouvrez_link\" data-group=\"website_links\" class=\"goto fw-bold rounded-pill btn btn-orange\" aria-label=\"Laden Sie die Incaspin-App herunter\" >Laden Sie die Incaspin-App herunter<\/button><\/div><div class=\"scrollable-content-wrap my-5\"><div class=\"scrollable-content-inner\"><h2>Incaspin iOS App<\/h2>\n<p>Incaspin Casino bietet eine einfache M\u00f6glichkeit, \u00fcber mobile Browser wie Safari auf iOS auf das Casino zuzugreifen. Wir wissen, dass nicht nur Apple-Besitzer Safari nutzen k\u00f6nnen, daher richtet sich diese Information grunds\u00e4tzlich an alle.<\/p>\n<ol>\n<li>Sie k\u00f6nnen die Incaspin Casino App durch den direkten Download der Anwendung auf der Website auf dem Startbildschirm platzieren, um ganz bequem auf die Plattform zuzugreifen.<\/li>\n<li>Scrollen Sie nach unten zur Fu\u00dfzeile.<\/li>\n<li>Klicken Sie auf die Schaltfl\u00e4che, die die Installation startet \u2013 das ist die \u201eCasino-App\u201d.<\/li>\n<li>Nach der Installation verh\u00e4lt sich die App wie eine native App und bietet vollen Zugriff auf die Spielbibliothek, den Live Chat und die Kontoverwaltung.<\/li>\n<\/ol>\n<p>Wie Sie sehen, bietet unsere webbasierte Anwendung eine sichere und optimierte Erfahrung, die der Desktop-Version entspricht. Alle wichtigen Funktionen sind in der iOS-App verf\u00fcgbar. Es gibt eine Synchronisierung der Spiele in Echtzeit, sichere Einzahlungen und den Verifizierungsprozess, wodurch das Spielerlebnis auf allen Ger\u00e4ten \u00e4hnlich ist. Das responsive Design garantiert Ihnen Zufriedenheit und ein reibungsloses und attraktives Spielvergn\u00fcgen.<\/p>\n<p><img loading=\"lazy\" decoding=\"async\" src=\"https:\/\/inca-spin.org\/wp-content\/uploads\/2026\/01\/Incaspin-iOS.webp\" alt=\"Incaspin iOS\" width=\"1248\" height=\"536\" \/><\/p>\n<\/div><\/div><div style=\"clear: both\"><\/div><div class=\"d-flex justify-content-center\"><button data-item=\"decouvrez_link\" data-group=\"website_links\" class=\"goto fw-bold rounded-pill btn btn-orange\" aria-label=\"Incaspin herunterladen\" >Incaspin herunterladen<\/button><\/div><div class=\"scrollable-content-wrap my-5\"><div class=\"scrollable-content-inner\"><h2>Windows- und macOS-Anwendungen<\/h2>\n<p>Incaspin Casino bietet nat\u00fcrlich auch eine Standardversion f\u00fcr diejenigen, die gerne auf Desktops spielen. Die Plattform ist mit Windows und macOS kompatibel, ohne dass zus\u00e4tzliche Software installiert werden muss. Sie haben schnellen und sicheren Zugriff. Als Abk\u00fcrzung:<\/p>\n<ol>\n<li>Windows-Benutzer: \u00d6ffnen Sie den Browser, gehen Sie zur Incaspin-Hauptseite, tippen Sie auf das Drei-Punkte-Men\u00fc und w\u00e4hlen Sie \u201eZum Desktop hinzuf\u00fcgen\u201d.<\/li>\n<li>Mac-Benutzer: Verwenden Sie Safari oder Chrome und w\u00e4hlen Sie dann den Men\u00fcpunkt \u201eHinzuf\u00fcgen\u201d.<\/li>\n<\/ol>\n<table>\n<tbody>\n<tr>\n<td>Funktion<\/td>\n<td>Desktop-Version<\/td>\n<td>Vorteile<\/td>\n<\/tr>\n<tr>\n<td>Verifizierungsverfahren<\/td>\n<td>Vor der Auszahlung<\/td>\n<td>Gew\u00e4hrleistet Sicherheit und ordnungsgem\u00e4\u00dfe Kontoverwaltung<\/td>\n<\/tr>\n<tr>\n<td>Sichere Kontoverwaltung<\/td>\n<td>Ja<\/td>\n<td>Sch\u00fctzt Benutzerkonten und Finanzdaten<\/td>\n<\/tr>\n<tr>\n<td>Live Chat-Dienste<\/td>\n<td>Verf\u00fcgbar<\/td>\n<td>Sofortige Unterst\u00fctzung und Hilfe<\/td>\n<\/tr>\n<tr>\n<td>Spielerlebnis<\/td>\n<td>Verbessert durch Nahaufnahmen und einfache Navigation<\/td>\n<td>Hochwertige Grafik und benutzerfreundliche Oberfl\u00e4che<\/td>\n<\/tr>\n<\/tbody>\n<\/table>\n<p><img loading=\"lazy\" decoding=\"async\" src=\"https:\/\/inca-spin.org\/wp-content\/uploads\/2026\/01\/Incaspin-Desktop.webp\" alt=\"Incaspin Desktop\" width=\"1248\" height=\"536\" \/><\/p>\n<\/div><\/div><div style=\"clear: both\"><\/div><div class=\"d-flex justify-content-center\"><button data-item=\"decouvrez_link\" data-group=\"website_links\" class=\"goto fw-bold rounded-pill btn btn-orange\" aria-label=\"Laden Sie die Incaspin-App herunter\" >Laden Sie die Incaspin-App herunter<\/button><\/div><div class=\"scrollable-content-wrap my-5\"><div class=\"scrollable-content-inner\"><h2>H\u00e4ufig gestellte Fragen<\/h2>\n<h3>Ist f\u00fcr die Nutzung der Inca Spin App die Erstellung eines Kontos erforderlich?<\/h3>\n<p>Wir m\u00fcssen Sie darauf hinweisen, dass Sie ein Konto erstellen m\u00fcssen, um alle Spiele spielen, Einzahlungen verwalten und an der Verifizierung teilnehmen zu k\u00f6nnen. Die Registrierung ist ebenfalls einfach und kann entweder innerhalb der Anwendung oder auf der Webseite selbst vorgenommen werden. Das ist in der Incaspin App sogar noch bequemer, als den Computer zu \u00f6ffnen, zu warten, bis alles geladen ist, und so weiter.<\/p>\n<h3>Bietet die Inca Spin Casino App Kundensupport?<\/h3>\n<p>Die Incaspin-Anwendung verf\u00fcgt \u00fcber einen Live Chat Support, der den direkten Kontakt mit dem Support-Team erm\u00f6glicht. Der 24\/7 Support bedeutet auch, dass die Spieler bei technischen Problemen oder Fragen zu ihren Konten zu jeder Tageszeit in ihrer Zeitzone rechtzeitig die notwendige Hilfe erhalten.<\/p>\n<h3>Wie kann ich die Incaspin Casino App aktualisieren?<\/h3>\n<p>Dar\u00fcber m\u00fcssen Sie sich keine Gedanken machen. Die Incaspin App, insbesondere die PWA-Version, wird automatisch \u00fcber den Browser aktualisiert, sodass die Spieler immer \u00fcber die neuesten Funktionen und Sicherheitspatches verf\u00fcgen. Bei Desktop-Verkn\u00fcpfungen sind keine weiteren Updates erforderlich, da sie mit der aktuellsten Online-Version verbunden sind. Der \u00dcberpr\u00fcfungsprozess von Incaspin Casino ist gut entwickelt, und Updates werden nicht wiederhergestellt oder manuell durchgef\u00fchrt.<\/p>\n<\/div><\/div><\/p>\n","protected":false},"excerpt":{"rendered":"<p>Incaspin Mobilplattform Die Incaspin App bietet allen Spielern ein interaktives und reibungsloses Spielerlebnis. Sie wurde speziell f\u00fcr die Verwendung mit mobilen Ger\u00e4ten entwickelt. Die Incaspin Casino App ist so konzipiert, dass sie mit ihren hochwertigen Funktionen, ihrer benutzerfreundlichen Oberfl\u00e4che und ihrem hohen Sicherheitsniveau den Anforderungen moderner Spieler gerecht wird. Wir bieten sofortigen Zugang zu einer [&hellip;]<\/p>\n","protected":false},"author":1,"featured_media":0,"parent":0,"menu_order":0,"comment_status":"closed","ping_status":"closed","template":"template-builder.php","meta":{"_acf_changed":false,"inline_featured_image":false,"footnotes":""},"class_list":["post-1418","page","type-page","status-publish","hentry"],"acf":[],"yoast_head":"<!-- This site is optimized with the Yoast SEO plugin v27.3 - https:\/\/yoast.com\/product\/yoast-seo-wordpress\/ -->\n<title>Incaspin App | iOS- und Android-Plattformen<\/title>\n<meta name=\"description\" content=\"Die Incaspin-App bietet reibungsloses Casino-Gaming auf Android, iOS, Windows und macOS mit synchronisierten Konten, regelm\u00e4\u00dfigen Updates und integriertem Kundensupport f\u00fcr ein stressfreies Erlebnis.\" \/>\n<meta name=\"robots\" content=\"index, follow, max-snippet:-1, max-image-preview:large, max-video-preview:-1\" \/>\n<link rel=\"canonical\" href=\"https:\/\/inca-spin.org\/de\/app\/\" \/>\n<meta property=\"og:locale\" content=\"de_DE\" \/>\n<meta property=\"og:type\" content=\"article\" \/>\n<meta property=\"og:title\" content=\"Incaspin App | iOS- und Android-Plattformen\" \/>\n<meta property=\"og:description\" content=\"Die Incaspin-App bietet reibungsloses Casino-Gaming auf Android, iOS, Windows und macOS mit synchronisierten Konten, regelm\u00e4\u00dfigen Updates und integriertem Kundensupport f\u00fcr ein stressfreies Erlebnis.\" \/>\n<meta property=\"og:url\" content=\"https:\/\/inca-spin.org\/de\/app\/\" \/>\n<meta property=\"og:site_name\" content=\"incaspin\" \/>\n<meta property=\"article:modified_time\" content=\"2026-01-26T08:54:18+00:00\" \/>\n<meta name=\"twitter:card\" content=\"summary_large_image\" \/>\n<meta name=\"twitter:label1\" content=\"Gesch\u00e4tzte Lesezeit\" \/>\n\t<meta name=\"twitter:data1\" content=\"2\u00a0Minuten\" \/>\n<script type=\"application\/ld+json\" class=\"yoast-schema-graph\">{\"@context\":\"https:\\\/\\\/schema.org\",\"@graph\":[{\"@type\":\"WebPage\",\"@id\":\"https:\\\/\\\/inca-spin.org\\\/de\\\/app\\\/\",\"url\":\"https:\\\/\\\/inca-spin.org\\\/de\\\/app\\\/\",\"name\":\"Incaspin App | iOS- und Android-Plattformen\",\"isPartOf\":{\"@id\":\"https:\\\/\\\/inca-spin.org\\\/de\\\/#website\"},\"datePublished\":\"2026-01-23T12:44:29+00:00\",\"dateModified\":\"2026-01-26T08:54:18+00:00\",\"description\":\"Die Incaspin-App bietet reibungsloses Casino-Gaming auf Android, iOS, Windows und macOS mit synchronisierten Konten, regelm\u00e4\u00dfigen Updates und integriertem Kundensupport f\u00fcr ein stressfreies Erlebnis.\",\"breadcrumb\":{\"@id\":\"https:\\\/\\\/inca-spin.org\\\/de\\\/app\\\/#breadcrumb\"},\"inLanguage\":\"de\",\"potentialAction\":[{\"@type\":\"ReadAction\",\"target\":[\"https:\\\/\\\/inca-spin.org\\\/de\\\/app\\\/\"]}]},{\"@type\":\"BreadcrumbList\",\"@id\":\"https:\\\/\\\/inca-spin.org\\\/de\\\/app\\\/#breadcrumb\",\"itemListElement\":[{\"@type\":\"ListItem\",\"position\":1,\"name\":\"Incaspin\",\"item\":\"https:\\\/\\\/inca-spin.org\\\/de\\\/\"},{\"@type\":\"ListItem\",\"position\":2,\"name\":\"App\"}]},{\"@type\":\"WebSite\",\"@id\":\"https:\\\/\\\/inca-spin.org\\\/de\\\/#website\",\"url\":\"https:\\\/\\\/inca-spin.org\\\/de\\\/\",\"name\":\"Incaspin\",\"description\":\"\",\"publisher\":{\"@id\":\"https:\\\/\\\/inca-spin.org\\\/de\\\/#organization\"},\"potentialAction\":[{\"@type\":\"SearchAction\",\"target\":{\"@type\":\"EntryPoint\",\"urlTemplate\":\"https:\\\/\\\/inca-spin.org\\\/de\\\/?s={search_term_string}\"},\"query-input\":{\"@type\":\"PropertyValueSpecification\",\"valueRequired\":true,\"valueName\":\"search_term_string\"}}],\"inLanguage\":\"de\"},{\"@type\":\"Organization\",\"@id\":\"https:\\\/\\\/inca-spin.org\\\/de\\\/#organization\",\"name\":\"Incaspin\",\"url\":\"https:\\\/\\\/inca-spin.org\\\/de\\\/\",\"logo\":{\"@type\":\"ImageObject\",\"inLanguage\":\"de\",\"@id\":\"https:\\\/\\\/inca-spin.org\\\/de\\\/#\\\/schema\\\/logo\\\/image\\\/\",\"url\":\"https:\\\/\\\/inca-spin.org\\\/wp-content\\\/uploads\\\/2026\\\/01\\\/Casino-logo-Desktop.png\",\"contentUrl\":\"https:\\\/\\\/inca-spin.org\\\/wp-content\\\/uploads\\\/2026\\\/01\\\/Casino-logo-Desktop.png\",\"width\":63,\"height\":24,\"caption\":\"Incaspin\"},\"image\":{\"@id\":\"https:\\\/\\\/inca-spin.org\\\/de\\\/#\\\/schema\\\/logo\\\/image\\\/\"}}]}<\/script>\n<!-- \/ Yoast SEO plugin. -->","yoast_head_json":{"title":"Incaspin App | iOS- und Android-Plattformen","description":"Die Incaspin-App bietet reibungsloses Casino-Gaming auf Android, iOS, Windows und macOS mit synchronisierten Konten, regelm\u00e4\u00dfigen Updates und integriertem Kundensupport f\u00fcr ein stressfreies Erlebnis.","robots":{"index":"index","follow":"follow","max-snippet":"max-snippet:-1","max-image-preview":"max-image-preview:large","max-video-preview":"max-video-preview:-1"},"canonical":"https:\/\/inca-spin.org\/de\/app\/","og_locale":"de_DE","og_type":"article","og_title":"Incaspin App | iOS- und Android-Plattformen","og_description":"Die Incaspin-App bietet reibungsloses Casino-Gaming auf Android, iOS, Windows und macOS mit synchronisierten Konten, regelm\u00e4\u00dfigen Updates und integriertem Kundensupport f\u00fcr ein stressfreies Erlebnis.","og_url":"https:\/\/inca-spin.org\/de\/app\/","og_site_name":"incaspin","article_modified_time":"2026-01-26T08:54:18+00:00","twitter_card":"summary_large_image","twitter_misc":{"Gesch\u00e4tzte Lesezeit":"2\u00a0Minuten"},"schema":{"@context":"https:\/\/schema.org","@graph":[{"@type":"WebPage","@id":"https:\/\/inca-spin.org\/de\/app\/","url":"https:\/\/inca-spin.org\/de\/app\/","name":"Incaspin App | iOS- und Android-Plattformen","isPartOf":{"@id":"https:\/\/inca-spin.org\/de\/#website"},"datePublished":"2026-01-23T12:44:29+00:00","dateModified":"2026-01-26T08:54:18+00:00","description":"Die Incaspin-App bietet reibungsloses Casino-Gaming auf Android, iOS, Windows und macOS mit synchronisierten Konten, regelm\u00e4\u00dfigen Updates und integriertem Kundensupport f\u00fcr ein stressfreies Erlebnis.","breadcrumb":{"@id":"https:\/\/inca-spin.org\/de\/app\/#breadcrumb"},"inLanguage":"de","potentialAction":[{"@type":"ReadAction","target":["https:\/\/inca-spin.org\/de\/app\/"]}]},{"@type":"BreadcrumbList","@id":"https:\/\/inca-spin.org\/de\/app\/#breadcrumb","itemListElement":[{"@type":"ListItem","position":1,"name":"Incaspin","item":"https:\/\/inca-spin.org\/de\/"},{"@type":"ListItem","position":2,"name":"App"}]},{"@type":"WebSite","@id":"https:\/\/inca-spin.org\/de\/#website","url":"https:\/\/inca-spin.org\/de\/","name":"Incaspin","description":"","publisher":{"@id":"https:\/\/inca-spin.org\/de\/#organization"},"potentialAction":[{"@type":"SearchAction","target":{"@type":"EntryPoint","urlTemplate":"https:\/\/inca-spin.org\/de\/?s={search_term_string}"},"query-input":{"@type":"PropertyValueSpecification","valueRequired":true,"valueName":"search_term_string"}}],"inLanguage":"de"},{"@type":"Organization","@id":"https:\/\/inca-spin.org\/de\/#organization","name":"Incaspin","url":"https:\/\/inca-spin.org\/de\/","logo":{"@type":"ImageObject","inLanguage":"de","@id":"https:\/\/inca-spin.org\/de\/#\/schema\/logo\/image\/","url":"https:\/\/inca-spin.org\/wp-content\/uploads\/2026\/01\/Casino-logo-Desktop.png","contentUrl":"https:\/\/inca-spin.org\/wp-content\/uploads\/2026\/01\/Casino-logo-Desktop.png","width":63,"height":24,"caption":"Incaspin"},"image":{"@id":"https:\/\/inca-spin.org\/de\/#\/schema\/logo\/image\/"}}]}},"_links":{"self":[{"href":"https:\/\/inca-spin.org\/de\/wp-json\/wp\/v2\/pages\/1418","targetHints":{"allow":["GET"]}}],"collection":[{"href":"https:\/\/inca-spin.org\/de\/wp-json\/wp\/v2\/pages"}],"about":[{"href":"https:\/\/inca-spin.org\/de\/wp-json\/wp\/v2\/types\/page"}],"author":[{"embeddable":true,"href":"https:\/\/inca-spin.org\/de\/wp-json\/wp\/v2\/users\/1"}],"replies":[{"embeddable":true,"href":"https:\/\/inca-spin.org\/de\/wp-json\/wp\/v2\/comments?post=1418"}],"version-history":[{"count":2,"href":"https:\/\/inca-spin.org\/de\/wp-json\/wp\/v2\/pages\/1418\/revisions"}],"predecessor-version":[{"id":1646,"href":"https:\/\/inca-spin.org\/de\/wp-json\/wp\/v2\/pages\/1418\/revisions\/1646"}],"wp:attachment":[{"href":"https:\/\/inca-spin.org\/de\/wp-json\/wp\/v2\/media?parent=1418"}],"curies":[{"name":"wp","href":"https:\/\/api.w.org\/{rel}","templated":true}]}}