{"id":1469,"date":"2026-01-23T12:50:08","date_gmt":"2026-01-23T12:50:08","guid":{"rendered":"https:\/\/inca-spin.org\/login-and-registration\/"},"modified":"2026-01-26T08:55:43","modified_gmt":"2026-01-26T08:55:43","slug":"anmeldung-und-registrierung","status":"publish","type":"page","link":"https:\/\/inca-spin.org\/de\/anmeldung-und-registrierung\/","title":{"rendered":"Anmeldung und Registrierung"},"content":{"rendered":"<h1>Anmeldung und Registrierung bei Incaspin<\/h1>\n<p>Die Registrierung und Incaspin Login bieten Ihnen ununterbrochenen Zugang zu einem der besten Online-Casino-Erlebnisse, die Sie jemals haben k\u00f6nnen! Alle Spieler haben die M\u00f6glichkeit, eine gro\u00dfe Auswahl an Spielen auf sichere und effiziente Weise zu genie\u00dfen. Wir bieten eine benutzerfreundliche Plattform zur Kontoverwaltung, sichere Zahlungsmethoden und ma\u00dfgeschneiderte Dienstleistungen, um jedes Spiel zu verbessern und Ihre F\u00e4higkeiten zu steigern.<\/p>\n<p><div class=\"banner-wrap\" aria-label=\"Banner\"><img src=\"https:\/\/inca-spin.org\/wp-content\/uploads\/2026\/01\/Incaspin-general-background-800\u2564\u0415342.webp\" class=\"w-100 d-none d-lg-block img-pc main-banner-img\" alt=\"Incaspin desktop banner\" fetchpriority=\"high\" decoding=\"async\"><img src=\"https:\/\/inca-spin.org\/wp-content\/uploads\/2026\/01\/Incaspin-mobile-banner.webp\" class=\"w-100 d-none d-md-block d-lg-none main-banner-img\" alt=\"Incaspin mobile banner\" fetchpriority=\"high\" decoding=\"async\"><img src=\"https:\/\/inca-spin.org\/wp-content\/uploads\/2026\/01\/Incaspin-mobile-banner.webp\" class=\"w-100 d-md-none\" alt=\"Incaspin mobile banner\" fetchpriority=\"high\" decoding=\"async\"><div class=\"banner-description\">\n<div class=\"banner-title\">Willkommensboni<\/div>\n<p class=\"banner-header-title\">\u20ac1500<\/p>\n<div class=\"banner-header-AdditionalText\">+ 250 Freispiele<\/div>\n<button data-item=\"homepage_banner_link\" class=\"goto m-button m-gradient-border m-button--primary m-button--large banner-button btn-orange\">\n            <div class=\"m-button-content\">\n                <span>Jetzt anmelden<\/span>\n                <span><\/span>\n            <\/div>\n        <\/button>\n<\/div>\n<div class=\"WelcomePack\">\n<p><img loading=\"lazy\" decoding=\"async\" class=\"alignnone size-full wp-image-1369\" src=\"https:\/\/inca-spin.org\/wp-content\/uploads\/2026\/01\/welcome-crown.png\" alt=\"welcome crown\" width=\"25\" height=\"26\" \/><\/p>\n<div class=\"WelcomePack-Info\">W\u00f6chentlicher Cashback von bis zu 25 %<\/div>\n<p><img loading=\"lazy\" decoding=\"async\" class=\"alignnone size-full wp-image-1369\" src=\"https:\/\/inca-spin.org\/wp-content\/uploads\/2026\/01\/welcome-crown.png\" alt=\"welcome crown\" width=\"25\" height=\"26\" \/><\/p>\n<\/div>\n<\/div><div class=\"scrollable-content-wrap my-5\"><div class=\"scrollable-content-inner\"><h2>Neuanmeldung bei Inca Spin<\/h2>\n<p>Wenn Sie sich bei Incaspin Casino anmelden, \u00f6ffnen Sie die T\u00fcren zu den maximalen M\u00f6glichkeiten unserer Website. Neue Spieler, die sich zum ersten Mal bei Incaspin anmelden, haben Anspruch auf eine gro\u00dfe Auswahl an Spielen, darunter Slots, Tischspiele, Live-Dealer-Spiele und Sonderaktionen. Die Registrierung ist ein Kinderspiel! Wir haben sie so gestaltet, dass sie besonders einfach und schnell ist. So k\u00f6nnen Spieler ihre Lieblingsspiele sofort nach der Erstellung ihres Kontos genie\u00dfen.<\/p>\n<h2>Erstellen Sie Ihr Konto<\/h2>\n<p>Mit nur wenigen Mausklicks k\u00f6nnen Sie Ihr eigenes Konto bei Incaspin erstellen. Und so geht&#8217;s:<\/p>\n<ol>\n<li>Suchen Sie den Registrierungsbutton auf der Startseite und klicken Sie darauf.<\/li>\n<li>F\u00fcllen Sie das Registrierungsformular mit Ihren pers\u00f6nlichen Daten aus, wie z. B. Ihrer E-Mail-Adresse und einem sicheren Passwort.<\/li>\n<li>Geben Sie Ihren Promo-Code ein, falls Sie einen haben.<\/li>\n<li>Setzen Sie ein H\u00e4kchen, wenn Sie \u00fcber Neuigkeiten aus unserem Casino informiert werden m\u00f6chten, und w\u00e4hlen Sie Ihre Partner aus.<\/li>\n<li>Kreuzen Sie an, dass Sie vollj\u00e4hrig sind \u2013 andernfalls k\u00f6nnen Sie bei uns nicht spielen.<\/li>\n<li>Akzeptieren Sie die Allgemeinen Gesch\u00e4ftsbedingungen und senden Sie das Registrierungsformular ab.<\/li>\n<\/ol>\n<p>Nach der Registrierung erhalten Sie eine Best\u00e4tigungs-E-Mail, um Ihr Konto zu authentifizieren. Dadurch werden Ihnen die M\u00f6glichkeiten von Incaspin Casino f\u00fcr Ihre erste Anmeldung bei Incaspin freigeschaltet.<\/p>\n<h2>Erstellen und Verwenden eines Incaspin-Kontos<\/h2>\n<p>Die erste Anmeldung bei Incaspin war noch nie so einfach!<\/p>\n<ol>\n<li>W\u00e4hlen Sie die Schaltfl\u00e4che \u201eAnmelden\u201c von Inca Spin in der oberen rechten Ecke.<\/li>\n<li>Sie sehen die Begr\u00fc\u00dfung \u201eWillkommen zur\u00fcck\u201c. Geben Sie die E-Mail-Adresse und das Passwort ein, mit denen Sie sich registriert haben.<\/li>\n<li>Klicken Sie auf die Schaltfl\u00e4che \u201eAnmelden\u201c bei Incaspin, um auf Ihr Konto zuzugreifen.<\/li>\n<\/ol>\n<p>Das war&#8217;s schon! Sobald Sie bei Incaspin Casino angemeldet sind, k\u00f6nnen Sie Einzahlungen vornehmen, Boni erhalten, an Werbeaktionen teilnehmen und Ihre Kontoeinstellungen \u00e4ndern.<\/p>\n<p>Unsere Incaspin Casino Website verf\u00fcgt \u00fcber ein einladendes und intuitives Dashboard \u2013 Sie werden sich nie verirren! Dar\u00fcber hinaus bieten wir Ihnen mehrsprachigen Support, damit Spieler die Plattform bequem nutzen k\u00f6nnen.<\/p>\n<p>Spieler k\u00f6nnen auch zus\u00e4tzliche Sicherheitsma\u00dfnahmen wie die Zwei-Faktor-Authentifizierung aktivieren, um ihre Konten zu sch\u00fctzen. Die regelm\u00e4\u00dfige \u00dcberpr\u00fcfung der Kontoaktivit\u00e4ten und pers\u00f6nlichen Daten tr\u00e4gt dazu bei, eine sichere Spielumgebung f\u00fcr Sie und Ihre Freunde in unserem Inca Spin Casino zu gew\u00e4hrleisten.<\/p>\n<h3>Haben Sie Ihr Incaspin Casino Passwort vergessen?<\/h3>\n<p>Die Kontowiederherstellung dauert weniger als eine Minute, falls Sie Ihr Passwort vergessen haben:<\/p>\n<ol>\n<li>Gehen Sie zum Anmeldebereich von Incaspin.<\/li>\n<li>Klicken Sie auf den Link \u201ePasswort vergessen?\u201c.<\/li>\n<li>Geben Sie Ihre E-Mail-Adresse ein, um einen Link zum Zur\u00fccksetzen zu erhalten.<\/li>\n<li>Um Ihr Passwort zu \u00e4ndern, folgen Sie bitte den Anweisungen in Ihrer E-Mail.<\/li>\n<\/ol>\n<p>Dies geschieht, um einen sicheren Zugriff und die Wiederherstellung Ihrer Anmeldedaten zu gew\u00e4hrleisten, damit Sie so schnell wie m\u00f6glich wieder auf Ihr Konto zugreifen k\u00f6nnen.<\/p>\n<h3>Kontoverifizierung und Sicherheit bei Incaspin Casino<\/h3>\n<p>Das Kontoverifizierungsverfahren bei Incaspin Casino ist notwendig, um Benutzerprofile zu sichern und gesetzliche Anforderungen zu erf\u00fcllen. Spieler k\u00f6nnen aufgefordert werden, ihre Identit\u00e4t bei der Registrierung oder bei wichtigen Transaktionen zu \u00fcberpr\u00fcfen.<\/p>\n<p>F\u00fcr die Verifizierung sind Ihre offiziellen Unterlagen erforderlich, um Ihre Identit\u00e4t, Ihr Alter und Ihre Adresse zu \u00fcberpr\u00fcfen. Bei den Dokumenten handelt es sich lediglich um solche, die Sie immer zur Hand haben \u2013 Ausweise, Stromrechnungen oder Kontoausz\u00fcge. Der Vorgang l\u00e4uft wie folgt ab:<\/p>\n<table>\n<tbody>\n<tr>\n<td>Schritt<\/td>\n<td>Aktion<\/td>\n<td>Details<\/td>\n<\/tr>\n<tr>\n<td>1<\/td>\n<td>Einreichen der Dokumente<\/td>\n<td>Originalausweis, Stromrechnung, Kontoauszug hochladen<\/td>\n<\/tr>\n<tr>\n<td>2<\/td>\n<td>Pr\u00fcfung<\/td>\n<td>Das Support Team pr\u00fcft die Dokumente innerhalb von 48 Stunden<\/td>\n<\/tr>\n<tr>\n<td>3<\/td>\n<td>Best\u00e4tigung der \u00dcberpr\u00fcfung<\/td>\n<td>Das Konto wird verifiziert und etwaige Einschr\u00e4nkungen werden aufgehoben<\/td>\n<\/tr>\n<\/tbody>\n<\/table>\n<p>Das Ergebnis dieses Prozesses sind verbesserte Sicherheit, weniger Betrug und verantwortungsbewusste Spielrichtlinien.<\/p>\n<h3>Wie kann ich mein Passwort oder meine E-Mail-Adresse \u00e4ndern?<\/h3>\n<p>Um Ihre Kontoinformationen zu aktualisieren, falls Sie einen Fehler gemacht haben oder sich Ihre Lebensumst\u00e4nde ge\u00e4ndert haben, gehen Sie einfach wie folgt vor:<\/p>\n<ol>\n<li>Beginnen Sie wie immer mit der Anmeldung bei Incaspin.<\/li>\n<li>Gehen Sie zum Abschnitt \u201eKontoeinstellungen\u201c.<\/li>\n<li>W\u00e4hlen Sie die Option zum \u00c4ndern Ihres Passworts oder Ihrer E-Mail-Adresse.<\/li>\n<li>Geben Sie die neuen Daten ein und best\u00e4tigen Sie alle \u00c4nderungen.<\/li>\n<\/ol>\n<p>Zur Sicherheit werden Sie m\u00f6glicherweise aufgefordert, sich vor Abschluss der Aktualisierung zu authentifizieren. Das ist \u00fcblich, also erschrecken Sie nicht. Wir machen das immer so.<\/p>\n<p>Es ist wichtig, die Kontaktdaten auf dem neuesten Stand zu halten, wenn sich die Umst\u00e4nde \u00e4ndern. Wir verstehen das, aber achten Sie dennoch auf unsere Benachrichtigungen und die Sicherheit des Kontos.<\/p>\n<h2>FAQ<\/h2>\n<h3>Wie f\u00fchre ich die Konto\u00fcberpr\u00fcfung durch?<\/h3>\n<p>Legen Sie die erforderlichen Identit\u00e4tsdokumente \u00fcber Ihr Konto-Dashboard vor. Diese werden kurz darauf von unserem Support Team \u00fcberpr\u00fcft. Auf diese Weise halten wir die gesetzlichen Anforderungen ein und sch\u00fctzen Sie und andere Mitglieder von Incaspin.<\/p>\n<h3>Wie kann ich mein Passwort oder meine E-Mail-Adresse aktualisieren?<\/h3>\n<p>Gehen Sie zu Ihren Kontoeinstellungen, w\u00e4hlen Sie die entsprechende Option (je nachdem, was Sie aktualisieren m\u00f6chten) und nehmen Sie dann die \u00c4nderungen vor. M\u00f6glicherweise ist eine Verifizierung erforderlich. Wenn Sie Probleme mit dem Vorgang haben, schreiben Sie uns einfach im Live-Chat \u2013 wir helfen Ihnen gerne weiter.<\/p>\n<h3>Wie kann ich den Kundensupport um Hilfe bitten?<\/h3>\n<p>Wenn Sie Hilfe ben\u00f6tigen, wenden Sie sich \u00fcber die Live Chat Funktion auf unserer Website oder per E-Mail an den Kundensupport. Wir stehen Ihnen bei Fragen oder Problemen, egal ob technischer oder finanzieller Natur, gerne zur Verf\u00fcgung. Z\u00f6gern Sie nicht, uns zu kontaktieren!<\/p>\n<\/div><\/div><\/p>\n","protected":false},"excerpt":{"rendered":"<p>Anmeldung und Registrierung bei Incaspin Die Registrierung und Incaspin Login bieten Ihnen ununterbrochenen Zugang zu einem der besten Online-Casino-Erlebnisse, die Sie jemals haben k\u00f6nnen! Alle Spieler haben die M\u00f6glichkeit, eine gro\u00dfe Auswahl an Spielen auf sichere und effiziente Weise zu genie\u00dfen. Wir bieten eine benutzerfreundliche Plattform zur Kontoverwaltung, sichere Zahlungsmethoden und ma\u00dfgeschneiderte Dienstleistungen, um jedes [&hellip;]<\/p>\n","protected":false},"author":1,"featured_media":0,"parent":0,"menu_order":0,"comment_status":"closed","ping_status":"closed","template":"template-builder.php","meta":{"_acf_changed":false,"inline_featured_image":false,"footnotes":""},"class_list":["post-1469","page","type-page","status-publish","hentry"],"acf":[],"yoast_head":"<!-- This site is optimized with the Yoast SEO plugin v27.3 - https:\/\/yoast.com\/product\/yoast-seo-wordpress\/ -->\n<title>Incaspin Login und Registrierung<\/title>\n<meta name=\"description\" content=\"Erstellen, verwalten und verifizieren Sie m\u00fchelos Ihr Incaspin Casino-Konto. Genie\u00dfen Sie eine schnelle Registrierung, einfache Kontowiederherstellung und sichere Schlie\u00dfung mit Incaspin Login, wodurch Ihr Konto rund um die Uhr gesch\u00fctzt ist.\" \/>\n<meta name=\"robots\" content=\"index, follow, max-snippet:-1, max-image-preview:large, max-video-preview:-1\" \/>\n<link rel=\"canonical\" href=\"https:\/\/inca-spin.org\/de\/anmeldung-und-registrierung\/\" \/>\n<meta property=\"og:locale\" content=\"de_DE\" \/>\n<meta property=\"og:type\" content=\"article\" \/>\n<meta property=\"og:title\" content=\"Incaspin Login und Registrierung\" \/>\n<meta property=\"og:description\" content=\"Erstellen, verwalten und verifizieren Sie m\u00fchelos Ihr Incaspin Casino-Konto. Genie\u00dfen Sie eine schnelle Registrierung, einfache Kontowiederherstellung und sichere Schlie\u00dfung mit Incaspin Login, wodurch Ihr Konto rund um die Uhr gesch\u00fctzt ist.\" \/>\n<meta property=\"og:url\" content=\"https:\/\/inca-spin.org\/de\/anmeldung-und-registrierung\/\" \/>\n<meta property=\"og:site_name\" content=\"incaspin\" \/>\n<meta property=\"article:modified_time\" content=\"2026-01-26T08:55:43+00:00\" \/>\n<meta name=\"twitter:card\" content=\"summary_large_image\" \/>\n<meta name=\"twitter:label1\" content=\"Gesch\u00e4tzte Lesezeit\" \/>\n\t<meta name=\"twitter:data1\" content=\"1\u00a0Minute\" \/>\n<script type=\"application\/ld+json\" class=\"yoast-schema-graph\">{\"@context\":\"https:\\\/\\\/schema.org\",\"@graph\":[{\"@type\":\"WebPage\",\"@id\":\"https:\\\/\\\/inca-spin.org\\\/de\\\/anmeldung-und-registrierung\\\/\",\"url\":\"https:\\\/\\\/inca-spin.org\\\/de\\\/anmeldung-und-registrierung\\\/\",\"name\":\"Incaspin Login und Registrierung\",\"isPartOf\":{\"@id\":\"https:\\\/\\\/inca-spin.org\\\/de\\\/#website\"},\"datePublished\":\"2026-01-23T12:50:08+00:00\",\"dateModified\":\"2026-01-26T08:55:43+00:00\",\"description\":\"Erstellen, verwalten und verifizieren Sie m\u00fchelos Ihr Incaspin Casino-Konto. Genie\u00dfen Sie eine schnelle Registrierung, einfache Kontowiederherstellung und sichere Schlie\u00dfung mit Incaspin Login, wodurch Ihr Konto rund um die Uhr gesch\u00fctzt ist.\",\"breadcrumb\":{\"@id\":\"https:\\\/\\\/inca-spin.org\\\/de\\\/anmeldung-und-registrierung\\\/#breadcrumb\"},\"inLanguage\":\"de\",\"potentialAction\":[{\"@type\":\"ReadAction\",\"target\":[\"https:\\\/\\\/inca-spin.org\\\/de\\\/anmeldung-und-registrierung\\\/\"]}]},{\"@type\":\"BreadcrumbList\",\"@id\":\"https:\\\/\\\/inca-spin.org\\\/de\\\/anmeldung-und-registrierung\\\/#breadcrumb\",\"itemListElement\":[{\"@type\":\"ListItem\",\"position\":1,\"name\":\"Incaspin\",\"item\":\"https:\\\/\\\/inca-spin.org\\\/de\\\/\"},{\"@type\":\"ListItem\",\"position\":2,\"name\":\"Anmeldung und Registrierung\"}]},{\"@type\":\"WebSite\",\"@id\":\"https:\\\/\\\/inca-spin.org\\\/de\\\/#website\",\"url\":\"https:\\\/\\\/inca-spin.org\\\/de\\\/\",\"name\":\"Incaspin\",\"description\":\"\",\"publisher\":{\"@id\":\"https:\\\/\\\/inca-spin.org\\\/de\\\/#organization\"},\"potentialAction\":[{\"@type\":\"SearchAction\",\"target\":{\"@type\":\"EntryPoint\",\"urlTemplate\":\"https:\\\/\\\/inca-spin.org\\\/de\\\/?s={search_term_string}\"},\"query-input\":{\"@type\":\"PropertyValueSpecification\",\"valueRequired\":true,\"valueName\":\"search_term_string\"}}],\"inLanguage\":\"de\"},{\"@type\":\"Organization\",\"@id\":\"https:\\\/\\\/inca-spin.org\\\/de\\\/#organization\",\"name\":\"Incaspin\",\"url\":\"https:\\\/\\\/inca-spin.org\\\/de\\\/\",\"logo\":{\"@type\":\"ImageObject\",\"inLanguage\":\"de\",\"@id\":\"https:\\\/\\\/inca-spin.org\\\/de\\\/#\\\/schema\\\/logo\\\/image\\\/\",\"url\":\"https:\\\/\\\/inca-spin.org\\\/wp-content\\\/uploads\\\/2026\\\/01\\\/Casino-logo-Desktop.png\",\"contentUrl\":\"https:\\\/\\\/inca-spin.org\\\/wp-content\\\/uploads\\\/2026\\\/01\\\/Casino-logo-Desktop.png\",\"width\":63,\"height\":24,\"caption\":\"Incaspin\"},\"image\":{\"@id\":\"https:\\\/\\\/inca-spin.org\\\/de\\\/#\\\/schema\\\/logo\\\/image\\\/\"}}]}<\/script>\n<!-- \/ Yoast SEO plugin. -->","yoast_head_json":{"title":"Incaspin Login und Registrierung","description":"Erstellen, verwalten und verifizieren Sie m\u00fchelos Ihr Incaspin Casino-Konto. Genie\u00dfen Sie eine schnelle Registrierung, einfache Kontowiederherstellung und sichere Schlie\u00dfung mit Incaspin Login, wodurch Ihr Konto rund um die Uhr gesch\u00fctzt ist.","robots":{"index":"index","follow":"follow","max-snippet":"max-snippet:-1","max-image-preview":"max-image-preview:large","max-video-preview":"max-video-preview:-1"},"canonical":"https:\/\/inca-spin.org\/de\/anmeldung-und-registrierung\/","og_locale":"de_DE","og_type":"article","og_title":"Incaspin Login und Registrierung","og_description":"Erstellen, verwalten und verifizieren Sie m\u00fchelos Ihr Incaspin Casino-Konto. Genie\u00dfen Sie eine schnelle Registrierung, einfache Kontowiederherstellung und sichere Schlie\u00dfung mit Incaspin Login, wodurch Ihr Konto rund um die Uhr gesch\u00fctzt ist.","og_url":"https:\/\/inca-spin.org\/de\/anmeldung-und-registrierung\/","og_site_name":"incaspin","article_modified_time":"2026-01-26T08:55:43+00:00","twitter_card":"summary_large_image","twitter_misc":{"Gesch\u00e4tzte Lesezeit":"1\u00a0Minute"},"schema":{"@context":"https:\/\/schema.org","@graph":[{"@type":"WebPage","@id":"https:\/\/inca-spin.org\/de\/anmeldung-und-registrierung\/","url":"https:\/\/inca-spin.org\/de\/anmeldung-und-registrierung\/","name":"Incaspin Login und Registrierung","isPartOf":{"@id":"https:\/\/inca-spin.org\/de\/#website"},"datePublished":"2026-01-23T12:50:08+00:00","dateModified":"2026-01-26T08:55:43+00:00","description":"Erstellen, verwalten und verifizieren Sie m\u00fchelos Ihr Incaspin Casino-Konto. Genie\u00dfen Sie eine schnelle Registrierung, einfache Kontowiederherstellung und sichere Schlie\u00dfung mit Incaspin Login, wodurch Ihr Konto rund um die Uhr gesch\u00fctzt ist.","breadcrumb":{"@id":"https:\/\/inca-spin.org\/de\/anmeldung-und-registrierung\/#breadcrumb"},"inLanguage":"de","potentialAction":[{"@type":"ReadAction","target":["https:\/\/inca-spin.org\/de\/anmeldung-und-registrierung\/"]}]},{"@type":"BreadcrumbList","@id":"https:\/\/inca-spin.org\/de\/anmeldung-und-registrierung\/#breadcrumb","itemListElement":[{"@type":"ListItem","position":1,"name":"Incaspin","item":"https:\/\/inca-spin.org\/de\/"},{"@type":"ListItem","position":2,"name":"Anmeldung und Registrierung"}]},{"@type":"WebSite","@id":"https:\/\/inca-spin.org\/de\/#website","url":"https:\/\/inca-spin.org\/de\/","name":"Incaspin","description":"","publisher":{"@id":"https:\/\/inca-spin.org\/de\/#organization"},"potentialAction":[{"@type":"SearchAction","target":{"@type":"EntryPoint","urlTemplate":"https:\/\/inca-spin.org\/de\/?s={search_term_string}"},"query-input":{"@type":"PropertyValueSpecification","valueRequired":true,"valueName":"search_term_string"}}],"inLanguage":"de"},{"@type":"Organization","@id":"https:\/\/inca-spin.org\/de\/#organization","name":"Incaspin","url":"https:\/\/inca-spin.org\/de\/","logo":{"@type":"ImageObject","inLanguage":"de","@id":"https:\/\/inca-spin.org\/de\/#\/schema\/logo\/image\/","url":"https:\/\/inca-spin.org\/wp-content\/uploads\/2026\/01\/Casino-logo-Desktop.png","contentUrl":"https:\/\/inca-spin.org\/wp-content\/uploads\/2026\/01\/Casino-logo-Desktop.png","width":63,"height":24,"caption":"Incaspin"},"image":{"@id":"https:\/\/inca-spin.org\/de\/#\/schema\/logo\/image\/"}}]}},"_links":{"self":[{"href":"https:\/\/inca-spin.org\/de\/wp-json\/wp\/v2\/pages\/1469","targetHints":{"allow":["GET"]}}],"collection":[{"href":"https:\/\/inca-spin.org\/de\/wp-json\/wp\/v2\/pages"}],"about":[{"href":"https:\/\/inca-spin.org\/de\/wp-json\/wp\/v2\/types\/page"}],"author":[{"embeddable":true,"href":"https:\/\/inca-spin.org\/de\/wp-json\/wp\/v2\/users\/1"}],"replies":[{"embeddable":true,"href":"https:\/\/inca-spin.org\/de\/wp-json\/wp\/v2\/comments?post=1469"}],"version-history":[{"count":1,"href":"https:\/\/inca-spin.org\/de\/wp-json\/wp\/v2\/pages\/1469\/revisions"}],"predecessor-version":[{"id":1647,"href":"https:\/\/inca-spin.org\/de\/wp-json\/wp\/v2\/pages\/1469\/revisions\/1647"}],"wp:attachment":[{"href":"https:\/\/inca-spin.org\/de\/wp-json\/wp\/v2\/media?parent=1469"}],"curies":[{"name":"wp","href":"https:\/\/api.w.org\/{rel}","templated":true}]}}