{"id":1426,"date":"2026-01-23T12:44:29","date_gmt":"2026-01-23T12:44:29","guid":{"rendered":"https:\/\/inca-spin.org\/app\/"},"modified":"2026-01-26T12:07:51","modified_gmt":"2026-01-26T12:07:51","slug":"aplicacion","status":"publish","type":"page","link":"https:\/\/inca-spin.org\/es\/aplicacion\/","title":{"rendered":"Aplicaci\u00f3n"},"content":{"rendered":"<h1>Plataforma m\u00f3vil Incaspin<\/h1>\n<p>Incaspin app ofrece una experiencia de juego interactiva y fluida para todos los jugadores. Est\u00e1 especialmente dise\u00f1ada para funcionar con dispositivos m\u00f3viles. La app Incaspin Casino est\u00e1 hecha de tal manera que se adapta a los jugadores espa\u00f1oles gracias a sus caracter\u00edsticas de alta calidad, su interfaz f\u00e1cil de usar y sus altos niveles de seguridad.<\/p>\n<p>Ofrecemos acceso inmediato a una amplia gama de tragamonedas en l\u00ednea, tarjetas rasca y gana, otros juegos de mesa y juegos con crupier en vivo, para que nuestros jugadores puedan entretenerse en cualquier momento. Incaspin app ofrece los juegos de casino m\u00f3vil del m\u00e1s alto nivel, respaldados por la \u00faltima tecnolog\u00eda.<\/p>\n<div class=\"banner-wrap\" aria-label=\"Banner\"><img src=\"https:\/\/inca-spin.org\/wp-content\/uploads\/2026\/01\/Incaspin-general-background-800\u2564\u0415342.webp\" class=\"w-100 d-none d-lg-block img-pc main-banner-img\" alt=\"Incaspin desktop banner\" fetchpriority=\"high\" decoding=\"async\"><img src=\"https:\/\/inca-spin.org\/wp-content\/uploads\/2026\/01\/Incaspin-mobile-banner.webp\" class=\"w-100 d-none d-md-block d-lg-none main-banner-img\" alt=\"Incaspin mobile banner\" fetchpriority=\"high\" decoding=\"async\"><img src=\"https:\/\/inca-spin.org\/wp-content\/uploads\/2026\/01\/Incaspin-mobile-banner.webp\" class=\"w-100 d-md-none\" alt=\"Incaspin mobile banner\" fetchpriority=\"high\" decoding=\"async\"><div class=\"banner-description\">\n<div class=\"banner-title\">Bonos de bienvenida<\/div>\n<p class=\"banner-header-title\">\u20ac1500<\/p>\n<div class=\"banner-header-AdditionalText\">+ 250 Tiradas gratis<\/div>\n<button data-item=\"homepage_banner_link\" class=\"goto m-button m-gradient-border m-button--primary m-button--large banner-button btn-orange\">\n            <div class=\"m-button-content\">\n                <span>Reg\u00edstrate ahora<\/span>\n                <span><\/span>\n            <\/div>\n        <\/button>\n<\/div>\n<div class=\"WelcomePack\">\n<p><img loading=\"lazy\" decoding=\"async\" class=\"alignnone size-full wp-image-1369\" src=\"https:\/\/inca-spin.org\/wp-content\/uploads\/2026\/01\/welcome-crown.png\" alt=\"welcome crown\" width=\"25\" height=\"26\" \/><\/p>\n<div class=\"WelcomePack-Info\">Reembolso semanal de hasta el 25 %<\/div>\n<p><img loading=\"lazy\" decoding=\"async\" class=\"alignnone size-full wp-image-1369\" src=\"https:\/\/inca-spin.org\/wp-content\/uploads\/2026\/01\/welcome-crown.png\" alt=\"welcome crown\" width=\"25\" height=\"26\" \/><\/p>\n<\/div>\n<\/div>\n<h2>Usar Incaspin en el m\u00f3vil<\/h2>\n<p>La aplicaci\u00f3n Incaspin est\u00e1 dise\u00f1ada para mejorar el proceso de juego y es mejor que jugar solo a trav\u00e9s de navegadores en muchos aspectos importantes. La aplicaci\u00f3n est\u00e1 dedicada exclusivamente a tel\u00e9fonos. Garantiza tiempos de carga m\u00e1s r\u00e1pidos, gr\u00e1ficos m\u00e1s sencillos y un rendimiento mejorado en todos los dispositivos. \u00a1Su interfaz f\u00e1cil de usar tambi\u00e9n la hace muy intuitiva! Los jugadores de Incaspin Casino pueden hacer clic f\u00e1cilmente en los botones y seleccionar todas las opciones necesarias, y pueden encontrar sus juegos favoritos con poco o ning\u00fan esfuerzo.<\/p>\n<p>La aplicaci\u00f3n tambi\u00e9n es muy segura en lo que respecta a la informaci\u00f3n personal. Hemos creado alertas especiales de inicio de sesi\u00f3n y transacciones, adem\u00e1s de preservar su informaci\u00f3n financiera, para que no tenga que preocuparse cuando juegue. En comparaci\u00f3n con jugar a trav\u00e9s de un navegador m\u00f3vil, la aplicaci\u00f3n Incaspin es m\u00e1s estable y receptiva. Hay menos retrasos e interrupciones, y la experiencia de juego es m\u00e1s uniforme.<\/p>\n<p>Adem\u00e1s, la aplicaci\u00f3n Inca Spin ofrece funciones como la sincronizaci\u00f3n de juegos en tiempo real, asistencia por chat en vivo y verificaci\u00f3n de todas nuestras cuentas de Inca Spin. Todos estos elementos crean un entorno de juego seguro y eficiente. Resulta m\u00e1s f\u00e1cil gestionar la cuenta, depositar fondos y comunicarse con el servicio de atenci\u00f3n al cliente sin tener que salir de la aplicaci\u00f3n Incaspin. El software se adapta a cualquier pantalla de smartphone o tableta, lo que facilita su uso. En definitiva, la aplicaci\u00f3n Incaspin lleva el casino m\u00f3vil a un nuevo nivel, combinando comodidad, velocidad y seguridad en un peque\u00f1o dispositivo.<\/p>\n<p>Resumamos por qu\u00e9 la aplicaci\u00f3n Inca Spin es la mejor:<\/p>\n<ul>\n<li>La aplicaci\u00f3n Incaspin se centra en la protecci\u00f3n de tus datos.<\/li>\n<li>Ofrece una experiencia m\u00e1s estable y r\u00e1pida en comparaci\u00f3n con el uso de navegadores m\u00f3viles.<\/li>\n<li>Con la sincronizaci\u00f3n de juegos en tiempo real, el chat de ayuda en vivo y las comprobaciones de cuenta, los usuarios pueden hacer lo que necesitan dentro de la aplicaci\u00f3n sin problemas.<\/li>\n<li>La aplicaci\u00f3n funciona bien en diferentes tama\u00f1os de pantalla de tel\u00e9fonos y tabletas, por lo que es f\u00e1cil de usar.<\/li>\n<\/ul>\n<p><div class=\"scrollable-content-wrap my-5\"><div class=\"scrollable-content-inner\"><h2>Aplicaci\u00f3n m\u00f3vil Incaspin para Android<\/h2>\n<p>La aplicaci\u00f3n Incaspin Casino para Android es una aplicaci\u00f3n web progresiva (PWA). Es una alternativa a los archivos APK tradicionales, m\u00e1s moderna y ligera. La soluci\u00f3n no requiere descargar e instalar archivos grandes directamente en tus dispositivos, lo que simplifica el acceso y lo hace m\u00e1s seguro.<\/p>\n<p>La PWA de Incaspin est\u00e1 disponible a trav\u00e9s de cualquier navegador Android, incluidos Chrome y Firefox. Se puede anclar en la pantalla de inicio con solo pulsar un bot\u00f3n. Esto proporciona una experiencia de juego agradable, se carga r\u00e1pidamente y, en algunos casos, se puede utilizar sin conexi\u00f3n.<\/p>\n<p>Como la aplicaci\u00f3n Incaspin ya no utiliza los archivos APK, habr\u00e1 actualizaciones autom\u00e1ticas en el navegador y los jugadores nunca se perder\u00e1n ninguna nueva funci\u00f3n o mejora de seguridad. La PWA se puede escalar a un alto rendimiento y no necesita mucho almacenamiento. Se adapta bien a dispositivos con almacenamiento limitado. La aplicaci\u00f3n funciona en todos los dispositivos Android y todo el mundo puede disfrutar de una experiencia de juego \u00fanica (ya sean tragamonedas, juegos de mesa o crupieres en vivo). La aplicaci\u00f3n Inca Spin puede seguir siendo totalmente funcional con soporte para verificaci\u00f3n, chat en vivo y transacciones seguras.<\/p>\n<p><img loading=\"lazy\" decoding=\"async\" src=\"https:\/\/inca-spin.org\/wp-content\/uploads\/2026\/01\/Incaspin-Android.webp\" alt=\"Incaspin Android\" width=\"1248\" height=\"536\" \/><\/p>\n<\/div><\/div><div style=\"clear: both\"><\/div><div class=\"d-flex justify-content-center\"><button data-item=\"decouvrez_link\" data-group=\"website_links\" class=\"goto fw-bold rounded-pill btn btn-orange\" aria-label=\"Descarga la aplicaci\u00f3n Incaspin\" >Descarga la aplicaci\u00f3n Incaspin<\/button><\/div><div class=\"scrollable-content-wrap my-5\"><div class=\"scrollable-content-inner\"><h2>Aplicaci\u00f3n m\u00f3vil Incaspin para iOS<\/h2>\n<p>Incaspin Casino ofrece una forma sencilla de acceder al casino a trav\u00e9s de navegadores m\u00f3viles, como Safari en iOS. Sabemos que no solo los propietarios de Apple pueden utilizar Safari, por lo que esta informaci\u00f3n es b\u00e1sicamente para todo el mundo.<\/p>\n<ol>\n<li>Puedes colocar la aplicaci\u00f3n Incaspin Casino en la pantalla de inicio mediante la descarga directa de la aplicaci\u00f3n en el sitio web para acceder a la plataforma de forma muy c\u00f3moda.<\/li>\n<li>Despl\u00e1cese hacia abajo hasta el pie de p\u00e1gina.<\/li>\n<li>Haga clic en el bot\u00f3n que inicia la instalaci\u00f3n, es decir, \u00abAplicaci\u00f3n del casino\u00bb.<\/li>\n<li>Despu\u00e9s de la instalaci\u00f3n, la aplicaci\u00f3n se comporta como una aplicaci\u00f3n nativa y proporciona acceso completo a la biblioteca de juegos, al chat en vivo y a la gesti\u00f3n de la cuenta.<\/li>\n<\/ol>\n<p>Como puede ver, nuestra aplicaci\u00f3n basada en la web ofrece una experiencia segura y optimizada que reproduce la de la versi\u00f3n de escritorio. Todas las funciones principales est\u00e1n disponibles en la aplicaci\u00f3n para iOS. Hay sincronizaci\u00f3n de juegos en tiempo real, dep\u00f3sitos seguros y proceso de verificaci\u00f3n, lo que hace que la experiencia de juego sea similar en todos los dispositivos. El dise\u00f1o responsivo garantiza su satisfacci\u00f3n y un juego fluido y atractivo.<\/p>\n<p><img loading=\"lazy\" decoding=\"async\" src=\"https:\/\/inca-spin.org\/wp-content\/uploads\/2026\/01\/Incaspin-iOS.webp\" alt=\"Incaspin iOS\" width=\"1248\" height=\"536\" \/><\/p>\n<\/div><\/div><div style=\"clear: both\"><\/div><div class=\"d-flex justify-content-center\"><button data-item=\"decouvrez_link\" data-group=\"website_links\" class=\"goto fw-bold rounded-pill btn btn-orange\" aria-label=\"Descargar Incaspin\" >Descargar Incaspin<\/button><\/div><div class=\"scrollable-content-wrap my-5\"><div class=\"scrollable-content-inner\"><h2>Aplicaciones para Windows y macOS<\/h2>\n<p>Incaspin Casino tiene una versi\u00f3n est\u00e1ndar para aquellos a los que les gusta jugar en ordenadores de sobremesa. La plataforma es compatible con Windows y macOS sin necesidad de instalar ning\u00fan software adicional. Tendr\u00e1s un acceso r\u00e1pido y seguro. Como atajo:<\/p>\n<ol>\n<li>Usuarios de Windows: abre el navegador, ve a la p\u00e1gina principal de Incaspin, pulsa el men\u00fa de tres puntos y selecciona \u00abA\u00f1adir al escritorio\u00bb.<\/li>\n<li>Usuarios de Mac: utiliza Safari o Chrome y selecciona la opci\u00f3n \u00abA\u00f1adir\u00bb del men\u00fa.<\/li>\n<\/ol>\n<table>\n<tbody>\n<tr>\n<td>Caracter\u00edstica<\/td>\n<td>Versi\u00f3n de escritorio<\/td>\n<td>Ventajas<\/td>\n<\/tr>\n<tr>\n<td>Procedimiento de verificaci\u00f3n<\/td>\n<td>Antes de la retirada<\/td>\n<td>Garantiza la seguridad y la gesti\u00f3n adecuada de la cuenta<\/td>\n<\/tr>\n<tr>\n<td>Gesti\u00f3n segura de la cuenta<\/td>\n<td>S\u00ed<\/td>\n<td>Protege las cuentas de los usuarios y la informaci\u00f3n financiera<\/td>\n<\/tr>\n<tr>\n<td>Servicios de chat en vivo<\/td>\n<td>Disponible<\/td>\n<td>Asistencia y ayuda inmediatas<\/td>\n<\/tr>\n<tr>\n<td>Experiencia de juego<\/td>\n<td>Mejorada con gr\u00e1ficos detallados y navegaci\u00f3n sencilla<\/td>\n<td>Im\u00e1genes de alta calidad y una interfaz f\u00e1cil de usar<\/td>\n<\/tr>\n<\/tbody>\n<\/table>\n<p><img loading=\"lazy\" decoding=\"async\" src=\"https:\/\/inca-spin.org\/wp-content\/uploads\/2026\/01\/Incaspin-Desktop.webp\" alt=\"Incaspin Desktop\" width=\"1248\" height=\"536\" \/><\/p>\n<\/div><\/div><div style=\"clear: both\"><\/div><div class=\"d-flex justify-content-center\"><button data-item=\"decouvrez_link\" data-group=\"website_links\" class=\"goto fw-bold rounded-pill btn btn-orange\" aria-label=\"Descarga la aplicaci\u00f3n Incaspin\" >Descarga la aplicaci\u00f3n Incaspin<\/button><\/div><div class=\"scrollable-content-wrap my-5\"><div class=\"scrollable-content-inner\"><h2>Preguntas frecuentes<\/h2>\n<h3>\u00bfEs necesario crear una cuenta para utilizar la aplicaci\u00f3n Inca Spin?<\/h3>\n<p>Debemos advertirle que para jugar a toda la gama de juegos, gestionar los dep\u00f3sitos y participar en la verificaci\u00f3n, deber\u00e1 crear una cuenta. El registro tambi\u00e9n es sencillo y se puede realizar tanto dentro de la aplicaci\u00f3n como en la propia p\u00e1gina web. Es incluso m\u00e1s c\u00f3modo en la aplicaci\u00f3n Incaspin que abrir el ordenador, esperar a que se cargue todo y todo eso.<\/p>\n<h3>\u00bfLa aplicaci\u00f3n Inca Spin Casino ofrece atenci\u00f3n al cliente?<\/h3>\n<p>La aplicaci\u00f3n Incaspin cuenta con un servicio de chat en vivo que permite contactar directamente con el equipo de asistencia. La asistencia 24\/7 tambi\u00e9n significa que los jugadores recibir\u00e1n la ayuda necesaria a tiempo en caso de problemas t\u00e9cnicos o preguntas relacionadas con sus cuentas en cualquier momento del d\u00eda en su zona horaria.<\/p>\n<h3>\u00bfC\u00f3mo puedo actualizar la aplicaci\u00f3n Incaspin Casino?<\/h3>\n<p>No hay que preocuparse por esto. La aplicaci\u00f3n Incaspin, y en particular la versi\u00f3n PWA, se actualiza autom\u00e1ticamente a trav\u00e9s del navegador, lo que garantiza que los jugadores dispongan de las \u00faltimas funciones y parches de seguridad. En el caso de los accesos directos del escritorio, no es necesaria ninguna actualizaci\u00f3n adicional, ya que est\u00e1n conectados a la versi\u00f3n en l\u00ednea m\u00e1s actualizada. El proceso de verificaci\u00f3n de Incaspin Casino est\u00e1 bien desarrollado y las actualizaciones no se restablecen ni se realizan manualmente.<\/p>\n<\/div><\/div><\/p>\n","protected":false},"excerpt":{"rendered":"<p>Plataforma m\u00f3vil Incaspin Incaspin app ofrece una experiencia de juego interactiva y fluida para todos los jugadores. Est\u00e1 especialmente dise\u00f1ada para funcionar con dispositivos m\u00f3viles. La app Incaspin Casino est\u00e1 hecha de tal manera que se adapta a los jugadores espa\u00f1oles gracias a sus caracter\u00edsticas de alta calidad, su interfaz f\u00e1cil de usar y sus [&hellip;]<\/p>\n","protected":false},"author":1,"featured_media":0,"parent":0,"menu_order":0,"comment_status":"closed","ping_status":"closed","template":"template-builder.php","meta":{"_acf_changed":false,"inline_featured_image":false,"footnotes":""},"class_list":["post-1426","page","type-page","status-publish","hentry"],"acf":[],"yoast_head":"<!-- This site is optimized with the Yoast SEO plugin v27.3 - https:\/\/yoast.com\/product\/yoast-seo-wordpress\/ -->\n<title>Incaspin App | Plataformas iOS y Android<\/title>\n<meta name=\"description\" content=\"La aplicaci\u00f3n Incaspin ofrece una experiencia de juego fluida en casinos para Android, iOS, Windows y macOS, con cuentas sincronizadas, actualizaciones peri\u00f3dicas y asistencia al cliente integrada para una experiencia sin complicaciones.\" \/>\n<meta name=\"robots\" content=\"index, follow, max-snippet:-1, max-image-preview:large, max-video-preview:-1\" \/>\n<link rel=\"canonical\" href=\"https:\/\/inca-spin.org\/es\/aplicacion\/\" \/>\n<meta property=\"og:locale\" content=\"es_ES\" \/>\n<meta property=\"og:type\" content=\"article\" \/>\n<meta property=\"og:title\" content=\"Incaspin App | Plataformas iOS y Android\" \/>\n<meta property=\"og:description\" content=\"La aplicaci\u00f3n Incaspin ofrece una experiencia de juego fluida en casinos para Android, iOS, Windows y macOS, con cuentas sincronizadas, actualizaciones peri\u00f3dicas y asistencia al cliente integrada para una experiencia sin complicaciones.\" \/>\n<meta property=\"og:url\" content=\"https:\/\/inca-spin.org\/es\/aplicacion\/\" \/>\n<meta property=\"og:site_name\" content=\"incaspin\" \/>\n<meta property=\"article:modified_time\" content=\"2026-01-26T12:07:51+00:00\" \/>\n<meta name=\"twitter:card\" content=\"summary_large_image\" \/>\n<meta name=\"twitter:label1\" content=\"Est. reading time\" \/>\n\t<meta name=\"twitter:data1\" content=\"3 minutes\" \/>\n<script type=\"application\/ld+json\" class=\"yoast-schema-graph\">{\"@context\":\"https:\\\/\\\/schema.org\",\"@graph\":[{\"@type\":\"WebPage\",\"@id\":\"https:\\\/\\\/inca-spin.org\\\/es\\\/aplicacion\\\/\",\"url\":\"https:\\\/\\\/inca-spin.org\\\/es\\\/aplicacion\\\/\",\"name\":\"Incaspin App | Plataformas iOS y Android\",\"isPartOf\":{\"@id\":\"https:\\\/\\\/inca-spin.org\\\/es\\\/#website\"},\"datePublished\":\"2026-01-23T12:44:29+00:00\",\"dateModified\":\"2026-01-26T12:07:51+00:00\",\"description\":\"La aplicaci\u00f3n Incaspin ofrece una experiencia de juego fluida en casinos para Android, iOS, Windows y macOS, con cuentas sincronizadas, actualizaciones peri\u00f3dicas y asistencia al cliente integrada para una experiencia sin complicaciones.\",\"breadcrumb\":{\"@id\":\"https:\\\/\\\/inca-spin.org\\\/es\\\/aplicacion\\\/#breadcrumb\"},\"inLanguage\":\"es-ES\",\"potentialAction\":[{\"@type\":\"ReadAction\",\"target\":[\"https:\\\/\\\/inca-spin.org\\\/es\\\/aplicacion\\\/\"]}]},{\"@type\":\"BreadcrumbList\",\"@id\":\"https:\\\/\\\/inca-spin.org\\\/es\\\/aplicacion\\\/#breadcrumb\",\"itemListElement\":[{\"@type\":\"ListItem\",\"position\":1,\"name\":\"Incaspin\",\"item\":\"https:\\\/\\\/inca-spin.org\\\/es\\\/\"},{\"@type\":\"ListItem\",\"position\":2,\"name\":\"Aplicaci\u00f3n\"}]},{\"@type\":\"WebSite\",\"@id\":\"https:\\\/\\\/inca-spin.org\\\/es\\\/#website\",\"url\":\"https:\\\/\\\/inca-spin.org\\\/es\\\/\",\"name\":\"Incaspin\",\"description\":\"\",\"publisher\":{\"@id\":\"https:\\\/\\\/inca-spin.org\\\/es\\\/#organization\"},\"potentialAction\":[{\"@type\":\"SearchAction\",\"target\":{\"@type\":\"EntryPoint\",\"urlTemplate\":\"https:\\\/\\\/inca-spin.org\\\/es\\\/?s={search_term_string}\"},\"query-input\":{\"@type\":\"PropertyValueSpecification\",\"valueRequired\":true,\"valueName\":\"search_term_string\"}}],\"inLanguage\":\"es-ES\"},{\"@type\":\"Organization\",\"@id\":\"https:\\\/\\\/inca-spin.org\\\/es\\\/#organization\",\"name\":\"Incaspin\",\"url\":\"https:\\\/\\\/inca-spin.org\\\/es\\\/\",\"logo\":{\"@type\":\"ImageObject\",\"inLanguage\":\"es-ES\",\"@id\":\"https:\\\/\\\/inca-spin.org\\\/es\\\/#\\\/schema\\\/logo\\\/image\\\/\",\"url\":\"https:\\\/\\\/inca-spin.org\\\/wp-content\\\/uploads\\\/2026\\\/01\\\/Casino-logo-Desktop.png\",\"contentUrl\":\"https:\\\/\\\/inca-spin.org\\\/wp-content\\\/uploads\\\/2026\\\/01\\\/Casino-logo-Desktop.png\",\"width\":63,\"height\":24,\"caption\":\"Incaspin\"},\"image\":{\"@id\":\"https:\\\/\\\/inca-spin.org\\\/es\\\/#\\\/schema\\\/logo\\\/image\\\/\"}}]}<\/script>\n<!-- \/ Yoast SEO plugin. -->","yoast_head_json":{"title":"Incaspin App | Plataformas iOS y Android","description":"La aplicaci\u00f3n Incaspin ofrece una experiencia de juego fluida en casinos para Android, iOS, Windows y macOS, con cuentas sincronizadas, actualizaciones peri\u00f3dicas y asistencia al cliente integrada para una experiencia sin complicaciones.","robots":{"index":"index","follow":"follow","max-snippet":"max-snippet:-1","max-image-preview":"max-image-preview:large","max-video-preview":"max-video-preview:-1"},"canonical":"https:\/\/inca-spin.org\/es\/aplicacion\/","og_locale":"es_ES","og_type":"article","og_title":"Incaspin App | Plataformas iOS y Android","og_description":"La aplicaci\u00f3n Incaspin ofrece una experiencia de juego fluida en casinos para Android, iOS, Windows y macOS, con cuentas sincronizadas, actualizaciones peri\u00f3dicas y asistencia al cliente integrada para una experiencia sin complicaciones.","og_url":"https:\/\/inca-spin.org\/es\/aplicacion\/","og_site_name":"incaspin","article_modified_time":"2026-01-26T12:07:51+00:00","twitter_card":"summary_large_image","twitter_misc":{"Est. reading time":"3 minutes"},"schema":{"@context":"https:\/\/schema.org","@graph":[{"@type":"WebPage","@id":"https:\/\/inca-spin.org\/es\/aplicacion\/","url":"https:\/\/inca-spin.org\/es\/aplicacion\/","name":"Incaspin App | Plataformas iOS y Android","isPartOf":{"@id":"https:\/\/inca-spin.org\/es\/#website"},"datePublished":"2026-01-23T12:44:29+00:00","dateModified":"2026-01-26T12:07:51+00:00","description":"La aplicaci\u00f3n Incaspin ofrece una experiencia de juego fluida en casinos para Android, iOS, Windows y macOS, con cuentas sincronizadas, actualizaciones peri\u00f3dicas y asistencia al cliente integrada para una experiencia sin complicaciones.","breadcrumb":{"@id":"https:\/\/inca-spin.org\/es\/aplicacion\/#breadcrumb"},"inLanguage":"es-ES","potentialAction":[{"@type":"ReadAction","target":["https:\/\/inca-spin.org\/es\/aplicacion\/"]}]},{"@type":"BreadcrumbList","@id":"https:\/\/inca-spin.org\/es\/aplicacion\/#breadcrumb","itemListElement":[{"@type":"ListItem","position":1,"name":"Incaspin","item":"https:\/\/inca-spin.org\/es\/"},{"@type":"ListItem","position":2,"name":"Aplicaci\u00f3n"}]},{"@type":"WebSite","@id":"https:\/\/inca-spin.org\/es\/#website","url":"https:\/\/inca-spin.org\/es\/","name":"Incaspin","description":"","publisher":{"@id":"https:\/\/inca-spin.org\/es\/#organization"},"potentialAction":[{"@type":"SearchAction","target":{"@type":"EntryPoint","urlTemplate":"https:\/\/inca-spin.org\/es\/?s={search_term_string}"},"query-input":{"@type":"PropertyValueSpecification","valueRequired":true,"valueName":"search_term_string"}}],"inLanguage":"es-ES"},{"@type":"Organization","@id":"https:\/\/inca-spin.org\/es\/#organization","name":"Incaspin","url":"https:\/\/inca-spin.org\/es\/","logo":{"@type":"ImageObject","inLanguage":"es-ES","@id":"https:\/\/inca-spin.org\/es\/#\/schema\/logo\/image\/","url":"https:\/\/inca-spin.org\/wp-content\/uploads\/2026\/01\/Casino-logo-Desktop.png","contentUrl":"https:\/\/inca-spin.org\/wp-content\/uploads\/2026\/01\/Casino-logo-Desktop.png","width":63,"height":24,"caption":"Incaspin"},"image":{"@id":"https:\/\/inca-spin.org\/es\/#\/schema\/logo\/image\/"}}]}},"_links":{"self":[{"href":"https:\/\/inca-spin.org\/es\/wp-json\/wp\/v2\/pages\/1426","targetHints":{"allow":["GET"]}}],"collection":[{"href":"https:\/\/inca-spin.org\/es\/wp-json\/wp\/v2\/pages"}],"about":[{"href":"https:\/\/inca-spin.org\/es\/wp-json\/wp\/v2\/types\/page"}],"author":[{"embeddable":true,"href":"https:\/\/inca-spin.org\/es\/wp-json\/wp\/v2\/users\/1"}],"replies":[{"embeddable":true,"href":"https:\/\/inca-spin.org\/es\/wp-json\/wp\/v2\/comments?post=1426"}],"version-history":[{"count":2,"href":"https:\/\/inca-spin.org\/es\/wp-json\/wp\/v2\/pages\/1426\/revisions"}],"predecessor-version":[{"id":1923,"href":"https:\/\/inca-spin.org\/es\/wp-json\/wp\/v2\/pages\/1426\/revisions\/1923"}],"wp:attachment":[{"href":"https:\/\/inca-spin.org\/es\/wp-json\/wp\/v2\/media?parent=1426"}],"curies":[{"name":"wp","href":"https:\/\/api.w.org\/{rel}","templated":true}]}}