{"id":1473,"date":"2026-01-23T12:50:08","date_gmt":"2026-01-23T12:50:08","guid":{"rendered":"https:\/\/inca-spin.org\/login-and-registration\/"},"modified":"2026-01-26T12:08:56","modified_gmt":"2026-01-26T12:08:56","slug":"inicio-de-sesion-y-registro","status":"publish","type":"page","link":"https:\/\/inca-spin.org\/es\/inicio-de-sesion-y-registro\/","title":{"rendered":"Inicio de sesi\u00f3n y Registro"},"content":{"rendered":"<h1>Inicio de sesi\u00f3n y registro en la cuenta de Incaspin<\/h1>\n<p>\u00a1La registraci\u00f3n y el Incaspin login ofrecen acceso ininterrumpido a una de las mejores experiencias de casino online que puedas tener! Los jugadores espa\u00f1oles tienen la oportunidad de disfrutar de una amplia gama de opciones de juego de forma segura y eficiente. Ofrecemos una plataforma de gesti\u00f3n de cuentas f\u00e1cil de usar, pagos seguros y servicios personalizados para mejorar cada juego y subir de nivel tus habilidades.<\/p>\n<p><div class=\"banner-wrap\" aria-label=\"Banner\"><img src=\"https:\/\/inca-spin.org\/wp-content\/uploads\/2026\/01\/Incaspin-general-background-800\u2564\u0415342.webp\" class=\"w-100 d-none d-lg-block img-pc main-banner-img\" alt=\"Incaspin desktop banner\" fetchpriority=\"high\" decoding=\"async\"><img src=\"https:\/\/inca-spin.org\/wp-content\/uploads\/2026\/01\/Incaspin-mobile-banner.webp\" class=\"w-100 d-none d-md-block d-lg-none main-banner-img\" alt=\"Incaspin mobile banner\" fetchpriority=\"high\" decoding=\"async\"><img src=\"https:\/\/inca-spin.org\/wp-content\/uploads\/2026\/01\/Incaspin-mobile-banner.webp\" class=\"w-100 d-md-none\" alt=\"Incaspin mobile banner\" fetchpriority=\"high\" decoding=\"async\"><div class=\"banner-description\">\n<div class=\"banner-title\">Bonos de bienvenida<\/div>\n<p class=\"banner-header-title\">\u20ac1500<\/p>\n<div class=\"banner-header-AdditionalText\">+ 250 Tiradas gratis<\/div>\n<button data-item=\"homepage_banner_link\" class=\"goto m-button m-gradient-border m-button--primary m-button--large banner-button btn-orange\">\n            <div class=\"m-button-content\">\n                <span>Reg\u00edstrate ahora<\/span>\n                <span><\/span>\n            <\/div>\n        <\/button>\n<\/div>\n<div class=\"WelcomePack\">\n<p><img loading=\"lazy\" decoding=\"async\" class=\"alignnone size-full wp-image-1369\" src=\"https:\/\/inca-spin.org\/wp-content\/uploads\/2026\/01\/welcome-crown.png\" alt=\"welcome crown\" width=\"25\" height=\"26\" \/><\/p>\n<div class=\"WelcomePack-Info\">Reembolso semanal de hasta el 25 %<\/div>\n<p><img loading=\"lazy\" decoding=\"async\" class=\"alignnone size-full wp-image-1369\" src=\"https:\/\/inca-spin.org\/wp-content\/uploads\/2026\/01\/welcome-crown.png\" alt=\"welcome crown\" width=\"25\" height=\"26\" \/><\/p>\n<\/div>\n<\/div><div class=\"scrollable-content-wrap my-5\"><div class=\"scrollable-content-inner\"><h2>Registro de nuevos usuarios en Inca Spin<\/h2>\n<p>Cuando te registras en Incaspin Casino, abres las puertas a todas las capacidades de nuestro sitio. Los nuevos jugadores que inician sesi\u00f3n por primera vez en Incaspin tienen derecho a una amplia selecci\u00f3n de juegos, incluyendo tragamonedas, juegos de mesa, juegos con crupier en vivo y promociones especiales. \u00a1El registro es muy sencillo! Lo hemos hecho as\u00ed, con el objetivo de que sea simple y r\u00e1pido. Permite a los jugadores disfrutar inmediatamente de sus juegos favoritos tan pronto como crean su cuenta.<\/p>\n<h2>Crea tu cuenta<\/h2>\n<p>Puede crear su propia cuenta en Incaspin con un par de clics del rat\u00f3n. As\u00ed es como se hace:<\/p>\n<ol>\n<li>Busca el bot\u00f3n de registro en la p\u00e1gina de inicio y selecci\u00f3nalo.<\/li>\n<li>Rellene el formulario de registro con su informaci\u00f3n personal, como su direcci\u00f3n de correo electr\u00f3nico y una contrase\u00f1a segura.<\/li>\n<li>Introduce tu c\u00f3digo promocional si lo tienes.<\/li>\n<li>Marca la casilla si deseas recibir noticias de nuestro casino y selecciona tus socios.<\/li>\n<li>Marque que no es menor de edad; de lo contrario, no podr\u00e1 jugar con nosotros.<\/li>\n<li>Acepta los t\u00e9rminos y condiciones y env\u00eda el formulario de registro.<\/li>\n<\/ol>\n<p>Despu\u00e9s del registro, recibir\u00e1s un correo electr\u00f3nico de confirmaci\u00f3n para autenticar tu cuenta. Al hacerlo, desbloquear\u00e1s las posibilidades de Incaspin Casino para tu primer inicio de sesi\u00f3n en Incaspin.<\/p>\n<h2>Crear y utilizar una cuenta de Incaspin<\/h2>\n<p>\u00a1Iniciar sesi\u00f3n por primera vez en Incaspin nunca ha sido tan f\u00e1cil!<\/p>\n<ol>\n<li>Seleccione el bot\u00f3n \u00abIniciar sesi\u00f3n\u00bb de Inca Spin en la esquina superior derecha.<\/li>\n<li>Ver\u00e1 el saludo \u00abBienvenido de nuevo\u00bb. Introduzca la direcci\u00f3n de correo electr\u00f3nico y la contrase\u00f1a que utiliz\u00f3 para registrarse.<\/li>\n<li>Haz clic en el bot\u00f3n de inicio de sesi\u00f3n de Incaspin para acceder a tu cuenta.<\/li>\n<\/ol>\n<p>\u00a1Y eso es todo! Una vez que hayas iniciado sesi\u00f3n en Incaspin Casino, podr\u00e1s realizar dep\u00f3sitos, obtener bonificaciones, participar en promociones y cambiar la configuraci\u00f3n de tu cuenta.<\/p>\n<p>Nuestro sitio web Incaspin Casino tiene un panel de control intuitivo y acogedor: \u00a1nunca te perder\u00e1s! Adem\u00e1s, te ofrecemos asistencia multiling\u00fce para que los jugadores puedan disfrutar c\u00f3modamente de la plataforma.<\/p>\n<p>Los jugadores tambi\u00e9n pueden habilitar medidas de seguridad adicionales, como la autenticaci\u00f3n de dos factores, para proteger sus cuentas. La verificaci\u00f3n peri\u00f3dica de la actividad de la cuenta y los datos personales ayuda a garantizar un entorno de juego seguro para usted y sus amigos en nuestro Inca Spin Casino.<\/p>\n<h3>\u00bfHa olvidado su contrase\u00f1a de Incaspin Casino?<\/h3>\n<p>La recuperaci\u00f3n de la cuenta te llevar\u00e1 menos de un minuto en caso de que pierdas tu contrase\u00f1a:<\/p>\n<ol>\n<li>Ve a la secci\u00f3n de inicio de sesi\u00f3n de Incaspin.<\/li>\n<li>Haz clic en el enlace \u00ab\u00bfHas olvidado tu contrase\u00f1a?\u00bb.<\/li>\n<li>Introduce tu direcci\u00f3n de correo electr\u00f3nico para recibir un enlace de restablecimiento.<\/li>\n<li>Para cambiar tu contrase\u00f1a, sigue las instrucciones que encontrar\u00e1s en tu correo electr\u00f3nico.<\/li>\n<\/ol>\n<p>Esto se hace para garantizar un acceso seguro y la recuperaci\u00f3n de las credenciales, donde tendr\u00e1 que acceder a su cuenta en el menor tiempo posible.<\/p>\n<h3>Verificaci\u00f3n y seguridad de la cuenta de Incaspin Casino<\/h3>\n<p>El procedimiento de verificaci\u00f3n de cuentas en Incaspin Casino es necesario para proteger los perfiles de los usuarios y cumplir con los requisitos legales. Se puede solicitar a los jugadores que verifiquen su identidad durante el registro o al realizar transacciones importantes.<\/p>\n<p>La verificaci\u00f3n requiere sus registros oficiales para verificar su identidad, edad y direcci\u00f3n. Los documentos son los que siempre tiene a mano: documentos de identidad, facturas de servicios p\u00fablicos o extractos bancarios. El proceso es el siguiente:<\/p>\n<table>\n<tbody>\n<tr>\n<td>Paso<\/td>\n<td>Acci\u00f3n<\/td>\n<td>Detalles<\/td>\n<\/tr>\n<tr>\n<td>1<\/td>\n<td>Env\u00edo de documentos<\/td>\n<td>Subir el documento de identidad original, la factura de servicios p\u00fablicos y el extracto bancario<\/td>\n<\/tr>\n<tr>\n<td>2<\/td>\n<td>Revisi\u00f3n<\/td>\n<td>El equipo de asistencia eval\u00faa los documentos en un plazo de 48 horas.<\/td>\n<\/tr>\n<tr>\n<td>3<\/td>\n<td>Confirmaci\u00f3n de la verificaci\u00f3n<\/td>\n<td>La cuenta se verifica y se eliminan las restricciones (si las hubiera).<\/td>\n<\/tr>\n<\/tbody>\n<\/table>\n<p>Los resultados de este proceso son una mayor seguridad, menos fraudes y pol\u00edticas de juego responsable.<\/p>\n<h3>\u00bfC\u00f3mo cambiar la contrase\u00f1a o la direcci\u00f3n de correo electr\u00f3nico?<\/h3>\n<p>Para renovar la informaci\u00f3n de su cuenta en caso de que haya cometido alg\u00fan error o haya habido cambios en su vida, solo tiene que hacer lo siguiente:<\/p>\n<ol>\n<li>Como siempre, comience por iniciar sesi\u00f3n en Incaspin.<\/li>\n<li>Ve a la secci\u00f3n de configuraci\u00f3n de la cuenta.<\/li>\n<li>Elige cambiar tu contrase\u00f1a o tu correo electr\u00f3nico.<\/li>\n<li>Introduce los nuevos datos y confirma todos los cambios.<\/li>\n<\/ol>\n<p>Por seguridad, es posible que se le solicite que se autentique antes de completar las actualizaciones. Es algo habitual, as\u00ed que no se alarme. Siempre lo hacemos.<\/p>\n<p>Es importante mantener los datos de contacto actualizados a medida que cambian las circunstancias. Lo entendemos, pero presta atenci\u00f3n a nuestras notificaciones y a la seguridad de la cuenta.<\/p>\n<h2>Preguntas frecuentes<\/h2>\n<h3>\u00bfC\u00f3mo realizo el proceso de verificaci\u00f3n de la cuenta?<\/h3>\n<p>Proporcione los documentos de identificaci\u00f3n necesarios a trav\u00e9s del panel de control de su cuenta. Nuestro equipo de asistencia los comprobar\u00e1 poco despu\u00e9s. De esta forma, cumplimos con los requisitos legales y protegemos tanto a usted como al resto de miembros de Incaspin.<\/p>\n<h3>\u00bfC\u00f3mo actualizo mi contrase\u00f1a o mi direcci\u00f3n de correo electr\u00f3nico?<\/h3>\n<p>Vaya a la configuraci\u00f3n de su cuenta y elija la opci\u00f3n adecuada (lo que desee actualizar) y, a continuaci\u00f3n, proceda a realizar los cambios. Es posible que sea necesaria una verificaci\u00f3n. Si tiene alg\u00fan problema con el proceso, escr\u00edbanos al chat en vivo y le ayudaremos.<\/p>\n<h3>\u00bfC\u00f3mo puedo ponerme en contacto con el servicio de atenci\u00f3n al cliente para obtener ayuda?<\/h3>\n<p>Si necesita ayuda, p\u00f3ngase en contacto con el servicio de atenci\u00f3n al cliente a trav\u00e9s del chat en vivo de nuestra p\u00e1gina web o por correo electr\u00f3nico. Estamos a su disposici\u00f3n para ayudarle con cualquier pregunta o problema, ya sea t\u00e9cnico o financiero. \u00a1No dude en ponerse en contacto con nosotros!<\/p>\n<\/div><\/div><\/p>\n","protected":false},"excerpt":{"rendered":"<p>Inicio de sesi\u00f3n y registro en la cuenta de Incaspin \u00a1La registraci\u00f3n y el Incaspin login ofrecen acceso ininterrumpido a una de las mejores experiencias de casino online que puedas tener! Los jugadores espa\u00f1oles tienen la oportunidad de disfrutar de una amplia gama de opciones de juego de forma segura y eficiente. Ofrecemos una plataforma [&hellip;]<\/p>\n","protected":false},"author":1,"featured_media":0,"parent":0,"menu_order":0,"comment_status":"closed","ping_status":"closed","template":"template-builder.php","meta":{"_acf_changed":false,"inline_featured_image":false,"footnotes":""},"class_list":["post-1473","page","type-page","status-publish","hentry"],"acf":[],"yoast_head":"<!-- This site is optimized with the Yoast SEO plugin v27.3 - https:\/\/yoast.com\/product\/yoast-seo-wordpress\/ -->\n<title>Incaspin Inicio de sesi\u00f3n y registro<\/title>\n<meta name=\"description\" content=\"Crea, gestiona y verifica tu cuenta de Incaspin Casino sin esfuerzo. Disfruta de un registro r\u00e1pido, una recuperaci\u00f3n de cuenta sencilla y un cierre seguro con Incaspin Login, que mantiene tu cuenta protegida las 24 horas del d\u00eda.\" \/>\n<meta name=\"robots\" content=\"index, follow, max-snippet:-1, max-image-preview:large, max-video-preview:-1\" \/>\n<link rel=\"canonical\" href=\"https:\/\/inca-spin.org\/es\/inicio-de-sesion-y-registro\/\" \/>\n<meta property=\"og:locale\" content=\"es_ES\" \/>\n<meta property=\"og:type\" content=\"article\" \/>\n<meta property=\"og:title\" content=\"Incaspin Inicio de sesi\u00f3n y registro\" \/>\n<meta property=\"og:description\" content=\"Crea, gestiona y verifica tu cuenta de Incaspin Casino sin esfuerzo. Disfruta de un registro r\u00e1pido, una recuperaci\u00f3n de cuenta sencilla y un cierre seguro con Incaspin Login, que mantiene tu cuenta protegida las 24 horas del d\u00eda.\" \/>\n<meta property=\"og:url\" content=\"https:\/\/inca-spin.org\/es\/inicio-de-sesion-y-registro\/\" \/>\n<meta property=\"og:site_name\" content=\"incaspin\" \/>\n<meta property=\"article:modified_time\" content=\"2026-01-26T12:08:56+00:00\" \/>\n<meta name=\"twitter:card\" content=\"summary_large_image\" \/>\n<meta name=\"twitter:label1\" content=\"Est. reading time\" \/>\n\t<meta name=\"twitter:data1\" content=\"1 minute\" \/>\n<script type=\"application\/ld+json\" class=\"yoast-schema-graph\">{\"@context\":\"https:\\\/\\\/schema.org\",\"@graph\":[{\"@type\":\"WebPage\",\"@id\":\"https:\\\/\\\/inca-spin.org\\\/es\\\/inicio-de-sesion-y-registro\\\/\",\"url\":\"https:\\\/\\\/inca-spin.org\\\/es\\\/inicio-de-sesion-y-registro\\\/\",\"name\":\"Incaspin Inicio de sesi\u00f3n y registro\",\"isPartOf\":{\"@id\":\"https:\\\/\\\/inca-spin.org\\\/es\\\/#website\"},\"datePublished\":\"2026-01-23T12:50:08+00:00\",\"dateModified\":\"2026-01-26T12:08:56+00:00\",\"description\":\"Crea, gestiona y verifica tu cuenta de Incaspin Casino sin esfuerzo. Disfruta de un registro r\u00e1pido, una recuperaci\u00f3n de cuenta sencilla y un cierre seguro con Incaspin Login, que mantiene tu cuenta protegida las 24 horas del d\u00eda.\",\"breadcrumb\":{\"@id\":\"https:\\\/\\\/inca-spin.org\\\/es\\\/inicio-de-sesion-y-registro\\\/#breadcrumb\"},\"inLanguage\":\"es-ES\",\"potentialAction\":[{\"@type\":\"ReadAction\",\"target\":[\"https:\\\/\\\/inca-spin.org\\\/es\\\/inicio-de-sesion-y-registro\\\/\"]}]},{\"@type\":\"BreadcrumbList\",\"@id\":\"https:\\\/\\\/inca-spin.org\\\/es\\\/inicio-de-sesion-y-registro\\\/#breadcrumb\",\"itemListElement\":[{\"@type\":\"ListItem\",\"position\":1,\"name\":\"Incaspin\",\"item\":\"https:\\\/\\\/inca-spin.org\\\/es\\\/\"},{\"@type\":\"ListItem\",\"position\":2,\"name\":\"Inicio de sesi\u00f3n y Registro\"}]},{\"@type\":\"WebSite\",\"@id\":\"https:\\\/\\\/inca-spin.org\\\/es\\\/#website\",\"url\":\"https:\\\/\\\/inca-spin.org\\\/es\\\/\",\"name\":\"Incaspin\",\"description\":\"\",\"publisher\":{\"@id\":\"https:\\\/\\\/inca-spin.org\\\/es\\\/#organization\"},\"potentialAction\":[{\"@type\":\"SearchAction\",\"target\":{\"@type\":\"EntryPoint\",\"urlTemplate\":\"https:\\\/\\\/inca-spin.org\\\/es\\\/?s={search_term_string}\"},\"query-input\":{\"@type\":\"PropertyValueSpecification\",\"valueRequired\":true,\"valueName\":\"search_term_string\"}}],\"inLanguage\":\"es-ES\"},{\"@type\":\"Organization\",\"@id\":\"https:\\\/\\\/inca-spin.org\\\/es\\\/#organization\",\"name\":\"Incaspin\",\"url\":\"https:\\\/\\\/inca-spin.org\\\/es\\\/\",\"logo\":{\"@type\":\"ImageObject\",\"inLanguage\":\"es-ES\",\"@id\":\"https:\\\/\\\/inca-spin.org\\\/es\\\/#\\\/schema\\\/logo\\\/image\\\/\",\"url\":\"https:\\\/\\\/inca-spin.org\\\/wp-content\\\/uploads\\\/2026\\\/01\\\/Casino-logo-Desktop.png\",\"contentUrl\":\"https:\\\/\\\/inca-spin.org\\\/wp-content\\\/uploads\\\/2026\\\/01\\\/Casino-logo-Desktop.png\",\"width\":63,\"height\":24,\"caption\":\"Incaspin\"},\"image\":{\"@id\":\"https:\\\/\\\/inca-spin.org\\\/es\\\/#\\\/schema\\\/logo\\\/image\\\/\"}}]}<\/script>\n<!-- \/ Yoast SEO plugin. -->","yoast_head_json":{"title":"Incaspin Inicio de sesi\u00f3n y registro","description":"Crea, gestiona y verifica tu cuenta de Incaspin Casino sin esfuerzo. Disfruta de un registro r\u00e1pido, una recuperaci\u00f3n de cuenta sencilla y un cierre seguro con Incaspin Login, que mantiene tu cuenta protegida las 24 horas del d\u00eda.","robots":{"index":"index","follow":"follow","max-snippet":"max-snippet:-1","max-image-preview":"max-image-preview:large","max-video-preview":"max-video-preview:-1"},"canonical":"https:\/\/inca-spin.org\/es\/inicio-de-sesion-y-registro\/","og_locale":"es_ES","og_type":"article","og_title":"Incaspin Inicio de sesi\u00f3n y registro","og_description":"Crea, gestiona y verifica tu cuenta de Incaspin Casino sin esfuerzo. Disfruta de un registro r\u00e1pido, una recuperaci\u00f3n de cuenta sencilla y un cierre seguro con Incaspin Login, que mantiene tu cuenta protegida las 24 horas del d\u00eda.","og_url":"https:\/\/inca-spin.org\/es\/inicio-de-sesion-y-registro\/","og_site_name":"incaspin","article_modified_time":"2026-01-26T12:08:56+00:00","twitter_card":"summary_large_image","twitter_misc":{"Est. reading time":"1 minute"},"schema":{"@context":"https:\/\/schema.org","@graph":[{"@type":"WebPage","@id":"https:\/\/inca-spin.org\/es\/inicio-de-sesion-y-registro\/","url":"https:\/\/inca-spin.org\/es\/inicio-de-sesion-y-registro\/","name":"Incaspin Inicio de sesi\u00f3n y registro","isPartOf":{"@id":"https:\/\/inca-spin.org\/es\/#website"},"datePublished":"2026-01-23T12:50:08+00:00","dateModified":"2026-01-26T12:08:56+00:00","description":"Crea, gestiona y verifica tu cuenta de Incaspin Casino sin esfuerzo. Disfruta de un registro r\u00e1pido, una recuperaci\u00f3n de cuenta sencilla y un cierre seguro con Incaspin Login, que mantiene tu cuenta protegida las 24 horas del d\u00eda.","breadcrumb":{"@id":"https:\/\/inca-spin.org\/es\/inicio-de-sesion-y-registro\/#breadcrumb"},"inLanguage":"es-ES","potentialAction":[{"@type":"ReadAction","target":["https:\/\/inca-spin.org\/es\/inicio-de-sesion-y-registro\/"]}]},{"@type":"BreadcrumbList","@id":"https:\/\/inca-spin.org\/es\/inicio-de-sesion-y-registro\/#breadcrumb","itemListElement":[{"@type":"ListItem","position":1,"name":"Incaspin","item":"https:\/\/inca-spin.org\/es\/"},{"@type":"ListItem","position":2,"name":"Inicio de sesi\u00f3n y Registro"}]},{"@type":"WebSite","@id":"https:\/\/inca-spin.org\/es\/#website","url":"https:\/\/inca-spin.org\/es\/","name":"Incaspin","description":"","publisher":{"@id":"https:\/\/inca-spin.org\/es\/#organization"},"potentialAction":[{"@type":"SearchAction","target":{"@type":"EntryPoint","urlTemplate":"https:\/\/inca-spin.org\/es\/?s={search_term_string}"},"query-input":{"@type":"PropertyValueSpecification","valueRequired":true,"valueName":"search_term_string"}}],"inLanguage":"es-ES"},{"@type":"Organization","@id":"https:\/\/inca-spin.org\/es\/#organization","name":"Incaspin","url":"https:\/\/inca-spin.org\/es\/","logo":{"@type":"ImageObject","inLanguage":"es-ES","@id":"https:\/\/inca-spin.org\/es\/#\/schema\/logo\/image\/","url":"https:\/\/inca-spin.org\/wp-content\/uploads\/2026\/01\/Casino-logo-Desktop.png","contentUrl":"https:\/\/inca-spin.org\/wp-content\/uploads\/2026\/01\/Casino-logo-Desktop.png","width":63,"height":24,"caption":"Incaspin"},"image":{"@id":"https:\/\/inca-spin.org\/es\/#\/schema\/logo\/image\/"}}]}},"_links":{"self":[{"href":"https:\/\/inca-spin.org\/es\/wp-json\/wp\/v2\/pages\/1473","targetHints":{"allow":["GET"]}}],"collection":[{"href":"https:\/\/inca-spin.org\/es\/wp-json\/wp\/v2\/pages"}],"about":[{"href":"https:\/\/inca-spin.org\/es\/wp-json\/wp\/v2\/types\/page"}],"author":[{"embeddable":true,"href":"https:\/\/inca-spin.org\/es\/wp-json\/wp\/v2\/users\/1"}],"replies":[{"embeddable":true,"href":"https:\/\/inca-spin.org\/es\/wp-json\/wp\/v2\/comments?post=1473"}],"version-history":[{"count":1,"href":"https:\/\/inca-spin.org\/es\/wp-json\/wp\/v2\/pages\/1473\/revisions"}],"predecessor-version":[{"id":1924,"href":"https:\/\/inca-spin.org\/es\/wp-json\/wp\/v2\/pages\/1473\/revisions\/1924"}],"wp:attachment":[{"href":"https:\/\/inca-spin.org\/es\/wp-json\/wp\/v2\/media?parent=1473"}],"curies":[{"name":"wp","href":"https:\/\/api.w.org\/{rel}","templated":true}]}}