{"id":1416,"date":"2026-01-23T12:44:29","date_gmt":"2026-01-23T12:44:29","guid":{"rendered":"https:\/\/inca-spin.org\/app\/"},"modified":"2026-01-26T08:08:18","modified_gmt":"2026-01-26T08:08:18","slug":"app","status":"publish","type":"page","link":"https:\/\/inca-spin.org\/fr\/app\/","title":{"rendered":"App"},"content":{"rendered":"<h1>Plateforme mobile Incaspin<\/h1>\n<p>Incaspin app offre une exp\u00e9rience de jeu interactive et fluide \u00e0 tous les joueurs. Elle est sp\u00e9cialement con\u00e7ue pour fonctionner avec les appareils mobiles. L\u2019application Incaspin Casino est con\u00e7ue de mani\u00e8re \u00e0 convenir aux joueurs gr\u00e2ce \u00e0 ses fonctionnalit\u00e9s de haute qualit\u00e9, son interface conviviale et ses niveaux de s\u00e9curit\u00e9 \u00e9lev\u00e9s.<\/p>\n<p>Nous offrons un acc\u00e8s imm\u00e9diat \u00e0 une vaste gamme de machines \u00e0 sous en ligne, de cartes \u00e0 gratter, d&rsquo;autres jeux de table et de jeux avec croupier en direct, afin que nos joueurs puissent se divertir \u00e0 tout moment. Incaspin app offre le plus haut niveau de jeux de casino mobile gr\u00e2ce aux derni\u00e8res technologies.<\/p>\n<div class=\"banner-wrap\" aria-label=\"Banner\"><img src=\"https:\/\/inca-spin.org\/wp-content\/uploads\/2026\/01\/Incaspin-general-background-800\u2564\u0415342.webp\" class=\"w-100 d-none d-lg-block img-pc main-banner-img\" alt=\"Incaspin desktop banner\" fetchpriority=\"high\" decoding=\"async\"><img src=\"https:\/\/inca-spin.org\/wp-content\/uploads\/2026\/01\/Incaspin-mobile-banner.webp\" class=\"w-100 d-none d-md-block d-lg-none main-banner-img\" alt=\"Incaspin mobile banner\" fetchpriority=\"high\" decoding=\"async\"><img src=\"https:\/\/inca-spin.org\/wp-content\/uploads\/2026\/01\/Incaspin-mobile-banner.webp\" class=\"w-100 d-md-none\" alt=\"Incaspin mobile banner\" fetchpriority=\"high\" decoding=\"async\"><div class=\"banner-description\">\n<div class=\"banner-title\">Bonus de bienvenue<\/div>\n<p class=\"banner-header-title\">\u20ac1500<\/p>\n<div class=\"banner-header-AdditionalText\">+ 250 Tours gratuits<\/div>\n<button data-item=\"homepage_banner_link\" class=\"goto m-button m-gradient-border m-button--primary m-button--large banner-button btn-orange\">\n            <div class=\"m-button-content\">\n                <span>Inscrivez-vous d\u00e8s maintenant<\/span>\n                <span><\/span>\n            <\/div>\n        <\/button>\n<\/div>\n<div class=\"WelcomePack\">\n<p><img loading=\"lazy\" decoding=\"async\" class=\"alignnone size-full wp-image-1369\" src=\"https:\/\/inca-spin.org\/wp-content\/uploads\/2026\/01\/welcome-crown.png\" alt=\"welcome crown\" width=\"25\" height=\"26\" \/><\/p>\n<div class=\"WelcomePack-Info\">Cashback hebdomadaire jusqu&rsquo;\u00e0 25 %<\/div>\n<p><img loading=\"lazy\" decoding=\"async\" class=\"alignnone size-full wp-image-1369\" src=\"https:\/\/inca-spin.org\/wp-content\/uploads\/2026\/01\/welcome-crown.png\" alt=\"welcome crown\" width=\"25\" height=\"26\" \/><\/p>\n<\/div>\n<\/div>\n<h2>Utilisation d&rsquo;Incaspin sur mobile<\/h2>\n<p>L&rsquo;application Incaspin est con\u00e7ue pour am\u00e9liorer le processus de jeu, et elle est sup\u00e9rieure \u00e0 la simple utilisation d&rsquo;un navigateur \u00e0 bien des \u00e9gards. L&rsquo;application est sp\u00e9cialement con\u00e7ue pour les t\u00e9l\u00e9phones. Elle garantit des temps de chargement plus rapides, des graphismes plus simples et des performances am\u00e9lior\u00e9es sur tous les appareils. Son interface conviviale la rend \u00e9galement tr\u00e8s facile \u00e0 utiliser ! Les joueurs d&rsquo;Incaspin Casino peuvent facilement cliquer sur les boutons et s\u00e9lectionner toutes les options requises, et ils peuvent trouver leurs jeux pr\u00e9f\u00e9r\u00e9s sans effort.<\/p>\n<p>L&rsquo;application est \u00e9galement tr\u00e8s s\u00e9curis\u00e9e en ce qui concerne les informations personnelles. Nous avons cr\u00e9\u00e9 des alertes sp\u00e9ciales pour la connexion et les transactions, et nous pr\u00e9servons vos informations financi\u00e8res, afin que vous n&rsquo;ayez pas \u00e0 vous inqui\u00e9ter lorsque vous jouez. Par rapport au jeu via un navigateur mobile, l&rsquo;application Incaspin est plus stable et plus r\u00e9active. Il y a moins de latence et d&rsquo;interruptions, et l&rsquo;exp\u00e9rience de jeu est plus uniforme.<\/p>\n<p>De plus, l&rsquo;application Inca Spin offre des fonctions telles que la synchronisation des jeux en temps r\u00e9el, l&rsquo;assistance par chat en direct et la v\u00e9rification de tous nos comptes Inca Spin. Tous ces \u00e9l\u00e9ments cr\u00e9ent un environnement de jeu s\u00fbr et efficace. Il devient plus facile de g\u00e9rer son compte, de d\u00e9poser des fonds et de communiquer avec le service client\u00e8le sans avoir \u00e0 quitter l&rsquo;application Incaspin. Le logiciel s&rsquo;adapte \u00e0 tous les \u00e9crans de smartphones ou de tablettes, ce qui le rend facile \u00e0 utiliser. Dans l&rsquo;ensemble, l&rsquo;application Incaspin fait passer le casino mobile \u00e0 un niveau sup\u00e9rieur, en combinant commodit\u00e9, rapidit\u00e9 et s\u00e9curit\u00e9 dans un petit appareil.<\/p>\n<p>R\u00e9sumons pourquoi l&rsquo;application Inca Spin est la meilleure :<\/p>\n<ul>\n<li>L&rsquo;application Incaspin met l&rsquo;accent sur la protection de vos donn\u00e9es.<\/li>\n<li>Elle offre une exp\u00e9rience plus stable et plus rapide que les navigateurs mobiles.<\/li>\n<li>Gr\u00e2ce \u00e0 la synchronisation des jeux en temps r\u00e9el, au chat d&rsquo;aide en direct et aux v\u00e9rifications de compte, les utilisateurs peuvent faire ce qu&rsquo;ils ont \u00e0 faire dans l&rsquo;application sans aucun probl\u00e8me.<\/li>\n<li>L&rsquo;application fonctionne bien sur diff\u00e9rentes tailles d&rsquo;\u00e9cran de t\u00e9l\u00e9phones et de tablettes, elle est donc facile \u00e0 utiliser.<\/li>\n<\/ul>\n<p><div class=\"scrollable-content-wrap my-5\"><div class=\"scrollable-content-inner\"><h2>Application mobile Incaspin pour Android<\/h2>\n<p>L&rsquo;application Android Incaspin Casino est une application web progressive (PWA). Elle constitue une alternative aux fichiers APK traditionnels, plus moderne et plus l\u00e9g\u00e8re. Cette solution ne n\u00e9cessite pas de t\u00e9l\u00e9charger et d&rsquo;installer des fichiers volumineux directement sur vos appareils, ce qui simplifie l&rsquo;acc\u00e8s et le rend plus s\u00fbr.<\/p>\n<p>La PWA Incaspin est disponible via n&rsquo;importe quel navigateur Android, y compris Chrome et Firefox. Elle peut \u00eatre \u00e9pingl\u00e9e sur l&rsquo;\u00e9cran d&rsquo;accueil d&rsquo;une simple pression sur un bouton. Elle offre une exp\u00e9rience de jeu agr\u00e9able, se charge rapidement et peut \u00eatre utilis\u00e9e hors ligne dans certains cas.<\/p>\n<p>Comme l&rsquo;application Incaspin n&rsquo;utilise plus les fichiers APK, les mises \u00e0 jour se font automatiquement dans le navigateur, et les joueurs ne manqueront jamais une nouvelle fonctionnalit\u00e9 ou une am\u00e9lioration de la s\u00e9curit\u00e9. La PWA peut \u00eatre optimis\u00e9e pour offrir des performances \u00e9lev\u00e9es et ne n\u00e9cessite pas beaucoup d&rsquo;espace de stockage. Elle est donc parfaitement adapt\u00e9e aux appareils dont la capacit\u00e9 de stockage est limit\u00e9e. L&rsquo;application fonctionne sur tous les appareils Android, et chacun peut profiter d&rsquo;une exp\u00e9rience de jeu unique (qu&rsquo;il s&rsquo;agisse de machines \u00e0 sous, de jeux de table ou de croupiers en direct). L&rsquo;application Inca Spin reste enti\u00e8rement fonctionnelle et prend en charge la v\u00e9rification, le chat en direct et les transactions s\u00e9curis\u00e9es.<\/p>\n<p><img loading=\"lazy\" decoding=\"async\" src=\"https:\/\/inca-spin.org\/wp-content\/uploads\/2026\/01\/Incaspin-Android.webp\" alt=\"Incaspin Android\" width=\"1248\" height=\"536\" \/><\/p>\n<\/div><\/div><div style=\"clear: both\"><\/div><div class=\"d-flex justify-content-center\"><button data-item=\"decouvrez_link\" data-group=\"website_links\" class=\"goto fw-bold rounded-pill btn btn-orange\" aria-label=\"T\u00e9l\u00e9chargez l&#039;application Incaspin\" >T\u00e9l\u00e9chargez l&#039;application Incaspin<\/button><\/div><div class=\"scrollable-content-wrap my-5\"><div class=\"scrollable-content-inner\"><h2>Application mobile Incaspin iOS<\/h2>\n<p>Incaspin Casino offre un moyen facile d&rsquo;acc\u00e9der au casino via les navigateurs mobiles, tels que Safari sur iOS. Nous savons que les propri\u00e9taires d&rsquo;appareils Apple ne sont pas les seuls \u00e0 pouvoir utiliser Safari, cette information s&rsquo;adresse donc \u00e0 tout le monde.<\/p>\n<ol>\n<li>Vous pouvez placer l&rsquo;application Incaspin Casino sur l&rsquo;\u00e9cran d&rsquo;accueil en la t\u00e9l\u00e9chargeant directement sur le site afin d&rsquo;acc\u00e9der \u00e0 la plateforme de mani\u00e8re tr\u00e8s pratique.<\/li>\n<li>Faites d\u00e9filer vers le bas jusqu&rsquo;au pied de page.<\/li>\n<li>Cliquez sur le bouton qui lance l&rsquo;installation, \u00e0 savoir \u00ab Casino App \u00bb.<\/li>\n<li>Une fois install\u00e9e, l&rsquo;application se comporte comme une application native et offre un acc\u00e8s complet \u00e0 la biblioth\u00e8que de jeux, au chat en direct et \u00e0 la gestion de compte.<\/li>\n<\/ol>\n<p>Comme vous pouvez le constater, notre application web offre une exp\u00e9rience s\u00fbre et simplifi\u00e9e qui reproduit celle d&rsquo;un ordinateur de bureau. Toutes les fonctions principales sont disponibles sur l&rsquo;application iOS. La synchronisation des jeux en temps r\u00e9el, la s\u00e9curit\u00e9 des d\u00e9p\u00f4ts et le processus de v\u00e9rification rendent l&rsquo;exp\u00e9rience de jeu similaire sur tous les appareils. La conception r\u00e9active vous garantit une satisfaction totale et un jeu fluide et attrayant.<\/p>\n<p><img loading=\"lazy\" decoding=\"async\" src=\"https:\/\/inca-spin.org\/wp-content\/uploads\/2026\/01\/Incaspin-iOS.webp\" alt=\"Incaspin iOS\" width=\"1248\" height=\"536\" \/><\/p>\n<\/div><\/div><div style=\"clear: both\"><\/div><div class=\"d-flex justify-content-center\"><button data-item=\"decouvrez_link\" data-group=\"website_links\" class=\"goto fw-bold rounded-pill btn btn-orange\" aria-label=\"T\u00e9l\u00e9charger Incaspin\" >T\u00e9l\u00e9charger Incaspin<\/button><\/div><div class=\"scrollable-content-wrap my-5\"><div class=\"scrollable-content-inner\"><h2>Applications Windows et macOS<\/h2>\n<p>Incaspin Casino propose bien s\u00fbr une version standard pour ceux qui aiment jouer sur ordinateur de bureau. La plateforme est compatible avec Windows et macOS sans qu&rsquo;il soit n\u00e9cessaire d&rsquo;installer de logiciel suppl\u00e9mentaire. Vous b\u00e9n\u00e9ficierez d&rsquo;un acc\u00e8s rapide et s\u00e9curis\u00e9. En bref :<\/p>\n<ol>\n<li>Utilisateurs Windows : ouvrez le navigateur, rendez-vous sur la page principale d&rsquo;Incaspin, appuyez sur le menu \u00e0 trois points et s\u00e9lectionnez \u00ab Ajouter au bureau \u00bb.<\/li>\n<li>Utilisateurs Mac : utilisez Safari ou Chrome, puis s\u00e9lectionnez l&rsquo;option \u00ab Ajouter \u00bb dans le menu.<\/li>\n<\/ol>\n<table>\n<tbody>\n<tr>\n<td>Fonctionnalit\u00e9<\/td>\n<td>Version bureau<\/td>\n<td>Avantages<\/td>\n<\/tr>\n<tr>\n<td>Proc\u00e9dure de v\u00e9rification<\/td>\n<td>Avant le retrait<\/td>\n<td>Garantit la s\u00e9curit\u00e9 et la bonne gestion du compte<\/td>\n<\/tr>\n<tr>\n<td>Gestion s\u00e9curis\u00e9e des comptes<\/td>\n<td>Oui<\/td>\n<td>Prot\u00e8ge les comptes utilisateurs et les informations financi\u00e8res<\/td>\n<\/tr>\n<tr>\n<td>Services de chat en direct<\/td>\n<td>Disponible<\/td>\n<td>Assistance et aide imm\u00e9diates<\/td>\n<\/tr>\n<tr>\n<td>Exp\u00e9rience de jeu<\/td>\n<td>Am\u00e9lior\u00e9e gr\u00e2ce \u00e0 des graphismes en gros plan et une navigation facile<\/td>\n<td>Visuels de haute qualit\u00e9 et interface conviviale<\/td>\n<\/tr>\n<\/tbody>\n<\/table>\n<p><img loading=\"lazy\" decoding=\"async\" src=\"https:\/\/inca-spin.org\/wp-content\/uploads\/2026\/01\/Incaspin-Desktop.webp\" alt=\"Incaspin Desktop\" width=\"1248\" height=\"536\" \/><\/p>\n<\/div><\/div><div style=\"clear: both\"><\/div><div class=\"d-flex justify-content-center\"><button data-item=\"decouvrez_link\" data-group=\"website_links\" class=\"goto fw-bold rounded-pill btn btn-orange\" aria-label=\"T\u00e9l\u00e9chargez l&#039;application Incaspin\" >T\u00e9l\u00e9chargez l&#039;application Incaspin<\/button><\/div><div class=\"scrollable-content-wrap my-5\"><div class=\"scrollable-content-inner\"><h2>FAQ<\/h2>\n<h3>Faut-il cr\u00e9er un compte pour utiliser l&rsquo;application Inca Spin ?<\/h3>\n<p>Nous devons vous avertir que pour jouer \u00e0 toute la gamme de jeux, g\u00e9rer vos d\u00e9p\u00f4ts et participer \u00e0 la v\u00e9rification, vous devrez cr\u00e9er un compte. L&rsquo;inscription est \u00e9galement simple et peut \u00eatre effectu\u00e9e soit dans l&rsquo;application, soit sur la page web elle-m\u00eame. C&rsquo;est encore plus pratique sur l&rsquo;application Incaspin que d&rsquo;ouvrir l&rsquo;ordinateur, d&rsquo;attendre que tout se charge, etc.<\/p>\n<h3>L&rsquo;application Inca Spin Casino offre-t-elle un service client ?<\/h3>\n<p>L&rsquo;application Incaspin dispose d&rsquo;un service d&rsquo;assistance par chat en direct qui permet de contacter directement l&rsquo;\u00e9quipe d&rsquo;assistance. L&rsquo;assistance 24 heures sur 24 et 7 jours sur 7 signifie \u00e9galement que les joueurs obtiendront l&rsquo;aide n\u00e9cessaire en temps voulu en cas de probl\u00e8mes techniques ou de questions concernant leurs comptes, \u00e0 tout moment de la journ\u00e9e dans leur fuseau horaire.<\/p>\n<h3>Comment puis-je mettre \u00e0 jour l&rsquo;application Incaspin Casino ?<\/h3>\n<p>Pas besoin de s&rsquo;inqui\u00e9ter \u00e0 ce sujet. L&rsquo;application Incaspin, et en particulier la version PWA, est automatiquement mise \u00e0 jour via le navigateur, ce qui garantit aux joueurs de disposer des derni\u00e8res fonctionnalit\u00e9s et correctifs de s\u00e9curit\u00e9. Dans le cas des raccourcis sur le bureau, aucune mise \u00e0 jour suppl\u00e9mentaire n&rsquo;est n\u00e9cessaire puisqu&rsquo;ils sont connect\u00e9s \u00e0 la version en ligne la plus r\u00e9cente. Le processus de v\u00e9rification d&rsquo;Incaspin Casino est bien d\u00e9velopp\u00e9 et les mises \u00e0 jour ne sont pas r\u00e9install\u00e9es ni effectu\u00e9es manuellement.<\/p>\n<\/div><\/div><\/p>\n","protected":false},"excerpt":{"rendered":"<p>Plateforme mobile Incaspin Incaspin app offre une exp\u00e9rience de jeu interactive et fluide \u00e0 tous les joueurs. Elle est sp\u00e9cialement con\u00e7ue pour fonctionner avec les appareils mobiles. L\u2019application Incaspin Casino est con\u00e7ue de mani\u00e8re \u00e0 convenir aux joueurs gr\u00e2ce \u00e0 ses fonctionnalit\u00e9s de haute qualit\u00e9, son interface conviviale et ses niveaux de s\u00e9curit\u00e9 \u00e9lev\u00e9s. Nous [&hellip;]<\/p>\n","protected":false},"author":1,"featured_media":0,"parent":0,"menu_order":0,"comment_status":"closed","ping_status":"closed","template":"template-builder.php","meta":{"_acf_changed":false,"inline_featured_image":false,"footnotes":""},"class_list":["post-1416","page","type-page","status-publish","hentry"],"acf":[],"yoast_head":"<!-- This site is optimized with the Yoast SEO plugin v27.3 - https:\/\/yoast.com\/product\/yoast-seo-wordpress\/ -->\n<title>Incaspin App | Plateformes iOS et Android<\/title>\n<meta name=\"description\" content=\"L&#039;application Incaspin offre une exp\u00e9rience de jeu fluide sur Android, iOS, Windows et macOS, avec des comptes synchronis\u00e9s, des mises \u00e0 jour r\u00e9guli\u00e8res et un service client int\u00e9gr\u00e9 pour une exp\u00e9rience sans souci.\" \/>\n<meta name=\"robots\" content=\"index, follow, max-snippet:-1, max-image-preview:large, max-video-preview:-1\" \/>\n<link rel=\"canonical\" href=\"https:\/\/inca-spin.org\/fr\/app\/\" \/>\n<meta property=\"og:locale\" content=\"fr_FR\" \/>\n<meta property=\"og:type\" content=\"article\" \/>\n<meta property=\"og:title\" content=\"Incaspin App | Plateformes iOS et Android\" \/>\n<meta property=\"og:description\" content=\"L&#039;application Incaspin offre une exp\u00e9rience de jeu fluide sur Android, iOS, Windows et macOS, avec des comptes synchronis\u00e9s, des mises \u00e0 jour r\u00e9guli\u00e8res et un service client int\u00e9gr\u00e9 pour une exp\u00e9rience sans souci.\" \/>\n<meta property=\"og:url\" content=\"https:\/\/inca-spin.org\/fr\/app\/\" \/>\n<meta property=\"og:site_name\" content=\"incaspin\" \/>\n<meta property=\"article:modified_time\" content=\"2026-01-26T08:08:18+00:00\" \/>\n<meta name=\"twitter:card\" content=\"summary_large_image\" \/>\n<meta name=\"twitter:label1\" content=\"Dur\u00e9e de lecture estim\u00e9e\" \/>\n\t<meta name=\"twitter:data1\" content=\"3 minutes\" \/>\n<script type=\"application\/ld+json\" class=\"yoast-schema-graph\">{\"@context\":\"https:\\\/\\\/schema.org\",\"@graph\":[{\"@type\":\"WebPage\",\"@id\":\"https:\\\/\\\/inca-spin.org\\\/fr\\\/app\\\/\",\"url\":\"https:\\\/\\\/inca-spin.org\\\/fr\\\/app\\\/\",\"name\":\"Incaspin App | Plateformes iOS et Android\",\"isPartOf\":{\"@id\":\"https:\\\/\\\/inca-spin.org\\\/fr\\\/#website\"},\"datePublished\":\"2026-01-23T12:44:29+00:00\",\"dateModified\":\"2026-01-26T08:08:18+00:00\",\"description\":\"L'application Incaspin offre une exp\u00e9rience de jeu fluide sur Android, iOS, Windows et macOS, avec des comptes synchronis\u00e9s, des mises \u00e0 jour r\u00e9guli\u00e8res et un service client int\u00e9gr\u00e9 pour une exp\u00e9rience sans souci.\",\"breadcrumb\":{\"@id\":\"https:\\\/\\\/inca-spin.org\\\/fr\\\/app\\\/#breadcrumb\"},\"inLanguage\":\"fr-FR\",\"potentialAction\":[{\"@type\":\"ReadAction\",\"target\":[\"https:\\\/\\\/inca-spin.org\\\/fr\\\/app\\\/\"]}]},{\"@type\":\"BreadcrumbList\",\"@id\":\"https:\\\/\\\/inca-spin.org\\\/fr\\\/app\\\/#breadcrumb\",\"itemListElement\":[{\"@type\":\"ListItem\",\"position\":1,\"name\":\"Incaspin\",\"item\":\"https:\\\/\\\/inca-spin.org\\\/fr\\\/\"},{\"@type\":\"ListItem\",\"position\":2,\"name\":\"App\"}]},{\"@type\":\"WebSite\",\"@id\":\"https:\\\/\\\/inca-spin.org\\\/fr\\\/#website\",\"url\":\"https:\\\/\\\/inca-spin.org\\\/fr\\\/\",\"name\":\"Incaspin\",\"description\":\"\",\"publisher\":{\"@id\":\"https:\\\/\\\/inca-spin.org\\\/fr\\\/#organization\"},\"potentialAction\":[{\"@type\":\"SearchAction\",\"target\":{\"@type\":\"EntryPoint\",\"urlTemplate\":\"https:\\\/\\\/inca-spin.org\\\/fr\\\/?s={search_term_string}\"},\"query-input\":{\"@type\":\"PropertyValueSpecification\",\"valueRequired\":true,\"valueName\":\"search_term_string\"}}],\"inLanguage\":\"fr-FR\"},{\"@type\":\"Organization\",\"@id\":\"https:\\\/\\\/inca-spin.org\\\/fr\\\/#organization\",\"name\":\"Incaspin\",\"url\":\"https:\\\/\\\/inca-spin.org\\\/fr\\\/\",\"logo\":{\"@type\":\"ImageObject\",\"inLanguage\":\"fr-FR\",\"@id\":\"https:\\\/\\\/inca-spin.org\\\/fr\\\/#\\\/schema\\\/logo\\\/image\\\/\",\"url\":\"https:\\\/\\\/inca-spin.org\\\/wp-content\\\/uploads\\\/2026\\\/01\\\/Casino-logo-Desktop.png\",\"contentUrl\":\"https:\\\/\\\/inca-spin.org\\\/wp-content\\\/uploads\\\/2026\\\/01\\\/Casino-logo-Desktop.png\",\"width\":63,\"height\":24,\"caption\":\"Incaspin\"},\"image\":{\"@id\":\"https:\\\/\\\/inca-spin.org\\\/fr\\\/#\\\/schema\\\/logo\\\/image\\\/\"}}]}<\/script>\n<!-- \/ Yoast SEO plugin. -->","yoast_head_json":{"title":"Incaspin App | Plateformes iOS et Android","description":"L'application Incaspin offre une exp\u00e9rience de jeu fluide sur Android, iOS, Windows et macOS, avec des comptes synchronis\u00e9s, des mises \u00e0 jour r\u00e9guli\u00e8res et un service client int\u00e9gr\u00e9 pour une exp\u00e9rience sans souci.","robots":{"index":"index","follow":"follow","max-snippet":"max-snippet:-1","max-image-preview":"max-image-preview:large","max-video-preview":"max-video-preview:-1"},"canonical":"https:\/\/inca-spin.org\/fr\/app\/","og_locale":"fr_FR","og_type":"article","og_title":"Incaspin App | Plateformes iOS et Android","og_description":"L'application Incaspin offre une exp\u00e9rience de jeu fluide sur Android, iOS, Windows et macOS, avec des comptes synchronis\u00e9s, des mises \u00e0 jour r\u00e9guli\u00e8res et un service client int\u00e9gr\u00e9 pour une exp\u00e9rience sans souci.","og_url":"https:\/\/inca-spin.org\/fr\/app\/","og_site_name":"incaspin","article_modified_time":"2026-01-26T08:08:18+00:00","twitter_card":"summary_large_image","twitter_misc":{"Dur\u00e9e de lecture estim\u00e9e":"3 minutes"},"schema":{"@context":"https:\/\/schema.org","@graph":[{"@type":"WebPage","@id":"https:\/\/inca-spin.org\/fr\/app\/","url":"https:\/\/inca-spin.org\/fr\/app\/","name":"Incaspin App | Plateformes iOS et Android","isPartOf":{"@id":"https:\/\/inca-spin.org\/fr\/#website"},"datePublished":"2026-01-23T12:44:29+00:00","dateModified":"2026-01-26T08:08:18+00:00","description":"L'application Incaspin offre une exp\u00e9rience de jeu fluide sur Android, iOS, Windows et macOS, avec des comptes synchronis\u00e9s, des mises \u00e0 jour r\u00e9guli\u00e8res et un service client int\u00e9gr\u00e9 pour une exp\u00e9rience sans souci.","breadcrumb":{"@id":"https:\/\/inca-spin.org\/fr\/app\/#breadcrumb"},"inLanguage":"fr-FR","potentialAction":[{"@type":"ReadAction","target":["https:\/\/inca-spin.org\/fr\/app\/"]}]},{"@type":"BreadcrumbList","@id":"https:\/\/inca-spin.org\/fr\/app\/#breadcrumb","itemListElement":[{"@type":"ListItem","position":1,"name":"Incaspin","item":"https:\/\/inca-spin.org\/fr\/"},{"@type":"ListItem","position":2,"name":"App"}]},{"@type":"WebSite","@id":"https:\/\/inca-spin.org\/fr\/#website","url":"https:\/\/inca-spin.org\/fr\/","name":"Incaspin","description":"","publisher":{"@id":"https:\/\/inca-spin.org\/fr\/#organization"},"potentialAction":[{"@type":"SearchAction","target":{"@type":"EntryPoint","urlTemplate":"https:\/\/inca-spin.org\/fr\/?s={search_term_string}"},"query-input":{"@type":"PropertyValueSpecification","valueRequired":true,"valueName":"search_term_string"}}],"inLanguage":"fr-FR"},{"@type":"Organization","@id":"https:\/\/inca-spin.org\/fr\/#organization","name":"Incaspin","url":"https:\/\/inca-spin.org\/fr\/","logo":{"@type":"ImageObject","inLanguage":"fr-FR","@id":"https:\/\/inca-spin.org\/fr\/#\/schema\/logo\/image\/","url":"https:\/\/inca-spin.org\/wp-content\/uploads\/2026\/01\/Casino-logo-Desktop.png","contentUrl":"https:\/\/inca-spin.org\/wp-content\/uploads\/2026\/01\/Casino-logo-Desktop.png","width":63,"height":24,"caption":"Incaspin"},"image":{"@id":"https:\/\/inca-spin.org\/fr\/#\/schema\/logo\/image\/"}}]}},"_links":{"self":[{"href":"https:\/\/inca-spin.org\/fr\/wp-json\/wp\/v2\/pages\/1416","targetHints":{"allow":["GET"]}}],"collection":[{"href":"https:\/\/inca-spin.org\/fr\/wp-json\/wp\/v2\/pages"}],"about":[{"href":"https:\/\/inca-spin.org\/fr\/wp-json\/wp\/v2\/types\/page"}],"author":[{"embeddable":true,"href":"https:\/\/inca-spin.org\/fr\/wp-json\/wp\/v2\/users\/1"}],"replies":[{"embeddable":true,"href":"https:\/\/inca-spin.org\/fr\/wp-json\/wp\/v2\/comments?post=1416"}],"version-history":[{"count":2,"href":"https:\/\/inca-spin.org\/fr\/wp-json\/wp\/v2\/pages\/1416\/revisions"}],"predecessor-version":[{"id":1602,"href":"https:\/\/inca-spin.org\/fr\/wp-json\/wp\/v2\/pages\/1416\/revisions\/1602"}],"wp:attachment":[{"href":"https:\/\/inca-spin.org\/fr\/wp-json\/wp\/v2\/media?parent=1416"}],"curies":[{"name":"wp","href":"https:\/\/api.w.org\/{rel}","templated":true}]}}