{"id":1468,"date":"2026-01-23T12:50:08","date_gmt":"2026-01-23T12:50:08","guid":{"rendered":"https:\/\/inca-spin.org\/login-and-registration\/"},"modified":"2026-01-26T08:09:33","modified_gmt":"2026-01-26T08:09:33","slug":"connexion-et-inscription","status":"publish","type":"page","link":"https:\/\/inca-spin.org\/fr\/connexion-et-inscription\/","title":{"rendered":"Connexion et inscription"},"content":{"rendered":"<h1>Connexion et inscription au compte Incaspin<\/h1>\n<p>L&rsquo;inscription et Incaspin login vous offrent un acc\u00e8s ininterrompu \u00e0 l&rsquo;une des meilleures exp\u00e9riences de casino en ligne que vous puissiez avoir ! Les joueurs ont la possibilit\u00e9 de profiter d&rsquo;un large choix de jeux de mani\u00e8re s\u00e9curis\u00e9e et efficace. Nous offrons une plateforme de gestion de compte facile \u00e0 utiliser, des paiements s\u00e9curis\u00e9s et des services personnalis\u00e9s pour am\u00e9liorer chaque jeu et faire progresser vos comp\u00e9tences.<\/p>\n<p><div class=\"banner-wrap\" aria-label=\"Banner\"><img src=\"https:\/\/inca-spin.org\/wp-content\/uploads\/2026\/01\/Incaspin-general-background-800\u2564\u0415342.webp\" class=\"w-100 d-none d-lg-block img-pc main-banner-img\" alt=\"Incaspin desktop banner\" fetchpriority=\"high\" decoding=\"async\"><img src=\"https:\/\/inca-spin.org\/wp-content\/uploads\/2026\/01\/Incaspin-mobile-banner.webp\" class=\"w-100 d-none d-md-block d-lg-none main-banner-img\" alt=\"Incaspin mobile banner\" fetchpriority=\"high\" decoding=\"async\"><img src=\"https:\/\/inca-spin.org\/wp-content\/uploads\/2026\/01\/Incaspin-mobile-banner.webp\" class=\"w-100 d-md-none\" alt=\"Incaspin mobile banner\" fetchpriority=\"high\" decoding=\"async\"><div class=\"banner-description\">\n<div class=\"banner-title\">Bonus de bienvenue<\/div>\n<p class=\"banner-header-title\">\u20ac1500<\/p>\n<div class=\"banner-header-AdditionalText\">+ 250 Tours gratuits<\/div>\n<button data-item=\"homepage_banner_link\" class=\"goto m-button m-gradient-border m-button--primary m-button--large banner-button btn-orange\">\n            <div class=\"m-button-content\">\n                <span>Inscrivez-vous d\u00e8s maintenant<\/span>\n                <span><\/span>\n            <\/div>\n        <\/button>\n<\/div>\n<div class=\"WelcomePack\">\n<p><img loading=\"lazy\" decoding=\"async\" class=\"alignnone size-full wp-image-1369\" src=\"https:\/\/inca-spin.org\/wp-content\/uploads\/2026\/01\/welcome-crown.png\" alt=\"welcome crown\" width=\"25\" height=\"26\" \/><\/p>\n<div class=\"WelcomePack-Info\">Cashback hebdomadaire jusqu&rsquo;\u00e0 25 %<\/div>\n<p><img loading=\"lazy\" decoding=\"async\" class=\"alignnone size-full wp-image-1369\" src=\"https:\/\/inca-spin.org\/wp-content\/uploads\/2026\/01\/welcome-crown.png\" alt=\"welcome crown\" width=\"25\" height=\"26\" \/><\/p>\n<\/div>\n<\/div><div class=\"scrollable-content-wrap my-5\"><div class=\"scrollable-content-inner\"><h2>Inscription d&rsquo;un nouvel utilisateur sur Inca Spin<\/h2>\n<p>Lorsque vous vous inscrivez sur Incaspin Casino, vous ouvrez les portes des capacit\u00e9s maximales de notre site. Les nouveaux joueurs qui se connectent pour la premi\u00e8re fois \u00e0 Incaspin ont droit \u00e0 une large s\u00e9lection de jeux, notamment des machines \u00e0 sous, des jeux de table, des jeux avec croupier en direct et des promotions sp\u00e9ciales. L&rsquo;inscription est un jeu d&rsquo;enfant ! Nous l&rsquo;avons con\u00e7ue ainsi, en visant particuli\u00e8rement la simplicit\u00e9 et la rapidit\u00e9. Elle permet aux joueurs de profiter imm\u00e9diatement de leurs jeux pr\u00e9f\u00e9r\u00e9s d\u00e8s la cr\u00e9ation de leur compte.<\/p>\n<h2>Cr\u00e9ez votre compte<\/h2>\n<p>Vous pouvez cr\u00e9er votre propre compte sur Incaspin en quelques clics. Voici comment proc\u00e9der :<\/p>\n<ol>\n<li>Trouvez le bouton d&rsquo;inscription sur la page d&rsquo;accueil et s\u00e9lectionnez-le.<\/li>\n<li>Remplissez le formulaire d&rsquo;inscription en utilisant vos informations personnelles, telles que votre adresse e-mail et un mot de passe fort.<\/li>\n<li>Saisissez votre code promotionnel si vous en avez un.<\/li>\n<li>Cochez cette case si vous souhaitez \u00eatre inform\u00e9 des actualit\u00e9s de notre casino et s\u00e9lectionnez vos partenaires.<\/li>\n<li>Cochez la case indiquant que vous n&rsquo;\u00eates pas mineur, sinon vous ne pourrez pas jouer avec nous.<\/li>\n<li>Acceptez les conditions g\u00e9n\u00e9rales et envoyez le formulaire d&rsquo;inscription.<\/li>\n<\/ol>\n<p>Apr\u00e8s votre inscription, vous recevrez un e-mail de confirmation pour authentifier votre compte. Cela vous permettra de d\u00e9bloquer toutes les fonctionnalit\u00e9s d&rsquo;Incaspin Casino lors de votre premi\u00e8re connexion \u00e0 Incaspin.<\/p>\n<h2>Cr\u00e9ation et utilisation d&rsquo;un compte Incaspin<\/h2>\n<p>Se connecter pour la premi\u00e8re fois \u00e0 Incaspin n&rsquo;a jamais \u00e9t\u00e9 aussi simple !<\/p>\n<ol>\n<li>S\u00e9lectionnez le bouton \u00ab Login \u00bb d&rsquo;Inca Spin dans le coin sup\u00e9rieur droit.<\/li>\n<li>Vous verrez appara\u00eetre le message \u00ab Bienvenue \u00bb. Saisissez l&rsquo;adresse e-mail et le mot de passe que vous avez utilis\u00e9s pour vous inscrire.<\/li>\n<li>Cliquez sur le bouton de connexion Incaspin pour acc\u00e9der \u00e0 votre compte.<\/li>\n<\/ol>\n<p>Et voil\u00e0 ! Une fois connect\u00e9 \u00e0 Incaspin Casino, vous pourrez effectuer des d\u00e9p\u00f4ts, obtenir des bonus, participer \u00e0 des promotions et modifier les param\u00e8tres de votre compte.<\/p>\n<p>Notre site Incaspin Casino dispose d&rsquo;un tableau de bord accueillant et intuitif : vous ne serez jamais perdu ! De plus, nous vous offrons une assistance multilingue qui permet aux joueurs de profiter confortablement de la plateforme.<\/p>\n<p>Les joueurs peuvent \u00e9galement activer des mesures de s\u00e9curit\u00e9 suppl\u00e9mentaires, telles que l&rsquo;authentification \u00e0 deux facteurs, pour prot\u00e9ger leurs comptes. La v\u00e9rification r\u00e9guli\u00e8re de l&rsquo;activit\u00e9 du compte et des informations personnelles contribue \u00e0 garantir un environnement de jeu s\u00fbr pour vous et vos amis sur notre casino Inca Spin.<\/p>\n<h3>Vous avez oubli\u00e9 votre mot de passe Incaspin Casino ?<\/h3>\n<p>La r\u00e9cup\u00e9ration de votre compte prendra moins d&rsquo;une minute si vous perdez votre mot de passe :<\/p>\n<ol>\n<li>Rendez-vous dans la section de connexion Incaspin.<\/li>\n<li>Cliquez sur le lien \u00ab Mot de passe oubli\u00e9 ? \u00bb.<\/li>\n<li>Saisissez votre adresse e-mail pour obtenir un lien de r\u00e9initialisation.<\/li>\n<li>Pour modifier votre mot de passe, veuillez suivre les instructions fournies dans votre e-mail.<\/li>\n<\/ol>\n<p>Cette proc\u00e9dure vise \u00e0 garantir un acc\u00e8s s\u00e9curis\u00e9 et la r\u00e9cup\u00e9ration de vos identifiants, afin que vous puissiez acc\u00e9der \u00e0 votre compte dans les plus brefs d\u00e9lais.<\/p>\n<h3>V\u00e9rification et s\u00e9curit\u00e9 du compte Incaspin Casino<\/h3>\n<p>La proc\u00e9dure de v\u00e9rification des comptes chez Incaspin Casino est n\u00e9cessaire pour s\u00e9curiser les profils des utilisateurs et se conformer aux exigences l\u00e9gales. Les joueurs peuvent \u00eatre invit\u00e9s \u00e0 v\u00e9rifier leur identit\u00e9 lors de leur inscription ou lorsqu&rsquo;ils effectuent des transactions importantes.<\/p>\n<p>La v\u00e9rification n\u00e9cessite vos documents officiels pour v\u00e9rifier votre identit\u00e9, votre \u00e2ge et votre adresse. Il s&rsquo;agit simplement des documents que vous avez toujours \u00e0 port\u00e9e de main : pi\u00e8ces d&rsquo;identit\u00e9, factures de services publics ou relev\u00e9s bancaires. La proc\u00e9dure est la suivante :<\/p>\n<table>\n<tbody>\n<tr>\n<td>\u00c9tape<\/td>\n<td>Action<\/td>\n<td>D\u00e9tails<\/td>\n<\/tr>\n<tr>\n<td>1<\/td>\n<td>Soumission des documents<\/td>\n<td>T\u00e9l\u00e9charger une copie de votre pi\u00e8ce d&rsquo;identit\u00e9, d&rsquo;une facture de services publics et d&rsquo;un relev\u00e9 bancaire<\/td>\n<\/tr>\n<tr>\n<td>2<\/td>\n<td>Examen<\/td>\n<td>L&rsquo;\u00e9quipe d&rsquo;assistance \u00e9value les documents dans les 48 heures<\/td>\n<\/tr>\n<tr>\n<td>3<\/td>\n<td>Confirmation de la v\u00e9rification<\/td>\n<td>Le compte est v\u00e9rifi\u00e9 et les restrictions (le cas \u00e9ch\u00e9ant) sont lev\u00e9es<\/td>\n<\/tr>\n<\/tbody>\n<\/table>\n<p>Ce processus permet d&rsquo;am\u00e9liorer la s\u00e9curit\u00e9, de r\u00e9duire la fraude et de mettre en place des politiques de jeu responsable.<\/p>\n<h3>Comment modifier votre mot de passe ou votre adresse e-mail ?<\/h3>\n<p>Pour mettre \u00e0 jour les informations de votre compte en cas d&rsquo;erreur ou de changement dans votre situation personnelle, proc\u00e9dez comme suit :<\/p>\n<ol>\n<li>Comme toujours, commencez par vous connecter \u00e0 Incaspin.<\/li>\n<li>Acc\u00e9dez \u00e0 la section des param\u00e8tres du compte.<\/li>\n<li>Choisissez de modifier votre mot de passe ou votre adresse e-mail.<\/li>\n<li>Saisissez les nouvelles donn\u00e9es et confirmez toutes vos modifications.<\/li>\n<\/ol>\n<p>Par mesure de s\u00e9curit\u00e9, il se peut que vous soyez invit\u00e9 \u00e0 vous authentifier avant la fin des mises \u00e0 jour. C&rsquo;est tout \u00e0 fait normal, ne vous inqui\u00e9tez donc pas. Nous proc\u00e9dons toujours ainsi.<\/p>\n<p>Il est important de mettre \u00e0 jour vos coordonn\u00e9es lorsque votre situation change. Nous en sommes conscients, mais restez attentif \u00e0 nos notifications et \u00e0 la s\u00e9curit\u00e9 de votre compte.<\/p>\n<h2>FAQ<\/h2>\n<h3>Comment proc\u00e9der \u00e0 la v\u00e9rification du compte ?<\/h3>\n<p>Fournissez les documents d&rsquo;identification requis via le tableau de bord de votre compte. Ceux-ci seront v\u00e9rifi\u00e9s par notre \u00e9quipe d&rsquo;assistance peu apr\u00e8s. De cette mani\u00e8re, nous respectons les exigences l\u00e9gales et assurons votre protection ainsi que celle des autres membres d&rsquo;Incaspin.<\/p>\n<h3>Comment mettre \u00e0 jour mon mot de passe ou mon adresse e-mail ?<\/h3>\n<p>Acc\u00e9dez aux param\u00e8tres de votre compte et choisissez l&rsquo;option appropri\u00e9e (selon ce que vous souhaitez mettre \u00e0 jour), puis proc\u00e9dez aux modifications. Une v\u00e9rification peut \u00eatre n\u00e9cessaire. Si vous rencontrez des difficult\u00e9s au cours du processus, \u00e9crivez-nous via le chat en direct et nous vous aiderons.<\/p>\n<h3>Comment puis-je contacter le service client pour obtenir de l&rsquo;aide ?<\/h3>\n<p>Si vous avez besoin d&rsquo;aide, contactez le service client via le chat en direct sur notre site web ou par e-mail. Nous sommes \u00e0 votre disposition pour r\u00e9pondre \u00e0 vos questions ou r\u00e9soudre vos probl\u00e8mes, qu&rsquo;ils soient d&rsquo;ordre technique ou financier. N&rsquo;h\u00e9sitez pas \u00e0 nous contacter !<\/p>\n<\/div><\/div><\/p>\n","protected":false},"excerpt":{"rendered":"<p>Connexion et inscription au compte Incaspin L&rsquo;inscription et Incaspin login vous offrent un acc\u00e8s ininterrompu \u00e0 l&rsquo;une des meilleures exp\u00e9riences de casino en ligne que vous puissiez avoir ! Les joueurs ont la possibilit\u00e9 de profiter d&rsquo;un large choix de jeux de mani\u00e8re s\u00e9curis\u00e9e et efficace. Nous offrons une plateforme de gestion de compte facile [&hellip;]<\/p>\n","protected":false},"author":1,"featured_media":0,"parent":0,"menu_order":0,"comment_status":"closed","ping_status":"closed","template":"template-builder.php","meta":{"_acf_changed":false,"inline_featured_image":false,"footnotes":""},"class_list":["post-1468","page","type-page","status-publish","hentry"],"acf":[],"yoast_head":"<!-- This site is optimized with the Yoast SEO plugin v27.3 - https:\/\/yoast.com\/product\/yoast-seo-wordpress\/ -->\n<title>Incaspin Connexion et inscription<\/title>\n<meta name=\"description\" content=\"Cr\u00e9ez, g\u00e9rez et v\u00e9rifiez votre compte Incaspin Casino en toute simplicit\u00e9. Profitez d&#039;une inscription rapide, d&#039;une r\u00e9cup\u00e9ration facile de votre compte et d&#039;une fermeture s\u00e9curis\u00e9e gr\u00e2ce \u00e0 Incaspin Login, qui prot\u00e8ge votre compte 24 heures sur 24.\" \/>\n<meta name=\"robots\" content=\"index, follow, max-snippet:-1, max-image-preview:large, max-video-preview:-1\" \/>\n<link rel=\"canonical\" href=\"https:\/\/inca-spin.org\/fr\/connexion-et-inscription\/\" \/>\n<meta property=\"og:locale\" content=\"fr_FR\" \/>\n<meta property=\"og:type\" content=\"article\" \/>\n<meta property=\"og:title\" content=\"Incaspin Connexion et inscription\" \/>\n<meta property=\"og:description\" content=\"Cr\u00e9ez, g\u00e9rez et v\u00e9rifiez votre compte Incaspin Casino en toute simplicit\u00e9. Profitez d&#039;une inscription rapide, d&#039;une r\u00e9cup\u00e9ration facile de votre compte et d&#039;une fermeture s\u00e9curis\u00e9e gr\u00e2ce \u00e0 Incaspin Login, qui prot\u00e8ge votre compte 24 heures sur 24.\" \/>\n<meta property=\"og:url\" content=\"https:\/\/inca-spin.org\/fr\/connexion-et-inscription\/\" \/>\n<meta property=\"og:site_name\" content=\"incaspin\" \/>\n<meta property=\"article:modified_time\" content=\"2026-01-26T08:09:33+00:00\" \/>\n<meta name=\"twitter:card\" content=\"summary_large_image\" \/>\n<meta name=\"twitter:label1\" content=\"Dur\u00e9e de lecture estim\u00e9e\" \/>\n\t<meta name=\"twitter:data1\" content=\"1 minute\" \/>\n<script type=\"application\/ld+json\" class=\"yoast-schema-graph\">{\"@context\":\"https:\\\/\\\/schema.org\",\"@graph\":[{\"@type\":\"WebPage\",\"@id\":\"https:\\\/\\\/inca-spin.org\\\/fr\\\/connexion-et-inscription\\\/\",\"url\":\"https:\\\/\\\/inca-spin.org\\\/fr\\\/connexion-et-inscription\\\/\",\"name\":\"Incaspin Connexion et inscription\",\"isPartOf\":{\"@id\":\"https:\\\/\\\/inca-spin.org\\\/fr\\\/#website\"},\"datePublished\":\"2026-01-23T12:50:08+00:00\",\"dateModified\":\"2026-01-26T08:09:33+00:00\",\"description\":\"Cr\u00e9ez, g\u00e9rez et v\u00e9rifiez votre compte Incaspin Casino en toute simplicit\u00e9. Profitez d'une inscription rapide, d'une r\u00e9cup\u00e9ration facile de votre compte et d'une fermeture s\u00e9curis\u00e9e gr\u00e2ce \u00e0 Incaspin Login, qui prot\u00e8ge votre compte 24 heures sur 24.\",\"breadcrumb\":{\"@id\":\"https:\\\/\\\/inca-spin.org\\\/fr\\\/connexion-et-inscription\\\/#breadcrumb\"},\"inLanguage\":\"fr-FR\",\"potentialAction\":[{\"@type\":\"ReadAction\",\"target\":[\"https:\\\/\\\/inca-spin.org\\\/fr\\\/connexion-et-inscription\\\/\"]}]},{\"@type\":\"BreadcrumbList\",\"@id\":\"https:\\\/\\\/inca-spin.org\\\/fr\\\/connexion-et-inscription\\\/#breadcrumb\",\"itemListElement\":[{\"@type\":\"ListItem\",\"position\":1,\"name\":\"Incaspin\",\"item\":\"https:\\\/\\\/inca-spin.org\\\/fr\\\/\"},{\"@type\":\"ListItem\",\"position\":2,\"name\":\"Connexion et inscription\"}]},{\"@type\":\"WebSite\",\"@id\":\"https:\\\/\\\/inca-spin.org\\\/fr\\\/#website\",\"url\":\"https:\\\/\\\/inca-spin.org\\\/fr\\\/\",\"name\":\"Incaspin\",\"description\":\"\",\"publisher\":{\"@id\":\"https:\\\/\\\/inca-spin.org\\\/fr\\\/#organization\"},\"potentialAction\":[{\"@type\":\"SearchAction\",\"target\":{\"@type\":\"EntryPoint\",\"urlTemplate\":\"https:\\\/\\\/inca-spin.org\\\/fr\\\/?s={search_term_string}\"},\"query-input\":{\"@type\":\"PropertyValueSpecification\",\"valueRequired\":true,\"valueName\":\"search_term_string\"}}],\"inLanguage\":\"fr-FR\"},{\"@type\":\"Organization\",\"@id\":\"https:\\\/\\\/inca-spin.org\\\/fr\\\/#organization\",\"name\":\"Incaspin\",\"url\":\"https:\\\/\\\/inca-spin.org\\\/fr\\\/\",\"logo\":{\"@type\":\"ImageObject\",\"inLanguage\":\"fr-FR\",\"@id\":\"https:\\\/\\\/inca-spin.org\\\/fr\\\/#\\\/schema\\\/logo\\\/image\\\/\",\"url\":\"https:\\\/\\\/inca-spin.org\\\/wp-content\\\/uploads\\\/2026\\\/01\\\/Casino-logo-Desktop.png\",\"contentUrl\":\"https:\\\/\\\/inca-spin.org\\\/wp-content\\\/uploads\\\/2026\\\/01\\\/Casino-logo-Desktop.png\",\"width\":63,\"height\":24,\"caption\":\"Incaspin\"},\"image\":{\"@id\":\"https:\\\/\\\/inca-spin.org\\\/fr\\\/#\\\/schema\\\/logo\\\/image\\\/\"}}]}<\/script>\n<!-- \/ Yoast SEO plugin. -->","yoast_head_json":{"title":"Incaspin Connexion et inscription","description":"Cr\u00e9ez, g\u00e9rez et v\u00e9rifiez votre compte Incaspin Casino en toute simplicit\u00e9. Profitez d'une inscription rapide, d'une r\u00e9cup\u00e9ration facile de votre compte et d'une fermeture s\u00e9curis\u00e9e gr\u00e2ce \u00e0 Incaspin Login, qui prot\u00e8ge votre compte 24 heures sur 24.","robots":{"index":"index","follow":"follow","max-snippet":"max-snippet:-1","max-image-preview":"max-image-preview:large","max-video-preview":"max-video-preview:-1"},"canonical":"https:\/\/inca-spin.org\/fr\/connexion-et-inscription\/","og_locale":"fr_FR","og_type":"article","og_title":"Incaspin Connexion et inscription","og_description":"Cr\u00e9ez, g\u00e9rez et v\u00e9rifiez votre compte Incaspin Casino en toute simplicit\u00e9. Profitez d'une inscription rapide, d'une r\u00e9cup\u00e9ration facile de votre compte et d'une fermeture s\u00e9curis\u00e9e gr\u00e2ce \u00e0 Incaspin Login, qui prot\u00e8ge votre compte 24 heures sur 24.","og_url":"https:\/\/inca-spin.org\/fr\/connexion-et-inscription\/","og_site_name":"incaspin","article_modified_time":"2026-01-26T08:09:33+00:00","twitter_card":"summary_large_image","twitter_misc":{"Dur\u00e9e de lecture estim\u00e9e":"1 minute"},"schema":{"@context":"https:\/\/schema.org","@graph":[{"@type":"WebPage","@id":"https:\/\/inca-spin.org\/fr\/connexion-et-inscription\/","url":"https:\/\/inca-spin.org\/fr\/connexion-et-inscription\/","name":"Incaspin Connexion et inscription","isPartOf":{"@id":"https:\/\/inca-spin.org\/fr\/#website"},"datePublished":"2026-01-23T12:50:08+00:00","dateModified":"2026-01-26T08:09:33+00:00","description":"Cr\u00e9ez, g\u00e9rez et v\u00e9rifiez votre compte Incaspin Casino en toute simplicit\u00e9. Profitez d'une inscription rapide, d'une r\u00e9cup\u00e9ration facile de votre compte et d'une fermeture s\u00e9curis\u00e9e gr\u00e2ce \u00e0 Incaspin Login, qui prot\u00e8ge votre compte 24 heures sur 24.","breadcrumb":{"@id":"https:\/\/inca-spin.org\/fr\/connexion-et-inscription\/#breadcrumb"},"inLanguage":"fr-FR","potentialAction":[{"@type":"ReadAction","target":["https:\/\/inca-spin.org\/fr\/connexion-et-inscription\/"]}]},{"@type":"BreadcrumbList","@id":"https:\/\/inca-spin.org\/fr\/connexion-et-inscription\/#breadcrumb","itemListElement":[{"@type":"ListItem","position":1,"name":"Incaspin","item":"https:\/\/inca-spin.org\/fr\/"},{"@type":"ListItem","position":2,"name":"Connexion et inscription"}]},{"@type":"WebSite","@id":"https:\/\/inca-spin.org\/fr\/#website","url":"https:\/\/inca-spin.org\/fr\/","name":"Incaspin","description":"","publisher":{"@id":"https:\/\/inca-spin.org\/fr\/#organization"},"potentialAction":[{"@type":"SearchAction","target":{"@type":"EntryPoint","urlTemplate":"https:\/\/inca-spin.org\/fr\/?s={search_term_string}"},"query-input":{"@type":"PropertyValueSpecification","valueRequired":true,"valueName":"search_term_string"}}],"inLanguage":"fr-FR"},{"@type":"Organization","@id":"https:\/\/inca-spin.org\/fr\/#organization","name":"Incaspin","url":"https:\/\/inca-spin.org\/fr\/","logo":{"@type":"ImageObject","inLanguage":"fr-FR","@id":"https:\/\/inca-spin.org\/fr\/#\/schema\/logo\/image\/","url":"https:\/\/inca-spin.org\/wp-content\/uploads\/2026\/01\/Casino-logo-Desktop.png","contentUrl":"https:\/\/inca-spin.org\/wp-content\/uploads\/2026\/01\/Casino-logo-Desktop.png","width":63,"height":24,"caption":"Incaspin"},"image":{"@id":"https:\/\/inca-spin.org\/fr\/#\/schema\/logo\/image\/"}}]}},"_links":{"self":[{"href":"https:\/\/inca-spin.org\/fr\/wp-json\/wp\/v2\/pages\/1468","targetHints":{"allow":["GET"]}}],"collection":[{"href":"https:\/\/inca-spin.org\/fr\/wp-json\/wp\/v2\/pages"}],"about":[{"href":"https:\/\/inca-spin.org\/fr\/wp-json\/wp\/v2\/types\/page"}],"author":[{"embeddable":true,"href":"https:\/\/inca-spin.org\/fr\/wp-json\/wp\/v2\/users\/1"}],"replies":[{"embeddable":true,"href":"https:\/\/inca-spin.org\/fr\/wp-json\/wp\/v2\/comments?post=1468"}],"version-history":[{"count":1,"href":"https:\/\/inca-spin.org\/fr\/wp-json\/wp\/v2\/pages\/1468\/revisions"}],"predecessor-version":[{"id":1603,"href":"https:\/\/inca-spin.org\/fr\/wp-json\/wp\/v2\/pages\/1468\/revisions\/1603"}],"wp:attachment":[{"href":"https:\/\/inca-spin.org\/fr\/wp-json\/wp\/v2\/media?parent=1468"}],"curies":[{"name":"wp","href":"https:\/\/api.w.org\/{rel}","templated":true}]}}