{"id":1422,"date":"2026-01-23T12:44:29","date_gmt":"2026-01-23T12:44:29","guid":{"rendered":"https:\/\/inca-spin.org\/app\/"},"modified":"2026-01-26T11:10:54","modified_gmt":"2026-01-26T11:10:54","slug":"applicazione","status":"publish","type":"page","link":"https:\/\/inca-spin.org\/it\/applicazione\/","title":{"rendered":"Applicazione"},"content":{"rendered":"<h1>Piattaforma mobile Incaspin<\/h1>\n<p>Incaspin app offre un&#8217;esperienza di gioco interattiva e fluida per tutti i giocatori. \u00c8 appositamente progettata per funzionare con i dispositivi mobili. Incaspin Casino app \u00e8 realizzata in modo tale da soddisfare i giocatori italiani grazie alle sue caratteristiche di alta qualit\u00e0, all&#8217;interfaccia intuitiva e agli elevati livelli di sicurezza.<\/p>\n<p>Offriamo accesso immediato a una vasta gamma di slot online, gratta e vinci, altri giochi da tavolo e giochi con croupier dal vivo, in modo che i nostri giocatori possano divertirsi in qualsiasi momento. La Incaspin app offre i pi\u00f9 alti standard di giochi casin\u00f2 mobile supportati dalla tecnologia pi\u00f9 recente.<\/p>\n<div class=\"banner-wrap\" aria-label=\"Banner\"><img src=\"https:\/\/inca-spin.org\/wp-content\/uploads\/2026\/01\/Incaspin-general-background-800\u2564\u0415342.webp\" class=\"w-100 d-none d-lg-block img-pc main-banner-img\" alt=\"Incaspin desktop banner\" fetchpriority=\"high\" decoding=\"async\"><img src=\"https:\/\/inca-spin.org\/wp-content\/uploads\/2026\/01\/Incaspin-mobile-banner.webp\" class=\"w-100 d-none d-md-block d-lg-none main-banner-img\" alt=\"Incaspin mobile banner\" fetchpriority=\"high\" decoding=\"async\"><img src=\"https:\/\/inca-spin.org\/wp-content\/uploads\/2026\/01\/Incaspin-mobile-banner.webp\" class=\"w-100 d-md-none\" alt=\"Incaspin mobile banner\" fetchpriority=\"high\" decoding=\"async\"><div class=\"banner-description\">\n<div class=\"banner-title\">Bonus di benvenuto<\/div>\n<p class=\"banner-header-title\">\u20ac1500<\/p>\n<div class=\"banner-header-AdditionalText\">+ 250 Giri gratuiti<\/div>\n<button data-item=\"homepage_banner_link\" class=\"goto m-button m-gradient-border m-button--primary m-button--large banner-button btn-orange\">\n            <div class=\"m-button-content\">\n                <span>Iscriviti ora<\/span>\n                <span><\/span>\n            <\/div>\n        <\/button>\n<\/div>\n<div class=\"WelcomePack\">\n<p><img loading=\"lazy\" decoding=\"async\" class=\"alignnone size-full wp-image-1369\" src=\"https:\/\/inca-spin.org\/wp-content\/uploads\/2026\/01\/welcome-crown.png\" alt=\"welcome crown\" width=\"25\" height=\"26\" \/><\/p>\n<div class=\"WelcomePack-Info\">Cashback settimanale fino al 25%<\/div>\n<p><img loading=\"lazy\" decoding=\"async\" class=\"alignnone size-full wp-image-1369\" src=\"https:\/\/inca-spin.org\/wp-content\/uploads\/2026\/01\/welcome-crown.png\" alt=\"welcome crown\" width=\"25\" height=\"26\" \/><\/p>\n<\/div>\n<\/div>\n<h2>Utilizzo di Incaspin su dispositivi mobili<\/h2>\n<p>L&#8217;app Incaspin \u00e8 progettata per migliorare l&#8217;esperienza di gioco ed \u00e8 migliore rispetto al gioco tramite browser sotto molti aspetti importanti. L&#8217;applicazione \u00e8 dedicata esclusivamente ai telefoni. Garantisce tempi di caricamento pi\u00f9 rapidi, una grafica pi\u00f9 semplice e prestazioni migliorate su tutti i dispositivi. L&#8217;interfaccia intuitiva la rende anche facile da usare! I giocatori di Incaspin Casino possono facilmente cliccare sui pulsanti e selezionare tutte le opzioni richieste e possono trovare i loro giochi preferiti con poco o nessun sforzo.<\/p>\n<p>L&#8217;app \u00e8 anche molto sicura per quanto riguarda le informazioni personali. Abbiamo creato speciali avvisi di accesso e transazione, oltre a preservare le tue informazioni finanziarie, cos\u00ec non devi preoccuparti quando giochi. Rispetto al gioco tramite browser mobile, l&#8217;app Incaspin \u00e8 pi\u00f9 stabile e reattiva. Ci sono meno ritardi e interruzioni e l&#8217;esperienza di gioco \u00e8 pi\u00f9 uniforme.<\/p>\n<p>Inoltre, l&#8217;app Inca Spin offre funzioni quali la sincronizzazione dei giochi in tempo reale, l&#8217;assistenza tramite chat live e la verifica di tutti i nostri account Inca Spin. Tutti questi elementi creano un ambiente di gioco sicuro ed efficiente. Diventa pi\u00f9 facile gestire l&#8217;account, depositare fondi e comunicare con l&#8217;assistenza clienti senza dover uscire dall&#8217;app Incaspin. Il software si adatta a qualsiasi schermo di smartphone o tablet, rendendolo facile da usare. Nel complesso, l&#8217;app Incaspin porta il casin\u00f2 mobile a un nuovo livello, combinando praticit\u00e0, velocit\u00e0 e sicurezza in un unico piccolo dispositivo.<\/p>\n<p>Riassumiamo perch\u00e9 l&#8217;app Inca Spin \u00e8 la migliore:<\/p>\n<ul>\n<li>L&#8217;app Incaspin si concentra sulla protezione dei tuoi dati.<\/li>\n<li>Offre un&#8217;esperienza pi\u00f9 stabile e veloce rispetto all&#8217;utilizzo dei browser mobili.<\/li>\n<li>Con la sincronizzazione dei giochi in tempo reale, la chat di assistenza live e i controlli dell&#8217;account, gli utenti possono fare ci\u00f2 di cui hanno bisogno all&#8217;interno dell&#8217;app senza problemi.<\/li>\n<li>L&#8217;app funziona bene su telefoni e tablet con schermi di diverse dimensioni, quindi \u00e8 facile da usare.<\/li>\n<\/ul>\n<p><div class=\"scrollable-content-wrap my-5\"><div class=\"scrollable-content-inner\"><h2>App mobile Incaspin per Android<\/h2>\n<p>L&#8217;applicazione Incaspin Casino per Android \u00e8 un&#8217;applicazione web progressiva (PWA). \u00c8 un&#8217;alternativa ai tradizionali file APK, pi\u00f9 moderna e leggera. La soluzione non richiede il download e l&#8217;installazione di file di grandi dimensioni direttamente sui dispositivi, semplificando cos\u00ec l&#8217;accesso e rendendolo pi\u00f9 sicuro.<\/p>\n<p>La PWA Incaspin \u00e8 disponibile tramite qualsiasi browser Android, inclusi Chrome e Firefox. Pu\u00f2 essere aggiunta alla schermata iniziale con la semplice pressione di un pulsante. Ci\u00f2 offre un&#8217;esperienza di gioco piacevole, \u00e8 veloce da caricare e in alcuni casi pu\u00f2 essere utilizzata offline.<\/p>\n<p>Poich\u00e9 l&#8217;applicazione Incaspin non utilizza pi\u00f9 i file APK, ci saranno aggiornamenti automatici nel browser e i giocatori non perderanno mai una nuova funzionalit\u00e0 o un miglioramento della sicurezza. La PWA pu\u00f2 essere scalata ad alte prestazioni e non richiede molto spazio di archiviazione. Si adatta bene ai dispositivi con spazio di archiviazione limitato. L&#8217;app funziona su tutti i dispositivi Android e tutti possono vivere un&#8217;esperienza di gioco unica (che si tratti di slot, giochi da tavolo o croupier dal vivo). L&#8217;app Inca Spin pu\u00f2 rimanere completamente funzionante con il supporto per la verifica, la chat dal vivo e le transazioni sicure.<\/p>\n<p><img loading=\"lazy\" decoding=\"async\" src=\"https:\/\/inca-spin.org\/wp-content\/uploads\/2026\/01\/Incaspin-Android.webp\" alt=\"Incaspin Android\" width=\"1248\" height=\"536\" \/><\/p>\n<\/div><\/div><div style=\"clear: both\"><\/div><div class=\"d-flex justify-content-center\"><button data-item=\"decouvrez_link\" data-group=\"website_links\" class=\"goto fw-bold rounded-pill btn btn-orange\" aria-label=\"Scarica l&#039;app Incaspin\" >Scarica l&#039;app Incaspin<\/button><\/div><div class=\"scrollable-content-wrap my-5\"><div class=\"scrollable-content-inner\"><h2>App mobile Incaspin per iOS<\/h2>\n<p>Incaspin Casino offre un modo semplice per accedere al casin\u00f2 tramite browser mobili, come Safari su iOS. Sappiamo che non solo i possessori di Apple possono utilizzare Safari, quindi queste informazioni sono fondamentalmente per tutti.<\/p>\n<ol>\n<li>\u00c8 possibile aggiungere l&#8217;app Incaspin Casino alla schermata iniziale tramite il download diretto dell&#8217;applicazione sul sito per accedere alla piattaforma in modo abbastanza comodo.<\/li>\n<li>Scorri verso il basso fino al pi\u00e8 di pagina.<\/li>\n<li>Clicca sul pulsante che avvia l&#8217;installazione, ovvero &#8220;Casino App&#8221;.<\/li>\n<li>Dopo l&#8217;installazione, l&#8217;app si comporta come un&#8217;app nativa e fornisce pieno accesso alla libreria di giochi, alla chat dal vivo e alla gestione dell&#8217;account.<\/li>\n<\/ol>\n<p>Come puoi vedere, la nostra applicazione basata sul web offre un&#8217;esperienza sicura e ottimizzata che replica quella desktop. Tutte le funzioni principali sono disponibili sull&#8217;app iOS. La sincronizzazione dei giochi in tempo reale, i depositi sicuri e il processo di verifica rendono l&#8217;esperienza di gioco simile su tutti i dispositivi. Il design reattivo garantisce soddisfazione e un gioco fluido e accattivante.<\/p>\n<p><img loading=\"lazy\" decoding=\"async\" src=\"https:\/\/inca-spin.org\/wp-content\/uploads\/2026\/01\/Incaspin-iOS.webp\" alt=\"Incaspin iOS\" width=\"1248\" height=\"536\" \/><\/p>\n<\/div><\/div><div style=\"clear: both\"><\/div><div class=\"d-flex justify-content-center\"><button data-item=\"decouvrez_link\" data-group=\"website_links\" class=\"goto fw-bold rounded-pill btn btn-orange\" aria-label=\"Scarica Incaspin\" >Scarica Incaspin<\/button><\/div><div class=\"scrollable-content-wrap my-5\"><div class=\"scrollable-content-inner\"><h2>Applicazioni Windows e macOS<\/h2>\n<p>Incaspin Casino ha una versione standard per chi ama giocare sui desktop. La piattaforma \u00e8 compatibile con Windows e macOS senza bisogno di installare alcun software aggiuntivo. Avrete un accesso veloce e sicuro. Come scorciatoia:<\/p>\n<ol>\n<li>Utenti Windows: apri il browser, vai alla pagina principale di Incaspin, tocca il menu con i tre puntini e seleziona Aggiungi al desktop.<\/li>\n<li>Utenti Mac: usa Safari o Chrome e poi seleziona la voce di menu &#8220;Aggiungi&#8221;.<\/li>\n<\/ol>\n<table>\n<tbody>\n<tr>\n<td>Caratteristiche<\/td>\n<td>Versione desktop<\/td>\n<td>Vantaggi<\/td>\n<\/tr>\n<tr>\n<td>Procedura di verifica<\/td>\n<td>Prima del prelievo<\/td>\n<td>Garantisce la sicurezza e la corretta gestione dell&#8217;account<\/td>\n<\/tr>\n<tr>\n<td>Gestione sicura dell&#8217;account<\/td>\n<td>S\u00ec<\/td>\n<td>Protegge gli account degli utenti e le informazioni finanziarie<\/td>\n<\/tr>\n<tr>\n<td>Servizi di chat live<\/td>\n<td>Disponibile<\/td>\n<td>Assistenza e supporto immediati<\/td>\n<\/tr>\n<tr>\n<td>Esperienza di gioco<\/td>\n<td>Migliorata con grafica ravvicinata e navigazione intuitiva<\/td>\n<td>Immagini di alta qualit\u00e0 e interfaccia intuitiva<\/td>\n<\/tr>\n<\/tbody>\n<\/table>\n<p><img loading=\"lazy\" decoding=\"async\" src=\"https:\/\/inca-spin.org\/wp-content\/uploads\/2026\/01\/Incaspin-Desktop.webp\" alt=\"Incaspin Desktop\" width=\"1248\" height=\"536\" \/><\/p>\n<\/div><\/div><div style=\"clear: both\"><\/div><div class=\"d-flex justify-content-center\"><button data-item=\"decouvrez_link\" data-group=\"website_links\" class=\"goto fw-bold rounded-pill btn btn-orange\" aria-label=\"Scarica l&#039;app Incaspin\" >Scarica l&#039;app Incaspin<\/button><\/div><div class=\"scrollable-content-wrap my-5\"><div class=\"scrollable-content-inner\"><h2>Domande frequenti<\/h2>\n<h3>\u00c8 necessario creare un account per utilizzare l&#8217;app Inca Spin?<\/h3>\n<p>Ti avvisiamo che per giocare a tutti i giochi, gestire i depositi e partecipare alla verifica, dovrai creare un account. La registrazione \u00e8 semplice e pu\u00f2 essere effettuata sia all&#8217;interno dell&#8217;applicazione che sulla pagina web stessa. \u00c8 ancora pi\u00f9 comodo sull&#8217;app Incaspin che aprire il computer, aspettare che tutto si carichi e tutto il resto.<\/p>\n<h3>L&#8217;app Inca Spin Casino offre assistenza clienti?<\/h3>\n<p>L&#8217;applicazione Incaspin dispone di un servizio di assistenza tramite chat live che consente di contattare direttamente il team di assistenza. L&#8217;assistenza 24 ore su 24, 7 giorni su 7, significa anche che i giocatori riceveranno l&#8217;aiuto necessario in tempo utile in caso di problemi tecnici o domande relative ai loro account in qualsiasi momento della giornata nel loro fuso orario.<\/p>\n<h3>Come posso aggiornare l&#8217;app Incaspin Casino?<\/h3>\n<p>Non c&#8217;\u00e8 bisogno di preoccuparsi di questo. L&#8217;app Incaspin, e in particolare la versione PWA, viene aggiornata automaticamente tramite il browser, garantendo ai giocatori le ultime funzionalit\u00e0 e patch di sicurezza. Nel caso dei collegamenti sul desktop, non \u00e8 necessario alcun ulteriore aggiornamento poich\u00e9 sono collegati alla versione online pi\u00f9 aggiornata. Il processo di controllo di Incaspin Casino \u00e8 ben sviluppato e gli aggiornamenti non vengono ripristinati o eseguiti manualmente.<\/p>\n<\/div><\/div><\/p>\n","protected":false},"excerpt":{"rendered":"<p>Piattaforma mobile Incaspin Incaspin app offre un&#8217;esperienza di gioco interattiva e fluida per tutti i giocatori. \u00c8 appositamente progettata per funzionare con i dispositivi mobili. Incaspin Casino app \u00e8 realizzata in modo tale da soddisfare i giocatori italiani grazie alle sue caratteristiche di alta qualit\u00e0, all&#8217;interfaccia intuitiva e agli elevati livelli di sicurezza. Offriamo accesso [&hellip;]<\/p>\n","protected":false},"author":1,"featured_media":0,"parent":0,"menu_order":0,"comment_status":"closed","ping_status":"closed","template":"template-builder.php","meta":{"_acf_changed":false,"inline_featured_image":false,"footnotes":""},"class_list":["post-1422","page","type-page","status-publish","hentry"],"acf":[],"yoast_head":"<!-- This site is optimized with the Yoast SEO plugin v27.3 - https:\/\/yoast.com\/product\/yoast-seo-wordpress\/ -->\n<title>Incaspin App | Piattaforme iOS e Android<\/title>\n<meta name=\"description\" content=\"L&#039;app Incaspin offre un&#039;esperienza di gioco fluida su Android, iOS, Windows e macOS, con account sincronizzati, aggiornamenti regolari e assistenza clienti integrata per un&#039;esperienza senza intoppi.\" \/>\n<meta name=\"robots\" content=\"index, follow, max-snippet:-1, max-image-preview:large, max-video-preview:-1\" \/>\n<link rel=\"canonical\" href=\"https:\/\/inca-spin.org\/it\/applicazione\/\" \/>\n<meta property=\"og:locale\" content=\"it_IT\" \/>\n<meta property=\"og:type\" content=\"article\" \/>\n<meta property=\"og:title\" content=\"Incaspin App | Piattaforme iOS e Android\" \/>\n<meta property=\"og:description\" content=\"L&#039;app Incaspin offre un&#039;esperienza di gioco fluida su Android, iOS, Windows e macOS, con account sincronizzati, aggiornamenti regolari e assistenza clienti integrata per un&#039;esperienza senza intoppi.\" \/>\n<meta property=\"og:url\" content=\"https:\/\/inca-spin.org\/it\/applicazione\/\" \/>\n<meta property=\"og:site_name\" content=\"incaspin\" \/>\n<meta property=\"article:modified_time\" content=\"2026-01-26T11:10:54+00:00\" \/>\n<meta name=\"twitter:card\" content=\"summary_large_image\" \/>\n<meta name=\"twitter:label1\" content=\"Est. reading time\" \/>\n\t<meta name=\"twitter:data1\" content=\"2 minutes\" \/>\n<script type=\"application\/ld+json\" class=\"yoast-schema-graph\">{\"@context\":\"https:\\\/\\\/schema.org\",\"@graph\":[{\"@type\":\"WebPage\",\"@id\":\"https:\\\/\\\/inca-spin.org\\\/it\\\/applicazione\\\/\",\"url\":\"https:\\\/\\\/inca-spin.org\\\/it\\\/applicazione\\\/\",\"name\":\"Incaspin App | Piattaforme iOS e Android\",\"isPartOf\":{\"@id\":\"https:\\\/\\\/inca-spin.org\\\/it\\\/#website\"},\"datePublished\":\"2026-01-23T12:44:29+00:00\",\"dateModified\":\"2026-01-26T11:10:54+00:00\",\"description\":\"L'app Incaspin offre un'esperienza di gioco fluida su Android, iOS, Windows e macOS, con account sincronizzati, aggiornamenti regolari e assistenza clienti integrata per un'esperienza senza intoppi.\",\"breadcrumb\":{\"@id\":\"https:\\\/\\\/inca-spin.org\\\/it\\\/applicazione\\\/#breadcrumb\"},\"inLanguage\":\"it-IT\",\"potentialAction\":[{\"@type\":\"ReadAction\",\"target\":[\"https:\\\/\\\/inca-spin.org\\\/it\\\/applicazione\\\/\"]}]},{\"@type\":\"BreadcrumbList\",\"@id\":\"https:\\\/\\\/inca-spin.org\\\/it\\\/applicazione\\\/#breadcrumb\",\"itemListElement\":[{\"@type\":\"ListItem\",\"position\":1,\"name\":\"Incaspin\",\"item\":\"https:\\\/\\\/inca-spin.org\\\/it\\\/\"},{\"@type\":\"ListItem\",\"position\":2,\"name\":\"Applicazione\"}]},{\"@type\":\"WebSite\",\"@id\":\"https:\\\/\\\/inca-spin.org\\\/it\\\/#website\",\"url\":\"https:\\\/\\\/inca-spin.org\\\/it\\\/\",\"name\":\"Incaspin\",\"description\":\"\",\"publisher\":{\"@id\":\"https:\\\/\\\/inca-spin.org\\\/it\\\/#organization\"},\"potentialAction\":[{\"@type\":\"SearchAction\",\"target\":{\"@type\":\"EntryPoint\",\"urlTemplate\":\"https:\\\/\\\/inca-spin.org\\\/it\\\/?s={search_term_string}\"},\"query-input\":{\"@type\":\"PropertyValueSpecification\",\"valueRequired\":true,\"valueName\":\"search_term_string\"}}],\"inLanguage\":\"it-IT\"},{\"@type\":\"Organization\",\"@id\":\"https:\\\/\\\/inca-spin.org\\\/it\\\/#organization\",\"name\":\"Incaspin\",\"url\":\"https:\\\/\\\/inca-spin.org\\\/it\\\/\",\"logo\":{\"@type\":\"ImageObject\",\"inLanguage\":\"it-IT\",\"@id\":\"https:\\\/\\\/inca-spin.org\\\/it\\\/#\\\/schema\\\/logo\\\/image\\\/\",\"url\":\"https:\\\/\\\/inca-spin.org\\\/wp-content\\\/uploads\\\/2026\\\/01\\\/Casino-logo-Desktop.png\",\"contentUrl\":\"https:\\\/\\\/inca-spin.org\\\/wp-content\\\/uploads\\\/2026\\\/01\\\/Casino-logo-Desktop.png\",\"width\":63,\"height\":24,\"caption\":\"Incaspin\"},\"image\":{\"@id\":\"https:\\\/\\\/inca-spin.org\\\/it\\\/#\\\/schema\\\/logo\\\/image\\\/\"}}]}<\/script>\n<!-- \/ Yoast SEO plugin. -->","yoast_head_json":{"title":"Incaspin App | Piattaforme iOS e Android","description":"L'app Incaspin offre un'esperienza di gioco fluida su Android, iOS, Windows e macOS, con account sincronizzati, aggiornamenti regolari e assistenza clienti integrata per un'esperienza senza intoppi.","robots":{"index":"index","follow":"follow","max-snippet":"max-snippet:-1","max-image-preview":"max-image-preview:large","max-video-preview":"max-video-preview:-1"},"canonical":"https:\/\/inca-spin.org\/it\/applicazione\/","og_locale":"it_IT","og_type":"article","og_title":"Incaspin App | Piattaforme iOS e Android","og_description":"L'app Incaspin offre un'esperienza di gioco fluida su Android, iOS, Windows e macOS, con account sincronizzati, aggiornamenti regolari e assistenza clienti integrata per un'esperienza senza intoppi.","og_url":"https:\/\/inca-spin.org\/it\/applicazione\/","og_site_name":"incaspin","article_modified_time":"2026-01-26T11:10:54+00:00","twitter_card":"summary_large_image","twitter_misc":{"Est. reading time":"2 minutes"},"schema":{"@context":"https:\/\/schema.org","@graph":[{"@type":"WebPage","@id":"https:\/\/inca-spin.org\/it\/applicazione\/","url":"https:\/\/inca-spin.org\/it\/applicazione\/","name":"Incaspin App | Piattaforme iOS e Android","isPartOf":{"@id":"https:\/\/inca-spin.org\/it\/#website"},"datePublished":"2026-01-23T12:44:29+00:00","dateModified":"2026-01-26T11:10:54+00:00","description":"L'app Incaspin offre un'esperienza di gioco fluida su Android, iOS, Windows e macOS, con account sincronizzati, aggiornamenti regolari e assistenza clienti integrata per un'esperienza senza intoppi.","breadcrumb":{"@id":"https:\/\/inca-spin.org\/it\/applicazione\/#breadcrumb"},"inLanguage":"it-IT","potentialAction":[{"@type":"ReadAction","target":["https:\/\/inca-spin.org\/it\/applicazione\/"]}]},{"@type":"BreadcrumbList","@id":"https:\/\/inca-spin.org\/it\/applicazione\/#breadcrumb","itemListElement":[{"@type":"ListItem","position":1,"name":"Incaspin","item":"https:\/\/inca-spin.org\/it\/"},{"@type":"ListItem","position":2,"name":"Applicazione"}]},{"@type":"WebSite","@id":"https:\/\/inca-spin.org\/it\/#website","url":"https:\/\/inca-spin.org\/it\/","name":"Incaspin","description":"","publisher":{"@id":"https:\/\/inca-spin.org\/it\/#organization"},"potentialAction":[{"@type":"SearchAction","target":{"@type":"EntryPoint","urlTemplate":"https:\/\/inca-spin.org\/it\/?s={search_term_string}"},"query-input":{"@type":"PropertyValueSpecification","valueRequired":true,"valueName":"search_term_string"}}],"inLanguage":"it-IT"},{"@type":"Organization","@id":"https:\/\/inca-spin.org\/it\/#organization","name":"Incaspin","url":"https:\/\/inca-spin.org\/it\/","logo":{"@type":"ImageObject","inLanguage":"it-IT","@id":"https:\/\/inca-spin.org\/it\/#\/schema\/logo\/image\/","url":"https:\/\/inca-spin.org\/wp-content\/uploads\/2026\/01\/Casino-logo-Desktop.png","contentUrl":"https:\/\/inca-spin.org\/wp-content\/uploads\/2026\/01\/Casino-logo-Desktop.png","width":63,"height":24,"caption":"Incaspin"},"image":{"@id":"https:\/\/inca-spin.org\/it\/#\/schema\/logo\/image\/"}}]}},"_links":{"self":[{"href":"https:\/\/inca-spin.org\/it\/wp-json\/wp\/v2\/pages\/1422","targetHints":{"allow":["GET"]}}],"collection":[{"href":"https:\/\/inca-spin.org\/it\/wp-json\/wp\/v2\/pages"}],"about":[{"href":"https:\/\/inca-spin.org\/it\/wp-json\/wp\/v2\/types\/page"}],"author":[{"embeddable":true,"href":"https:\/\/inca-spin.org\/it\/wp-json\/wp\/v2\/users\/1"}],"replies":[{"embeddable":true,"href":"https:\/\/inca-spin.org\/it\/wp-json\/wp\/v2\/comments?post=1422"}],"version-history":[{"count":2,"href":"https:\/\/inca-spin.org\/it\/wp-json\/wp\/v2\/pages\/1422\/revisions"}],"predecessor-version":[{"id":1803,"href":"https:\/\/inca-spin.org\/it\/wp-json\/wp\/v2\/pages\/1422\/revisions\/1803"}],"wp:attachment":[{"href":"https:\/\/inca-spin.org\/it\/wp-json\/wp\/v2\/media?parent=1422"}],"curies":[{"name":"wp","href":"https:\/\/api.w.org\/{rel}","templated":true}]}}