{"id":1471,"date":"2026-01-23T12:50:08","date_gmt":"2026-01-23T12:50:08","guid":{"rendered":"https:\/\/inca-spin.org\/login-and-registration\/"},"modified":"2026-01-26T11:12:19","modified_gmt":"2026-01-26T11:12:19","slug":"accesso-e-registrazione","status":"publish","type":"page","link":"https:\/\/inca-spin.org\/it\/accesso-e-registrazione\/","title":{"rendered":"Accesso e registrazione"},"content":{"rendered":"<h1>Accesso e registrazione all&#8217;account Incaspin<\/h1>\n<p>La registrazione e Incaspin login offrono un accesso ininterrotto a una delle migliori esperienze di casin\u00f2 online che tu possa mai avere! I giocatori italiani hanno l&#8217;opportunit\u00e0 di godere di un&#8217;ampia gamma di giochi in modo sicuro ed efficiente. Offriamo una piattaforma di gestione dell&#8217;account facile da usare, pagamenti sicuri e servizi personalizzati per migliorare ogni gioco e aumentare le tue abilit\u00e0.<\/p>\n<p><div class=\"banner-wrap\" aria-label=\"Banner\"><img src=\"https:\/\/inca-spin.org\/wp-content\/uploads\/2026\/01\/Incaspin-general-background-800\u2564\u0415342.webp\" class=\"w-100 d-none d-lg-block img-pc main-banner-img\" alt=\"Incaspin desktop banner\" fetchpriority=\"high\" decoding=\"async\"><img src=\"https:\/\/inca-spin.org\/wp-content\/uploads\/2026\/01\/Incaspin-mobile-banner.webp\" class=\"w-100 d-none d-md-block d-lg-none main-banner-img\" alt=\"Incaspin mobile banner\" fetchpriority=\"high\" decoding=\"async\"><img src=\"https:\/\/inca-spin.org\/wp-content\/uploads\/2026\/01\/Incaspin-mobile-banner.webp\" class=\"w-100 d-md-none\" alt=\"Incaspin mobile banner\" fetchpriority=\"high\" decoding=\"async\"><div class=\"banner-description\">\n<div class=\"banner-title\">Bonus di benvenuto<\/div>\n<p class=\"banner-header-title\">\u20ac1500<\/p>\n<div class=\"banner-header-AdditionalText\">+ 250 Giri gratuiti<\/div>\n<button data-item=\"homepage_banner_link\" class=\"goto m-button m-gradient-border m-button--primary m-button--large banner-button btn-orange\">\n            <div class=\"m-button-content\">\n                <span>Iscriviti ora<\/span>\n                <span><\/span>\n            <\/div>\n        <\/button>\n<\/div>\n<div class=\"WelcomePack\">\n<p><img loading=\"lazy\" decoding=\"async\" class=\"alignnone size-full wp-image-1369\" src=\"https:\/\/inca-spin.org\/wp-content\/uploads\/2026\/01\/welcome-crown.png\" alt=\"welcome crown\" width=\"25\" height=\"26\" \/><\/p>\n<div class=\"WelcomePack-Info\">Cashback settimanale fino al 25%<\/div>\n<p><img loading=\"lazy\" decoding=\"async\" class=\"alignnone size-full wp-image-1369\" src=\"https:\/\/inca-spin.org\/wp-content\/uploads\/2026\/01\/welcome-crown.png\" alt=\"welcome crown\" width=\"25\" height=\"26\" \/><\/p>\n<\/div>\n<\/div><div class=\"scrollable-content-wrap my-5\"><div class=\"scrollable-content-inner\"><h2>Registrazione di nuovi utenti su Inca Spin<\/h2>\n<p>Quando ti registri su Incaspin Casino, apri le porte alle massime potenzialit\u00e0 del nostro sito. I nuovi giocatori che effettuano il loro primo accesso a Incaspin hanno diritto a un&#8217;ampia selezione di giochi, tra cui slot, giochi da tavolo, giochi con croupier dal vivo e promozioni speciali. La registrazione \u00e8 semplicissima! L&#8217;abbiamo pensata cos\u00ec, puntando soprattutto alla semplicit\u00e0 e alla rapidit\u00e0. Consente ai giocatori di godersi immediatamente i loro giochi preferiti non appena viene creato il loro account.<\/p>\n<h2>Crea il tuo account<\/h2>\n<p>Puoi creare il tuo account su Incaspin con un paio di clic del mouse. Ecco come fare:<\/p>\n<ol>\n<li>Trova il pulsante di registrazione sulla home page e selezionalo.<\/li>\n<li>Compila il modulo di registrazione utilizzando le tue informazioni personali, come il tuo indirizzo e-mail e una password sicura.<\/li>\n<li>Inserisci il tuo codice promozionale, se ne hai uno.<\/li>\n<li>Seleziona questa casella se desideri ricevere informazioni sulle novit\u00e0 del nostro casin\u00f2 e seleziona i tuoi partner.<\/li>\n<li>Spunta la casella che attesta che non sei minorenne, altrimenti non potrai giocare con noi.<\/li>\n<li>Accetta i termini e le condizioni e invia il modulo di registrazione.<\/li>\n<\/ol>\n<p>Dopo la registrazione, riceverai un&#8217;e-mail di conferma per autenticare il tuo account. In questo modo potrai sbloccare tutte le possibilit\u00e0 offerte da Incaspin Casino per il tuo primo accesso a Incaspin.<\/p>\n<h2>Creazione e utilizzo di un account Incaspin<\/h2>\n<p>Effettuare il tuo primo accesso a Incaspin non \u00e8 mai stato cos\u00ec facile!<\/p>\n<ol>\n<li>Seleziona il pulsante &#8220;Accedi&#8221; di Inca Spin nell&#8217;angolo in alto a destra.<\/li>\n<li>Verr\u00e0 visualizzato il messaggio di benvenuto &#8220;Welcome Back&#8221;. Inserisci l&#8217;indirizzo e-mail e la password utilizzati per la registrazione.<\/li>\n<li>Clicca sul pulsante di accesso a Incaspin per accedere al tuo account.<\/li>\n<\/ol>\n<p>E questo \u00e8 tutto! Una volta effettuato l&#8217;accesso a Incaspin Casino, potrai effettuare depositi, ottenere bonus, partecipare a promozioni e modificare le impostazioni del tuo account.<\/p>\n<p>Il nostro sito Incaspin Casino ha una dashboard accogliente e intuitiva: non ti perderai mai! Inoltre, ti offriamo un supporto multilingue che consente ai giocatori di godersi comodamente la piattaforma.<\/p>\n<p>I giocatori possono anche abilitare misure di sicurezza aggiuntive, come l&#8217;autenticazione a due fattori, per proteggere i propri account. La verifica regolare dell&#8217;attivit\u00e0 dell&#8217;account e dei dati personali contribuisce a garantire un ambiente di gioco sicuro per te e i tuoi amici su Inca Spin Casino.<\/p>\n<h3>Hai dimenticato la password di Incaspin Casino?<\/h3>\n<p>Il recupero dell&#8217;account richieder\u00e0 meno di un minuto nel caso in cui tu abbia perso la password:<\/p>\n<ol>\n<li>Vai alla sezione di accesso di Incaspin.<\/li>\n<li>Clicca sul link &#8220;Hai dimenticato la password?&#8221;.<\/li>\n<li>Inserisci il tuo indirizzo e-mail per ricevere un link di reimpostazione.<\/li>\n<li>Per modificare la password, segui le istruzioni contenute nell&#8217;e-mail.<\/li>\n<\/ol>\n<p>Questo procedimento \u00e8 necessario per garantire un accesso sicuro e il recupero delle credenziali, consentendoti di accedere al tuo account nel minor tempo possibile.<\/p>\n<h3>Verifica dell&#8217;account e sicurezza su Incaspin Casino<\/h3>\n<p>La procedura di verifica dell&#8217;account su Incaspin Casino \u00e8 necessaria per proteggere i profili degli utenti e rispettare i requisiti legali. Ai giocatori pu\u00f2 essere richiesto di verificare la propria identit\u00e0 durante la registrazione o quando effettuano transazioni importanti.<\/p>\n<p>La verifica richiede i tuoi documenti ufficiali per verificare la tua identit\u00e0, et\u00e0 e indirizzo. I documenti sono proprio quelli che hai sempre a portata di mano: documenti d&#8217;identit\u00e0, bollette o estratti conto bancari. Il processo \u00e8 il seguente:<\/p>\n<table>\n<tbody>\n<tr>\n<td>Passaggio<\/td>\n<td>Azione<\/td>\n<td>Dettagli<\/td>\n<\/tr>\n<tr>\n<td>1<\/td>\n<td>Invio dei documenti<\/td>\n<td>Caricare il documento di identit\u00e0 originale, la bolletta e l&#8217;estratto conto bancario<\/td>\n<\/tr>\n<tr>\n<td>2<\/td>\n<td>Revisione<\/td>\n<td>Il team di assistenza valuta i documenti entro 48 ore<\/td>\n<\/tr>\n<tr>\n<td>3<\/td>\n<td>Conferma della verifica<\/td>\n<td>L&#8217;account viene verificato e le restrizioni (se presenti) vengono rimosse<\/td>\n<\/tr>\n<\/tbody>\n<\/table>\n<p>I risultati di questo processo sono una maggiore sicurezza, una riduzione delle frodi e politiche di gioco responsabile.<\/p>\n<h3>Come modificare la password o l&#8217;indirizzo e-mail?<\/h3>\n<p>Per rinnovare le informazioni del tuo account nel caso in cui tu abbia commesso un errore o ci siano stati cambiamenti nella tua vita, procedi come segue:<\/p>\n<ol>\n<li>Come sempre, inizia con il login a Incaspin.<\/li>\n<li>Vai alla sezione delle impostazioni dell&#8217;account.<\/li>\n<li>Scegli di modificare la password o l&#8217;indirizzo e-mail.<\/li>\n<li>Inserisci i nuovi dati e conferma tutte le modifiche.<\/li>\n<\/ol>\n<p>Per motivi di sicurezza, potrebbe esserti richiesto di autenticarti prima che gli aggiornamenti siano completati. \u00c8 una procedura normale, quindi non allarmarti. Lo facciamo sempre.<\/p>\n<p>\u00c8 importante mantenere aggiornati i dati di contatto al variare delle circostanze. Lo comprendiamo, ma presta comunque attenzione alle nostre notifiche e alla sicurezza dell&#8217;account.<\/p>\n<h2>Domande frequenti<\/h2>\n<h3>Come posso eseguire il processo di verifica dell&#8217;account?<\/h3>\n<p>Fornisci i documenti di identit\u00e0 richiesti utilizzando la dashboard del tuo account. Questi saranno controllati dal nostro team di assistenza poco dopo. In questo modo, rispettiamo i requisiti legali e proteggiamo te e gli altri membri di Incaspin.<\/p>\n<h3>Come posso aggiornare la mia password o il mio indirizzo e-mail?<\/h3>\n<p>Vai alle impostazioni del tuo account e scegli l&#8217;opzione appropriata (quella che desideri aggiornare), quindi procedi con le modifiche. Potrebbe essere necessaria una verifica. Se riscontri difficolt\u00e0 durante il processo, scrivici nella chat live: ti aiuteremo.<\/p>\n<h3>Come posso contattare l&#8217;assistenza clienti per ricevere aiuto?<\/h3>\n<p>Se hai bisogno di aiuto, contatta l&#8217;assistenza clienti tramite la funzione di chat live sul nostro sito web o via e-mail. Siamo a tua disposizione per aiutarti con domande o problemi, sia di natura tecnica che finanziaria. Non esitare a contattarci!<\/p>\n<\/div><\/div><\/p>\n","protected":false},"excerpt":{"rendered":"<p>Accesso e registrazione all&#8217;account Incaspin La registrazione e Incaspin login offrono un accesso ininterrotto a una delle migliori esperienze di casin\u00f2 online che tu possa mai avere! I giocatori italiani hanno l&#8217;opportunit\u00e0 di godere di un&#8217;ampia gamma di giochi in modo sicuro ed efficiente. Offriamo una piattaforma di gestione dell&#8217;account facile da usare, pagamenti sicuri [&hellip;]<\/p>\n","protected":false},"author":1,"featured_media":0,"parent":0,"menu_order":0,"comment_status":"closed","ping_status":"closed","template":"template-builder.php","meta":{"_acf_changed":false,"inline_featured_image":false,"footnotes":""},"class_list":["post-1471","page","type-page","status-publish","hentry"],"acf":[],"yoast_head":"<!-- This site is optimized with the Yoast SEO plugin v27.3 - https:\/\/yoast.com\/product\/yoast-seo-wordpress\/ -->\n<title>Incaspin Login e registrazione<\/title>\n<meta name=\"description\" content=\"Crea, gestisci e verifica il tuo account Incaspin Casino senza alcuno sforzo. Approfitta della registrazione rapida, del facile recupero dell&#039;account e della chiusura sicura con Incaspin Login, che protegge il tuo account 24 ore su 24.\" \/>\n<meta name=\"robots\" content=\"index, follow, max-snippet:-1, max-image-preview:large, max-video-preview:-1\" \/>\n<link rel=\"canonical\" href=\"https:\/\/inca-spin.org\/it\/accesso-e-registrazione\/\" \/>\n<meta property=\"og:locale\" content=\"it_IT\" \/>\n<meta property=\"og:type\" content=\"article\" \/>\n<meta property=\"og:title\" content=\"Incaspin Login e registrazione\" \/>\n<meta property=\"og:description\" content=\"Crea, gestisci e verifica il tuo account Incaspin Casino senza alcuno sforzo. Approfitta della registrazione rapida, del facile recupero dell&#039;account e della chiusura sicura con Incaspin Login, che protegge il tuo account 24 ore su 24.\" \/>\n<meta property=\"og:url\" content=\"https:\/\/inca-spin.org\/it\/accesso-e-registrazione\/\" \/>\n<meta property=\"og:site_name\" content=\"incaspin\" \/>\n<meta property=\"article:modified_time\" content=\"2026-01-26T11:12:19+00:00\" \/>\n<meta name=\"twitter:card\" content=\"summary_large_image\" \/>\n<meta name=\"twitter:label1\" content=\"Est. reading time\" \/>\n\t<meta name=\"twitter:data1\" content=\"1 minute\" \/>\n<script type=\"application\/ld+json\" class=\"yoast-schema-graph\">{\"@context\":\"https:\\\/\\\/schema.org\",\"@graph\":[{\"@type\":\"WebPage\",\"@id\":\"https:\\\/\\\/inca-spin.org\\\/it\\\/accesso-e-registrazione\\\/\",\"url\":\"https:\\\/\\\/inca-spin.org\\\/it\\\/accesso-e-registrazione\\\/\",\"name\":\"Incaspin Login e registrazione\",\"isPartOf\":{\"@id\":\"https:\\\/\\\/inca-spin.org\\\/it\\\/#website\"},\"datePublished\":\"2026-01-23T12:50:08+00:00\",\"dateModified\":\"2026-01-26T11:12:19+00:00\",\"description\":\"Crea, gestisci e verifica il tuo account Incaspin Casino senza alcuno sforzo. Approfitta della registrazione rapida, del facile recupero dell'account e della chiusura sicura con Incaspin Login, che protegge il tuo account 24 ore su 24.\",\"breadcrumb\":{\"@id\":\"https:\\\/\\\/inca-spin.org\\\/it\\\/accesso-e-registrazione\\\/#breadcrumb\"},\"inLanguage\":\"it-IT\",\"potentialAction\":[{\"@type\":\"ReadAction\",\"target\":[\"https:\\\/\\\/inca-spin.org\\\/it\\\/accesso-e-registrazione\\\/\"]}]},{\"@type\":\"BreadcrumbList\",\"@id\":\"https:\\\/\\\/inca-spin.org\\\/it\\\/accesso-e-registrazione\\\/#breadcrumb\",\"itemListElement\":[{\"@type\":\"ListItem\",\"position\":1,\"name\":\"Incaspin\",\"item\":\"https:\\\/\\\/inca-spin.org\\\/it\\\/\"},{\"@type\":\"ListItem\",\"position\":2,\"name\":\"Accesso e registrazione\"}]},{\"@type\":\"WebSite\",\"@id\":\"https:\\\/\\\/inca-spin.org\\\/it\\\/#website\",\"url\":\"https:\\\/\\\/inca-spin.org\\\/it\\\/\",\"name\":\"Incaspin\",\"description\":\"\",\"publisher\":{\"@id\":\"https:\\\/\\\/inca-spin.org\\\/it\\\/#organization\"},\"potentialAction\":[{\"@type\":\"SearchAction\",\"target\":{\"@type\":\"EntryPoint\",\"urlTemplate\":\"https:\\\/\\\/inca-spin.org\\\/it\\\/?s={search_term_string}\"},\"query-input\":{\"@type\":\"PropertyValueSpecification\",\"valueRequired\":true,\"valueName\":\"search_term_string\"}}],\"inLanguage\":\"it-IT\"},{\"@type\":\"Organization\",\"@id\":\"https:\\\/\\\/inca-spin.org\\\/it\\\/#organization\",\"name\":\"Incaspin\",\"url\":\"https:\\\/\\\/inca-spin.org\\\/it\\\/\",\"logo\":{\"@type\":\"ImageObject\",\"inLanguage\":\"it-IT\",\"@id\":\"https:\\\/\\\/inca-spin.org\\\/it\\\/#\\\/schema\\\/logo\\\/image\\\/\",\"url\":\"https:\\\/\\\/inca-spin.org\\\/wp-content\\\/uploads\\\/2026\\\/01\\\/Casino-logo-Desktop.png\",\"contentUrl\":\"https:\\\/\\\/inca-spin.org\\\/wp-content\\\/uploads\\\/2026\\\/01\\\/Casino-logo-Desktop.png\",\"width\":63,\"height\":24,\"caption\":\"Incaspin\"},\"image\":{\"@id\":\"https:\\\/\\\/inca-spin.org\\\/it\\\/#\\\/schema\\\/logo\\\/image\\\/\"}}]}<\/script>\n<!-- \/ Yoast SEO plugin. -->","yoast_head_json":{"title":"Incaspin Login e registrazione","description":"Crea, gestisci e verifica il tuo account Incaspin Casino senza alcuno sforzo. Approfitta della registrazione rapida, del facile recupero dell'account e della chiusura sicura con Incaspin Login, che protegge il tuo account 24 ore su 24.","robots":{"index":"index","follow":"follow","max-snippet":"max-snippet:-1","max-image-preview":"max-image-preview:large","max-video-preview":"max-video-preview:-1"},"canonical":"https:\/\/inca-spin.org\/it\/accesso-e-registrazione\/","og_locale":"it_IT","og_type":"article","og_title":"Incaspin Login e registrazione","og_description":"Crea, gestisci e verifica il tuo account Incaspin Casino senza alcuno sforzo. Approfitta della registrazione rapida, del facile recupero dell'account e della chiusura sicura con Incaspin Login, che protegge il tuo account 24 ore su 24.","og_url":"https:\/\/inca-spin.org\/it\/accesso-e-registrazione\/","og_site_name":"incaspin","article_modified_time":"2026-01-26T11:12:19+00:00","twitter_card":"summary_large_image","twitter_misc":{"Est. reading time":"1 minute"},"schema":{"@context":"https:\/\/schema.org","@graph":[{"@type":"WebPage","@id":"https:\/\/inca-spin.org\/it\/accesso-e-registrazione\/","url":"https:\/\/inca-spin.org\/it\/accesso-e-registrazione\/","name":"Incaspin Login e registrazione","isPartOf":{"@id":"https:\/\/inca-spin.org\/it\/#website"},"datePublished":"2026-01-23T12:50:08+00:00","dateModified":"2026-01-26T11:12:19+00:00","description":"Crea, gestisci e verifica il tuo account Incaspin Casino senza alcuno sforzo. Approfitta della registrazione rapida, del facile recupero dell'account e della chiusura sicura con Incaspin Login, che protegge il tuo account 24 ore su 24.","breadcrumb":{"@id":"https:\/\/inca-spin.org\/it\/accesso-e-registrazione\/#breadcrumb"},"inLanguage":"it-IT","potentialAction":[{"@type":"ReadAction","target":["https:\/\/inca-spin.org\/it\/accesso-e-registrazione\/"]}]},{"@type":"BreadcrumbList","@id":"https:\/\/inca-spin.org\/it\/accesso-e-registrazione\/#breadcrumb","itemListElement":[{"@type":"ListItem","position":1,"name":"Incaspin","item":"https:\/\/inca-spin.org\/it\/"},{"@type":"ListItem","position":2,"name":"Accesso e registrazione"}]},{"@type":"WebSite","@id":"https:\/\/inca-spin.org\/it\/#website","url":"https:\/\/inca-spin.org\/it\/","name":"Incaspin","description":"","publisher":{"@id":"https:\/\/inca-spin.org\/it\/#organization"},"potentialAction":[{"@type":"SearchAction","target":{"@type":"EntryPoint","urlTemplate":"https:\/\/inca-spin.org\/it\/?s={search_term_string}"},"query-input":{"@type":"PropertyValueSpecification","valueRequired":true,"valueName":"search_term_string"}}],"inLanguage":"it-IT"},{"@type":"Organization","@id":"https:\/\/inca-spin.org\/it\/#organization","name":"Incaspin","url":"https:\/\/inca-spin.org\/it\/","logo":{"@type":"ImageObject","inLanguage":"it-IT","@id":"https:\/\/inca-spin.org\/it\/#\/schema\/logo\/image\/","url":"https:\/\/inca-spin.org\/wp-content\/uploads\/2026\/01\/Casino-logo-Desktop.png","contentUrl":"https:\/\/inca-spin.org\/wp-content\/uploads\/2026\/01\/Casino-logo-Desktop.png","width":63,"height":24,"caption":"Incaspin"},"image":{"@id":"https:\/\/inca-spin.org\/it\/#\/schema\/logo\/image\/"}}]}},"_links":{"self":[{"href":"https:\/\/inca-spin.org\/it\/wp-json\/wp\/v2\/pages\/1471","targetHints":{"allow":["GET"]}}],"collection":[{"href":"https:\/\/inca-spin.org\/it\/wp-json\/wp\/v2\/pages"}],"about":[{"href":"https:\/\/inca-spin.org\/it\/wp-json\/wp\/v2\/types\/page"}],"author":[{"embeddable":true,"href":"https:\/\/inca-spin.org\/it\/wp-json\/wp\/v2\/users\/1"}],"replies":[{"embeddable":true,"href":"https:\/\/inca-spin.org\/it\/wp-json\/wp\/v2\/comments?post=1471"}],"version-history":[{"count":1,"href":"https:\/\/inca-spin.org\/it\/wp-json\/wp\/v2\/pages\/1471\/revisions"}],"predecessor-version":[{"id":1804,"href":"https:\/\/inca-spin.org\/it\/wp-json\/wp\/v2\/pages\/1471\/revisions\/1804"}],"wp:attachment":[{"href":"https:\/\/inca-spin.org\/it\/wp-json\/wp\/v2\/media?parent=1471"}],"curies":[{"name":"wp","href":"https:\/\/api.w.org\/{rel}","templated":true}]}}