{"id":1424,"date":"2026-01-23T12:44:29","date_gmt":"2026-01-23T12:44:29","guid":{"rendered":"https:\/\/inca-spin.org\/app\/"},"modified":"2026-01-26T11:47:49","modified_gmt":"2026-01-26T11:47:49","slug":"aplikacja","status":"publish","type":"page","link":"https:\/\/inca-spin.org\/pl\/aplikacja\/","title":{"rendered":"Aplikacja"},"content":{"rendered":"<h1>Platforma mobilna Incaspin<\/h1>\n<p>Incaspin app zapewnia interaktywne i p\u0142ynne wra\u017cenia z gry dla wszystkich graczy. Zosta\u0142a specjalnie zaprojektowana do wsp\u00f3\u0142pracy z urz\u0105dzeniami mobilnymi. Incaspin Casino app zosta\u0142a stworzona w taki spos\u00f3b, aby odpowiada\u0142a polskim graczom dzi\u0119ki wysokiej jako\u015bci funkcjom, przyjaznemu dla u\u017cytkownika interfejsowi i wysokiemu poziomowi bezpiecze\u0144stwa.<\/p>\n<p>Oferujemy natychmiastowy dost\u0119p do szerokiej gamy automat\u00f3w online, zdrapek i innych gier sto\u0142owych oraz gier z krupierem na \u017cywo, dzi\u0119ki czemu nasi gracze mog\u0105 si\u0119 bawi\u0107 w dowolnym momencie. Incaspin app zapewnia najwy\u017cszy standard gier mobilnego kasyna wspieranych przez najnowsz\u0105 technologi\u0119.<\/p>\n<div class=\"banner-wrap\" aria-label=\"Banner\"><img src=\"https:\/\/inca-spin.org\/wp-content\/uploads\/2026\/01\/Incaspin-general-background-800\u2564\u0415342.webp\" class=\"w-100 d-none d-lg-block img-pc main-banner-img\" alt=\"Incaspin desktop banner\" fetchpriority=\"high\" decoding=\"async\"><img src=\"https:\/\/inca-spin.org\/wp-content\/uploads\/2026\/01\/Incaspin-mobile-banner.webp\" class=\"w-100 d-none d-md-block d-lg-none main-banner-img\" alt=\"Incaspin mobile banner\" fetchpriority=\"high\" decoding=\"async\"><img src=\"https:\/\/inca-spin.org\/wp-content\/uploads\/2026\/01\/Incaspin-mobile-banner.webp\" class=\"w-100 d-md-none\" alt=\"Incaspin mobile banner\" fetchpriority=\"high\" decoding=\"async\"><div class=\"banner-description\">\n<div class=\"banner-title\">Bonusy powitalne<\/div>\n<p class=\"banner-header-title\">\u20ac1500<\/p>\n<div class=\"banner-header-AdditionalText\">+ 250 Darmowe spiny<\/div>\n<button data-item=\"homepage_banner_link\" class=\"goto m-button m-gradient-border m-button--primary m-button--large banner-button btn-orange\">\n            <div class=\"m-button-content\">\n                <span>Zarejestruj si\u0119 teraz<\/span>\n                <span><\/span>\n            <\/div>\n        <\/button>\n<\/div>\n<div class=\"WelcomePack\">\n<p><img loading=\"lazy\" decoding=\"async\" class=\"alignnone size-full wp-image-1369\" src=\"https:\/\/inca-spin.org\/wp-content\/uploads\/2026\/01\/welcome-crown.png\" alt=\"welcome crown\" width=\"25\" height=\"26\" \/><\/p>\n<div class=\"WelcomePack-Info\">Cotygodniowy zwrot got\u00f3wki do 25%<\/div>\n<p><img loading=\"lazy\" decoding=\"async\" class=\"alignnone size-full wp-image-1369\" src=\"https:\/\/inca-spin.org\/wp-content\/uploads\/2026\/01\/welcome-crown.png\" alt=\"welcome crown\" width=\"25\" height=\"26\" \/><\/p>\n<\/div>\n<\/div>\n<h2>Korzystanie z Incaspin na urz\u0105dzeniach mobilnych<\/h2>\n<p>Aplikacja Incaspin zosta\u0142a zaprojektowana w celu usprawnienia procesu gry i pod wieloma wa\u017cnymi wzgl\u0119dami jest lepsza ni\u017c granie za pomoc\u0105 przegl\u0105darek. Aplikacja jest przeznaczona wy\u0142\u0105cznie dla telefon\u00f3w. Gwarantuje szybsze \u0142adowanie, \u0142atwiejsz\u0105 grafik\u0119 i lepsz\u0105 wydajno\u015b\u0107 na wszystkich urz\u0105dzeniach. \u0141atwy w obs\u0142udze interfejs sprawia, \u017ce jest ona przyjazna dla u\u017cytkownika! Gracze Incaspin Casino mog\u0105 z \u0142atwo\u015bci\u0105 klika\u0107 przyciski i wybiera\u0107 wszystkie wymagane opcje, a tak\u017ce bez wi\u0119kszego wysi\u0142ku znale\u017a\u0107 swoje ulubione gry.<\/p>\n<p>Aplikacja zapewnia r\u00f3wnie\u017c wysokie bezpiecze\u0144stwo danych osobowych. Stworzyli\u015bmy specjalne powiadomienia o logowaniu i transakcjach, a tak\u017ce zabezpieczyli\u015bmy informacje finansowe, dzi\u0119ki czemu nie musisz si\u0119 martwi\u0107 podczas gry. W por\u00f3wnaniu z gr\u0105 za po\u015brednictwem przegl\u0105darki mobilnej aplikacja Incaspin jest bardziej stabilna i responsywna. Wyst\u0119puje mniej op\u00f3\u017anie\u0144 i przerw, a wra\u017cenia z gry s\u0105 bardziej jednolite.<\/p>\n<p>Ponadto aplikacja Inca Spin zapewnia takie funkcje, jak synchronizacja gier w czasie rzeczywistym, wsparcie na czacie na \u017cywo oraz weryfikacja wszystkich kont Inca Spin. Wszystkie te elementy tworz\u0105 bezpieczne i wydajne \u015brodowisko gry. \u0141atwiej jest zarz\u0105dza\u0107 kontem, wp\u0142aca\u0107 \u015brodki i komunikowa\u0107 si\u0119 z obs\u0142ug\u0105 klienta bez konieczno\u015bci opuszczania aplikacji Incaspin. Oprogramowanie pasuje do ka\u017cdego ekranu smartfona lub tabletu, dzi\u0119ki czemu jest \u0142atwe w u\u017cyciu. Podsumowuj\u0105c, aplikacja Incaspin przenosi mobilne kasyno na nowy poziom, \u0142\u0105cz\u0105c wygod\u0119, szybko\u015b\u0107 i bezpiecze\u0144stwo w jednym niewielkim urz\u0105dzeniu.<\/p>\n<p>Podsumujmy, dlaczego aplikacja Inca Spin jest najlepsza:<\/p>\n<ul>\n<li>Aplikacja Incaspin koncentruje si\u0119 na ochronie danych u\u017cytkownika.<\/li>\n<li>Zapewnia bardziej stabilne i szybsze dzia\u0142anie w por\u00f3wnaniu z przegl\u0105darkami mobilnymi.<\/li>\n<li>Dzi\u0119ki synchronizacji gier w czasie rzeczywistym, czatowi pomocy na \u017cywo i sprawdzaniu konta u\u017cytkownicy mog\u0105 bez problem\u00f3w wykonywa\u0107 potrzebne czynno\u015bci w aplikacji.<\/li>\n<li>Aplikacja dzia\u0142a dobrze na telefonach i tabletach o r\u00f3\u017cnych rozmiarach ekranu, dzi\u0119ki czemu jest \u0142atwa w u\u017cyciu.<\/li>\n<\/ul>\n<p><div class=\"scrollable-content-wrap my-5\"><div class=\"scrollable-content-inner\"><h2>Aplikacja mobilna Incaspin na Androida<\/h2>\n<p>Aplikacja Incaspin Casino na Androida jest progresywn\u0105 aplikacj\u0105 internetow\u0105 (PWA). Stanowi alternatyw\u0119 dla tradycyjnych plik\u00f3w APK \u2014 jest bardziej nowoczesna i lekka. Rozwi\u0105zanie to nie wymaga pobierania i instalowania du\u017cych plik\u00f3w bezpo\u015brednio na urz\u0105dzeniach, co upraszcza dost\u0119p i zwi\u0119ksza bezpiecze\u0144stwo.<\/p>\n<p>Aplikacja Incaspin PWA jest dost\u0119pna w ka\u017cdej przegl\u0105darce Android, w tym Chrome i Firefox. Mo\u017cna j\u0105 przypi\u0105\u0107 do ekranu g\u0142\u00f3wnego za pomoc\u0105 jednego przycisku. Zapewnia to fajne wra\u017cenia z gry, szybkie \u0142adowanie i mo\u017cliwo\u015b\u0107 korzystania z niej w trybie offline w niekt\u00f3rych przypadkach.<\/p>\n<p>Poniewa\u017c aplikacja Incaspin nie korzysta ju\u017c z plik\u00f3w APK, w przegl\u0105darce b\u0119d\u0105 pojawia\u0107 si\u0119 automatyczne aktualizacje, a gracze nigdy nie przegapi\u0105 nowych funkcji ani ulepsze\u0144 bezpiecze\u0144stwa. Aplikacja PWA mo\u017ce by\u0107 skalowana do wysokiej wydajno\u015bci i nie wymaga du\u017cej ilo\u015bci pami\u0119ci. Dobrze sprawdza si\u0119 na urz\u0105dzeniach o ograniczonej pojemno\u015bci pami\u0119ci. Aplikacja dzia\u0142a na wszystkich urz\u0105dzeniach z systemem Android i ka\u017cdy mo\u017ce cieszy\u0107 si\u0119 wyj\u0105tkowymi wra\u017ceniami z gry (niezale\u017cnie od tego, czy s\u0105 to automaty, gry sto\u0142owe, czy krupierzy na \u017cywo). Aplikacja Inca Spin mo\u017ce pozosta\u0107 w pe\u0142ni funkcjonalna dzi\u0119ki obs\u0142udze weryfikacji, czatu na \u017cywo i bezpiecznych transakcji.<\/p>\n<p><img loading=\"lazy\" decoding=\"async\" src=\"https:\/\/inca-spin.org\/wp-content\/uploads\/2026\/01\/Incaspin-Android.webp\" alt=\"Incaspin Android\" width=\"1248\" height=\"536\" \/><\/p>\n<\/div><\/div><div style=\"clear: both\"><\/div><div class=\"d-flex justify-content-center\"><button data-item=\"decouvrez_link\" data-group=\"website_links\" class=\"goto fw-bold rounded-pill btn btn-orange\" aria-label=\"Pobierz aplikacj\u0119 Incaspin\" >Pobierz aplikacj\u0119 Incaspin<\/button><\/div><div class=\"scrollable-content-wrap my-5\"><div class=\"scrollable-content-inner\"><h2>Aplikacja mobilna Incaspin na iOS<\/h2>\n<p>Kasyno Incaspin oferuje \u0142atwy dost\u0119p do kasyna za po\u015brednictwem przegl\u0105darek mobilnych, takich jak Safari na iOS. Wiemy, \u017ce nie tylko w\u0142a\u015bciciele urz\u0105dze\u0144 Apple mog\u0105 korzysta\u0107 z Safari, wi\u0119c ta informacja jest przeznaczona dla wszystkich.<\/p>\n<ol>\n<li>Aplikacj\u0119 Incaspin Casino mo\u017cna umie\u015bci\u0107 na ekranie g\u0142\u00f3wnym poprzez bezpo\u015brednie pobranie aplikacji ze strony internetowej, aby uzyska\u0107 wygodny dost\u0119p do platformy.<\/li>\n<li>Przewi\u0144 w d\u00f3\u0142 do stopki.<\/li>\n<li>Kliknij przycisk, kt\u00f3ry uruchamia instalacj\u0119 \u2014 jest to \u201eAplikacja kasyna\u201d.<\/li>\n<li>Po instalacji aplikacja dzia\u0142a jak aplikacja natywna i zapewnia pe\u0142ny dost\u0119p do biblioteki gier, czatu na \u017cywo i zarz\u0105dzania kontem.<\/li>\n<\/ol>\n<p>Jak wida\u0107, nasza aplikacja internetowa zapewnia bezpieczne i usprawnione dzia\u0142anie, kt\u00f3re odzwierciedla dzia\u0142anie aplikacji na komputery stacjonarne. Wszystkie g\u0142\u00f3wne funkcje s\u0105 dost\u0119pne w aplikacji na iOS. Istnieje synchronizacja gier w czasie rzeczywistym, bezpieczne wp\u0142aty i proces weryfikacji, dzi\u0119ki czemu wra\u017cenia z gry s\u0105 podobne na wszystkich urz\u0105dzeniach. Responsywny projekt gwarantuje satysfakcj\u0119 oraz p\u0142ynn\u0105 i atrakcyjn\u0105 rozgrywk\u0119.<\/p>\n<p><img loading=\"lazy\" decoding=\"async\" src=\"https:\/\/inca-spin.org\/wp-content\/uploads\/2026\/01\/Incaspin-iOS.webp\" alt=\"Incaspin iOS\" width=\"1248\" height=\"536\" \/><\/p>\n<\/div><\/div><div style=\"clear: both\"><\/div><div class=\"d-flex justify-content-center\"><button data-item=\"decouvrez_link\" data-group=\"website_links\" class=\"goto fw-bold rounded-pill btn btn-orange\" aria-label=\"Pobierz Incaspin\" >Pobierz Incaspin<\/button><\/div><div class=\"scrollable-content-wrap my-5\"><div class=\"scrollable-content-inner\"><h2>Aplikacje dla system\u00f3w Windows i macOS<\/h2>\n<p>Kasyno Incaspin ma oczywi\u015bcie standardow\u0105 wersj\u0119 dla tych, kt\u00f3rzy lubi\u0105 gra\u0107 na komputerach stacjonarnych. Platforma jest kompatybilna z systemami Windows i macOS bez konieczno\u015bci instalowania dodatkowego oprogramowania. Uzyskasz szybki i bezpieczny dost\u0119p. Skr\u00f3t:<\/p>\n<ol>\n<li>U\u017cytkownicy Windows: otw\u00f3rz przegl\u0105dark\u0119, przejd\u017a do strony g\u0142\u00f3wnej Incaspin, kliknij menu z trzema kropkami i wybierz opcj\u0119 Dodaj do pulpitu.<\/li>\n<li>U\u017cytkownicy komputer\u00f3w Mac: u\u017cyj przegl\u0105darki Safari lub Chrome, a nast\u0119pnie wybierz opcj\u0119 \u201eDodaj\u201d z menu.<\/li>\n<\/ol>\n<table>\n<tbody>\n<tr>\n<td>Funkcja<\/td>\n<td>Wersja na komputery stacjonarne<\/td>\n<td>Korzy\u015bci<\/td>\n<\/tr>\n<tr>\n<td>Procedura weryfikacji<\/td>\n<td>Przed wyp\u0142at\u0105<\/td>\n<td>Zapewnia bezpiecze\u0144stwo i prawid\u0142owe zarz\u0105dzanie kontem<\/td>\n<\/tr>\n<tr>\n<td>Bezpieczne zarz\u0105dzanie kontem<\/td>\n<td>Tak<\/td>\n<td>Chroni konta u\u017cytkownik\u00f3w i informacje finansowe<\/td>\n<\/tr>\n<tr>\n<td>Us\u0142ugi czatu na \u017cywo<\/td>\n<td>Dost\u0119pne<\/td>\n<td>Natychmiastowe wsparcie i pomoc<\/td>\n<\/tr>\n<tr>\n<td>Do\u015bwiadczenie w grach<\/td>\n<td>Wzbogacone o zbli\u017cone grafiki i \u0142atw\u0105 nawigacj\u0119<\/td>\n<td>Wysokiej jako\u015bci grafika i przyjazny dla u\u017cytkownika interfejs<\/td>\n<\/tr>\n<\/tbody>\n<\/table>\n<p><img loading=\"lazy\" decoding=\"async\" src=\"https:\/\/inca-spin.org\/wp-content\/uploads\/2026\/01\/Incaspin-Desktop.webp\" alt=\"Incaspin Desktop\" width=\"1248\" height=\"536\" \/><\/p>\n<\/div><\/div><div style=\"clear: both\"><\/div><div class=\"d-flex justify-content-center\"><button data-item=\"decouvrez_link\" data-group=\"website_links\" class=\"goto fw-bold rounded-pill btn btn-orange\" aria-label=\"Pobierz aplikacj\u0119 Incaspin\" >Pobierz aplikacj\u0119 Incaspin<\/button><\/div><div class=\"scrollable-content-wrap my-5\"><div class=\"scrollable-content-inner\"><h2>FAQ<\/h2>\n<h3>Czy do korzystania z aplikacji Inca Spin konieczne jest utworzenie konta?<\/h3>\n<p>Musimy Ci\u0119 ostrzec, \u017ce aby gra\u0107 we wszystkie gry, zarz\u0105dza\u0107 wp\u0142atami i uczestniczy\u0107 w weryfikacji, musisz za\u0142o\u017cy\u0107 konto. Rejestracja jest prosta i mo\u017cna j\u0105 przeprowadzi\u0107 zar\u00f3wno w aplikacji, jak i na stronie internetowej. Korzystanie z aplikacji Incaspin jest znacznie wygodniejsze ni\u017c otwieranie komputera, czekanie na za\u0142adowanie strony i tak dalej.<\/p>\n<h3>Czy aplikacja Inca Spin Casino oferuje obs\u0142ug\u0119 klienta?<\/h3>\n<p>Aplikacja Incaspin posiada czat na \u017cywo, kt\u00f3ry umo\u017cliwia bezpo\u015bredni kontakt z zespo\u0142em pomocy technicznej. Pomoc techniczna dost\u0119pna 24 godziny na dob\u0119, 7 dni w tygodniu oznacza r\u00f3wnie\u017c, \u017ce gracze otrzymaj\u0105 niezb\u0119dn\u0105 pomoc na czas w przypadku problem\u00f3w technicznych lub pyta\u0144 dotycz\u0105cych ich kont o dowolnej porze dnia w swojej strefie czasowej.<\/p>\n<h3>Jak mog\u0119 zaktualizowa\u0107 aplikacj\u0119 Incaspin Casino?<\/h3>\n<p>Nie ma powodu do obaw. Aplikacja Incaspin, a w szczeg\u00f3lno\u015bci wersja PWA, jest automatycznie aktualizowana za po\u015brednictwem przegl\u0105darki, dzi\u0119ki czemu gracze maj\u0105 dost\u0119p do najnowszych funkcji i poprawek bezpiecze\u0144stwa. W przypadku skr\u00f3t\u00f3w na pulpicie nie s\u0105 wymagane \u017cadne dodatkowe aktualizacje, poniewa\u017c s\u0105 one po\u0142\u0105czone z najnowsz\u0105 wersj\u0105 online. Proces sprawdzania Incaspin Casino jest dobrze opracowany, a aktualizacje nie s\u0105 przywracane ani wykonywane r\u0119cznie.<\/p>\n<\/div><\/div><\/p>\n","protected":false},"excerpt":{"rendered":"<p>Platforma mobilna Incaspin Incaspin app zapewnia interaktywne i p\u0142ynne wra\u017cenia z gry dla wszystkich graczy. Zosta\u0142a specjalnie zaprojektowana do wsp\u00f3\u0142pracy z urz\u0105dzeniami mobilnymi. Incaspin Casino app zosta\u0142a stworzona w taki spos\u00f3b, aby odpowiada\u0142a polskim graczom dzi\u0119ki wysokiej jako\u015bci funkcjom, przyjaznemu dla u\u017cytkownika interfejsowi i wysokiemu poziomowi bezpiecze\u0144stwa. Oferujemy natychmiastowy dost\u0119p do szerokiej gamy automat\u00f3w online, [&hellip;]<\/p>\n","protected":false},"author":1,"featured_media":0,"parent":0,"menu_order":0,"comment_status":"closed","ping_status":"closed","template":"template-builder.php","meta":{"_acf_changed":false,"inline_featured_image":false,"footnotes":""},"class_list":["post-1424","page","type-page","status-publish","hentry"],"acf":[],"yoast_head":"<!-- This site is optimized with the Yoast SEO plugin v27.3 - https:\/\/yoast.com\/product\/yoast-seo-wordpress\/ -->\n<title>Incaspin App | Platformy iOS i Android<\/title>\n<meta name=\"description\" content=\"Aplikacja Incaspin zapewnia p\u0142ynn\u0105 rozgrywk\u0119 w kasynie na systemach Android, iOS, Windows i macOS, oferuj\u0105c zsynchronizowane konta, regularne aktualizacje i wbudowan\u0105 obs\u0142ug\u0119 klienta, co zapewnia bezproblemowe korzystanie z aplikacji.\" \/>\n<meta name=\"robots\" content=\"index, follow, max-snippet:-1, max-image-preview:large, max-video-preview:-1\" \/>\n<link rel=\"canonical\" href=\"https:\/\/inca-spin.org\/pl\/aplikacja\/\" \/>\n<meta property=\"og:locale\" content=\"pl_PL\" \/>\n<meta property=\"og:type\" content=\"article\" \/>\n<meta property=\"og:title\" content=\"Incaspin App | Platformy iOS i Android\" \/>\n<meta property=\"og:description\" content=\"Aplikacja Incaspin zapewnia p\u0142ynn\u0105 rozgrywk\u0119 w kasynie na systemach Android, iOS, Windows i macOS, oferuj\u0105c zsynchronizowane konta, regularne aktualizacje i wbudowan\u0105 obs\u0142ug\u0119 klienta, co zapewnia bezproblemowe korzystanie z aplikacji.\" \/>\n<meta property=\"og:url\" content=\"https:\/\/inca-spin.org\/pl\/aplikacja\/\" \/>\n<meta property=\"og:site_name\" content=\"incaspin\" \/>\n<meta property=\"article:modified_time\" content=\"2026-01-26T11:47:49+00:00\" \/>\n<meta name=\"twitter:card\" content=\"summary_large_image\" \/>\n<meta name=\"twitter:label1\" content=\"Est. reading time\" \/>\n\t<meta name=\"twitter:data1\" content=\"2 minutes\" \/>\n<script type=\"application\/ld+json\" class=\"yoast-schema-graph\">{\"@context\":\"https:\\\/\\\/schema.org\",\"@graph\":[{\"@type\":\"WebPage\",\"@id\":\"https:\\\/\\\/inca-spin.org\\\/pl\\\/aplikacja\\\/\",\"url\":\"https:\\\/\\\/inca-spin.org\\\/pl\\\/aplikacja\\\/\",\"name\":\"Incaspin App | Platformy iOS i Android\",\"isPartOf\":{\"@id\":\"https:\\\/\\\/inca-spin.org\\\/pl\\\/#website\"},\"datePublished\":\"2026-01-23T12:44:29+00:00\",\"dateModified\":\"2026-01-26T11:47:49+00:00\",\"description\":\"Aplikacja Incaspin zapewnia p\u0142ynn\u0105 rozgrywk\u0119 w kasynie na systemach Android, iOS, Windows i macOS, oferuj\u0105c zsynchronizowane konta, regularne aktualizacje i wbudowan\u0105 obs\u0142ug\u0119 klienta, co zapewnia bezproblemowe korzystanie z aplikacji.\",\"breadcrumb\":{\"@id\":\"https:\\\/\\\/inca-spin.org\\\/pl\\\/aplikacja\\\/#breadcrumb\"},\"inLanguage\":\"pl-PL\",\"potentialAction\":[{\"@type\":\"ReadAction\",\"target\":[\"https:\\\/\\\/inca-spin.org\\\/pl\\\/aplikacja\\\/\"]}]},{\"@type\":\"BreadcrumbList\",\"@id\":\"https:\\\/\\\/inca-spin.org\\\/pl\\\/aplikacja\\\/#breadcrumb\",\"itemListElement\":[{\"@type\":\"ListItem\",\"position\":1,\"name\":\"Incaspin\",\"item\":\"https:\\\/\\\/inca-spin.org\\\/pl\\\/\"},{\"@type\":\"ListItem\",\"position\":2,\"name\":\"Aplikacja\"}]},{\"@type\":\"WebSite\",\"@id\":\"https:\\\/\\\/inca-spin.org\\\/pl\\\/#website\",\"url\":\"https:\\\/\\\/inca-spin.org\\\/pl\\\/\",\"name\":\"Incaspin\",\"description\":\"\",\"publisher\":{\"@id\":\"https:\\\/\\\/inca-spin.org\\\/pl\\\/#organization\"},\"potentialAction\":[{\"@type\":\"SearchAction\",\"target\":{\"@type\":\"EntryPoint\",\"urlTemplate\":\"https:\\\/\\\/inca-spin.org\\\/pl\\\/?s={search_term_string}\"},\"query-input\":{\"@type\":\"PropertyValueSpecification\",\"valueRequired\":true,\"valueName\":\"search_term_string\"}}],\"inLanguage\":\"pl-PL\"},{\"@type\":\"Organization\",\"@id\":\"https:\\\/\\\/inca-spin.org\\\/pl\\\/#organization\",\"name\":\"Incaspin\",\"url\":\"https:\\\/\\\/inca-spin.org\\\/pl\\\/\",\"logo\":{\"@type\":\"ImageObject\",\"inLanguage\":\"pl-PL\",\"@id\":\"https:\\\/\\\/inca-spin.org\\\/pl\\\/#\\\/schema\\\/logo\\\/image\\\/\",\"url\":\"https:\\\/\\\/inca-spin.org\\\/wp-content\\\/uploads\\\/2026\\\/01\\\/Casino-logo-Desktop.png\",\"contentUrl\":\"https:\\\/\\\/inca-spin.org\\\/wp-content\\\/uploads\\\/2026\\\/01\\\/Casino-logo-Desktop.png\",\"width\":63,\"height\":24,\"caption\":\"Incaspin\"},\"image\":{\"@id\":\"https:\\\/\\\/inca-spin.org\\\/pl\\\/#\\\/schema\\\/logo\\\/image\\\/\"}}]}<\/script>\n<!-- \/ Yoast SEO plugin. -->","yoast_head_json":{"title":"Incaspin App | Platformy iOS i Android","description":"Aplikacja Incaspin zapewnia p\u0142ynn\u0105 rozgrywk\u0119 w kasynie na systemach Android, iOS, Windows i macOS, oferuj\u0105c zsynchronizowane konta, regularne aktualizacje i wbudowan\u0105 obs\u0142ug\u0119 klienta, co zapewnia bezproblemowe korzystanie z aplikacji.","robots":{"index":"index","follow":"follow","max-snippet":"max-snippet:-1","max-image-preview":"max-image-preview:large","max-video-preview":"max-video-preview:-1"},"canonical":"https:\/\/inca-spin.org\/pl\/aplikacja\/","og_locale":"pl_PL","og_type":"article","og_title":"Incaspin App | Platformy iOS i Android","og_description":"Aplikacja Incaspin zapewnia p\u0142ynn\u0105 rozgrywk\u0119 w kasynie na systemach Android, iOS, Windows i macOS, oferuj\u0105c zsynchronizowane konta, regularne aktualizacje i wbudowan\u0105 obs\u0142ug\u0119 klienta, co zapewnia bezproblemowe korzystanie z aplikacji.","og_url":"https:\/\/inca-spin.org\/pl\/aplikacja\/","og_site_name":"incaspin","article_modified_time":"2026-01-26T11:47:49+00:00","twitter_card":"summary_large_image","twitter_misc":{"Est. reading time":"2 minutes"},"schema":{"@context":"https:\/\/schema.org","@graph":[{"@type":"WebPage","@id":"https:\/\/inca-spin.org\/pl\/aplikacja\/","url":"https:\/\/inca-spin.org\/pl\/aplikacja\/","name":"Incaspin App | Platformy iOS i Android","isPartOf":{"@id":"https:\/\/inca-spin.org\/pl\/#website"},"datePublished":"2026-01-23T12:44:29+00:00","dateModified":"2026-01-26T11:47:49+00:00","description":"Aplikacja Incaspin zapewnia p\u0142ynn\u0105 rozgrywk\u0119 w kasynie na systemach Android, iOS, Windows i macOS, oferuj\u0105c zsynchronizowane konta, regularne aktualizacje i wbudowan\u0105 obs\u0142ug\u0119 klienta, co zapewnia bezproblemowe korzystanie z aplikacji.","breadcrumb":{"@id":"https:\/\/inca-spin.org\/pl\/aplikacja\/#breadcrumb"},"inLanguage":"pl-PL","potentialAction":[{"@type":"ReadAction","target":["https:\/\/inca-spin.org\/pl\/aplikacja\/"]}]},{"@type":"BreadcrumbList","@id":"https:\/\/inca-spin.org\/pl\/aplikacja\/#breadcrumb","itemListElement":[{"@type":"ListItem","position":1,"name":"Incaspin","item":"https:\/\/inca-spin.org\/pl\/"},{"@type":"ListItem","position":2,"name":"Aplikacja"}]},{"@type":"WebSite","@id":"https:\/\/inca-spin.org\/pl\/#website","url":"https:\/\/inca-spin.org\/pl\/","name":"Incaspin","description":"","publisher":{"@id":"https:\/\/inca-spin.org\/pl\/#organization"},"potentialAction":[{"@type":"SearchAction","target":{"@type":"EntryPoint","urlTemplate":"https:\/\/inca-spin.org\/pl\/?s={search_term_string}"},"query-input":{"@type":"PropertyValueSpecification","valueRequired":true,"valueName":"search_term_string"}}],"inLanguage":"pl-PL"},{"@type":"Organization","@id":"https:\/\/inca-spin.org\/pl\/#organization","name":"Incaspin","url":"https:\/\/inca-spin.org\/pl\/","logo":{"@type":"ImageObject","inLanguage":"pl-PL","@id":"https:\/\/inca-spin.org\/pl\/#\/schema\/logo\/image\/","url":"https:\/\/inca-spin.org\/wp-content\/uploads\/2026\/01\/Casino-logo-Desktop.png","contentUrl":"https:\/\/inca-spin.org\/wp-content\/uploads\/2026\/01\/Casino-logo-Desktop.png","width":63,"height":24,"caption":"Incaspin"},"image":{"@id":"https:\/\/inca-spin.org\/pl\/#\/schema\/logo\/image\/"}}]}},"_links":{"self":[{"href":"https:\/\/inca-spin.org\/pl\/wp-json\/wp\/v2\/pages\/1424","targetHints":{"allow":["GET"]}}],"collection":[{"href":"https:\/\/inca-spin.org\/pl\/wp-json\/wp\/v2\/pages"}],"about":[{"href":"https:\/\/inca-spin.org\/pl\/wp-json\/wp\/v2\/types\/page"}],"author":[{"embeddable":true,"href":"https:\/\/inca-spin.org\/pl\/wp-json\/wp\/v2\/users\/1"}],"replies":[{"embeddable":true,"href":"https:\/\/inca-spin.org\/pl\/wp-json\/wp\/v2\/comments?post=1424"}],"version-history":[{"count":3,"href":"https:\/\/inca-spin.org\/pl\/wp-json\/wp\/v2\/pages\/1424\/revisions"}],"predecessor-version":[{"id":1890,"href":"https:\/\/inca-spin.org\/pl\/wp-json\/wp\/v2\/pages\/1424\/revisions\/1890"}],"wp:attachment":[{"href":"https:\/\/inca-spin.org\/pl\/wp-json\/wp\/v2\/media?parent=1424"}],"curies":[{"name":"wp","href":"https:\/\/api.w.org\/{rel}","templated":true}]}}