{"id":1472,"date":"2026-01-23T12:50:08","date_gmt":"2026-01-23T12:50:08","guid":{"rendered":"https:\/\/inca-spin.org\/login-and-registration\/"},"modified":"2026-01-26T11:36:17","modified_gmt":"2026-01-26T11:36:17","slug":"logowanie-i-rejestracja","status":"publish","type":"page","link":"https:\/\/inca-spin.org\/pl\/logowanie-i-rejestracja\/","title":{"rendered":"Logowanie i rejestracja"},"content":{"rendered":"<h1>Logowanie i rejestracja konta Incaspin<\/h1>\n<p>Rejestracja i Incaspin login zapewniaj\u0105 nieprzerwany dost\u0119p do jednego z najlepszych kasyn online, jakie mo\u017cna sobie wyobrazi\u0107! Gracze z Polski maj\u0105 mo\u017cliwo\u015b\u0107 korzystania z szerokiej gamy gier w bezpieczny i wydajny spos\u00f3b. Oferujemy \u0142atw\u0105 w obs\u0142udze platform\u0119 do zarz\u0105dzania kontem, bezpieczne p\u0142atno\u015bci i spersonalizowane us\u0142ugi, kt\u00f3re poprawiaj\u0105 jako\u015b\u0107 ka\u017cdej gry i podnosz\u0105 poziom umiej\u0119tno\u015bci graczy.<\/p>\n<p><div class=\"banner-wrap\" aria-label=\"Banner\"><img src=\"https:\/\/inca-spin.org\/wp-content\/uploads\/2026\/01\/Incaspin-general-background-800\u2564\u0415342.webp\" class=\"w-100 d-none d-lg-block img-pc main-banner-img\" alt=\"Incaspin desktop banner\" fetchpriority=\"high\" decoding=\"async\"><img src=\"https:\/\/inca-spin.org\/wp-content\/uploads\/2026\/01\/Incaspin-mobile-banner.webp\" class=\"w-100 d-none d-md-block d-lg-none main-banner-img\" alt=\"Incaspin mobile banner\" fetchpriority=\"high\" decoding=\"async\"><img src=\"https:\/\/inca-spin.org\/wp-content\/uploads\/2026\/01\/Incaspin-mobile-banner.webp\" class=\"w-100 d-md-none\" alt=\"Incaspin mobile banner\" fetchpriority=\"high\" decoding=\"async\"><div class=\"banner-description\">\n<div class=\"banner-title\">Bonusy powitalne<\/div>\n<p class=\"banner-header-title\">\u20ac1500<\/p>\n<div class=\"banner-header-AdditionalText\">+ 250 Darmowe spiny<\/div>\n<button data-item=\"homepage_banner_link\" class=\"goto m-button m-gradient-border m-button--primary m-button--large banner-button btn-orange\">\n            <div class=\"m-button-content\">\n                <span>Zarejestruj si\u0119 teraz<\/span>\n                <span><\/span>\n            <\/div>\n        <\/button>\n<\/div>\n<div class=\"WelcomePack\">\n<p><img loading=\"lazy\" decoding=\"async\" class=\"alignnone size-full wp-image-1369\" src=\"https:\/\/inca-spin.org\/wp-content\/uploads\/2026\/01\/welcome-crown.png\" alt=\"welcome crown\" width=\"25\" height=\"26\" \/><\/p>\n<div class=\"WelcomePack-Info\">Cotygodniowy zwrot got\u00f3wki do 25%<\/div>\n<p><img loading=\"lazy\" decoding=\"async\" class=\"alignnone size-full wp-image-1369\" src=\"https:\/\/inca-spin.org\/wp-content\/uploads\/2026\/01\/welcome-crown.png\" alt=\"welcome crown\" width=\"25\" height=\"26\" \/><\/p>\n<\/div>\n<\/div><div class=\"scrollable-content-wrap my-5\"><div class=\"scrollable-content-inner\"><h2>Rejestracja nowego u\u017cytkownika w Inca Spin<\/h2>\n<p>Rejestruj\u0105c si\u0119 w kasynie Incaspin, otwierasz drzwi do maksymalnych mo\u017cliwo\u015bci naszej strony. Nowi gracze, kt\u00f3rzy po raz pierwszy loguj\u0105 si\u0119 do Incaspin, maj\u0105 dost\u0119p do szerokiego wyboru gier, w tym automat\u00f3w, gier sto\u0142owych, gier z krupierem na \u017cywo i specjalnych promocji. Rejestracja jest bardzo prosta! Zrobili\u015bmy to w ten spos\u00f3b, kieruj\u0105c si\u0119 przede wszystkim prostot\u0105 i szybko\u015bci\u0105. Dzi\u0119ki temu gracze mog\u0105 natychmiast cieszy\u0107 si\u0119 ulubionymi grami zaraz po utworzeniu konta.<\/p>\n<h2>Utw\u00f3rz swoje konto<\/h2>\n<p>Mo\u017cesz utworzy\u0107 w\u0142asne konto w Incaspin za pomoc\u0105 kilku klikni\u0119\u0107 myszk\u0105. Oto jak to zrobi\u0107:<\/p>\n<ol>\n<li>Znajd\u017a przycisk rejestracji na stronie g\u0142\u00f3wnej i wybierz go.<\/li>\n<li>Wype\u0142nij formularz rejestracyjny, podaj\u0105c dane osobowe, takie jak adres e-mail i silne has\u0142o.<\/li>\n<li>Wprowad\u017a kod promocyjny, je\u015bli go posiadasz.<\/li>\n<li>Zaznacz, czy chcesz otrzymywa\u0107 informacje o nowo\u015bciach z naszego kasyna i wybierz partner\u00f3w.<\/li>\n<li>Zaznacz, \u017ce nie jeste\u015b osob\u0105 niepe\u0142noletni\u0105 \u2013 w przeciwnym razie nie b\u0119dziesz m\u00f3g\u0142 gra\u0107 w naszym kasynie.<\/li>\n<li>Zaakceptuj warunki i wy\u015blij formularz rejestracyjny.<\/li>\n<\/ol>\n<p>Po rejestracji otrzymasz wiadomo\u015b\u0107 e-mail z potwierdzeniem w celu uwierzytelnienia konta. Dzi\u0119ki temu odblokujesz mo\u017cliwo\u015bci Incaspin Casino przy pierwszym logowaniu do Incaspin.<\/p>\n<h2>Tworzenie i korzystanie z konta Incaspin<\/h2>\n<p>Pierwsze logowanie do Incaspin nigdy nie by\u0142o \u0142atwiejsze!<\/p>\n<ol>\n<li>Wybierz przycisk \u201eZaloguj si\u0119\u201d Inca Spin w prawym g\u00f3rnym rogu.<\/li>\n<li>Zobaczysz powitanie \u201eWitamy ponownie\u201d. Wprowad\u017a adres e-mail i has\u0142o u\u017cyte podczas rejestracji.<\/li>\n<li>Kliknij przycisk logowania Incaspin, aby uzyska\u0107 dost\u0119p do swojego konta.<\/li>\n<\/ol>\n<p>I to wszystko! Po zalogowaniu si\u0119 do Incaspin Casino b\u0119dziesz m\u00f3g\u0142 dokonywa\u0107 wp\u0142at, otrzymywa\u0107 bonusy, bra\u0107 udzia\u0142 w promocjach i zmienia\u0107 ustawienia swojego konta.<\/p>\n<p>Nasza strona Incaspin Casino ma przyjazny i intuicyjny panel sterowania \u2014 nigdy si\u0119 nie zgubisz! Co wi\u0119cej, oferujemy wieloj\u0119zyczn\u0105 obs\u0142ug\u0119, kt\u00f3ra pozwala graczom wygodnie korzysta\u0107 z platformy.<\/p>\n<p>Gracze mog\u0105 r\u00f3wnie\u017c w\u0142\u0105czy\u0107 dodatkowe zabezpieczenia, takie jak uwierzytelnianie dwusk\u0142adnikowe, aby chroni\u0107 swoje konta. Regularna weryfikacja aktywno\u015bci konta i danych osobowych pomaga zapewni\u0107 bezpieczne \u015brodowisko gry dla Ciebie i Twoich znajomych w naszym kasynie Inca Spin.<\/p>\n<h3>Zapomnia\u0142e\u015b has\u0142a do Incaspin Casino?<\/h3>\n<p>Odzyskanie konta zajmie mniej ni\u017c minut\u0119 w przypadku utraty has\u0142a:<\/p>\n<ol>\n<li>Przejd\u017a do sekcji logowania Incaspin.<\/li>\n<li>Kliknij link \u201eNie pami\u0119tasz has\u0142a?\u201d.<\/li>\n<li>Wpisz sw\u00f3j adres e-mail, \u017ceby dosta\u0107 link do resetowania has\u0142a.<\/li>\n<li>Aby zmieni\u0107 has\u0142o, post\u0119puj zgodnie z instrukcjami zawartymi w wiadomo\u015bci e-mail.<\/li>\n<\/ol>\n<p>Ma to na celu zapewnienie bezpiecznego dost\u0119pu i odzyskiwania danych logowania, dzi\u0119ki czemu b\u0119dziesz m\u00f3g\u0142 uzyska\u0107 dost\u0119p do swojego konta w jak najkr\u00f3tszym czasie.<\/p>\n<h3>Weryfikacja konta i bezpiecze\u0144stwo w kasynie Incaspin<\/h3>\n<p>Procedura weryfikacji konta w Incaspin Casino jest niezb\u0119dna do zabezpieczenia profili u\u017cytkownik\u00f3w i spe\u0142nienia wymog\u00f3w prawnych. Gracze mog\u0105 zosta\u0107 poproszeni o potwierdzenie swojej to\u017csamo\u015bci podczas rejestracji lub dokonywania wa\u017cnych transakcji.<\/p>\n<p>Weryfikacja wymaga przedstawienia oficjalnych dokument\u00f3w potwierdzaj\u0105cych to\u017csamo\u015b\u0107, wiek i adres. S\u0105 to dokumenty, kt\u00f3re zawsze masz pod r\u0119k\u0105 \u2014 dowody to\u017csamo\u015bci, rachunki za media lub wyci\u0105gi bankowe. Proces przebiega nast\u0119puj\u0105co:<\/p>\n<table>\n<tbody>\n<tr>\n<td>Krok<\/td>\n<td>Czynno\u015b\u0107<\/td>\n<td>Szczeg\u00f3\u0142y<\/td>\n<\/tr>\n<tr>\n<td>1<\/td>\n<td>Przes\u0142anie dokument\u00f3w<\/td>\n<td>Prze\u015blij oryginalny dokument to\u017csamo\u015bci, rachunek za media, wyci\u0105g z konta bankowego<\/td>\n<\/tr>\n<tr>\n<td>2<\/td>\n<td>Sprawdzenie<\/td>\n<td>Zesp\u00f3\u0142 pomocy technicznej ocenia dokumenty w ci\u0105gu 48 godzin<\/td>\n<\/tr>\n<tr>\n<td>3<\/td>\n<td>Potwierdzenie weryfikacji<\/td>\n<td>Konto zostaje zweryfikowane, a ograniczenia (je\u015bli wyst\u0119puj\u0105) zostaj\u0105 zniesione<\/td>\n<\/tr>\n<\/tbody>\n<\/table>\n<p>Wynikiem tego procesu jest zwi\u0119kszone bezpiecze\u0144stwo, mniej oszustw i odpowiedzialna polityka hazardowa.<\/p>\n<h3>Jak zmieni\u0107 has\u0142o lub adres e-mail?<\/h3>\n<p>Aby odnowi\u0107 informacje o koncie w przypadku pope\u0142nienia b\u0142\u0119du lub zmiany sytuacji \u017cyciowej, wystarczy wykona\u0107 nast\u0119puj\u0105ce czynno\u015bci:<\/p>\n<ol>\n<li>Jak zawsze, zacznij od zalogowania si\u0119 do Incaspin.<\/li>\n<li>Przejd\u017a do sekcji ustawie\u0144 konta.<\/li>\n<li>Wybierz opcj\u0119 zmiany has\u0142a lub adresu e-mail.<\/li>\n<li>Wprowad\u017a nowe dane i potwierd\u017a wszystkie zmiany.<\/li>\n<\/ol>\n<p>Aby zapewni\u0107 bezpiecze\u0144stwo, przed zako\u0144czeniem aktualizacji mo\u017ce zosta\u0107 wy\u015bwietlona pro\u015bba o uwierzytelnienie. Jest to normalna procedura, wi\u0119c nie nale\u017cy si\u0119 tym przejmowa\u0107. Zawsze tak post\u0119pujemy.<\/p>\n<p>Wa\u017cne jest, aby dane kontaktowe by\u0142y aktualne w miar\u0119 zmiany okoliczno\u015bci. Rozumiemy to, ale prosimy o zwracanie uwagi na nasze powiadomienia i bezpiecze\u0144stwo konta.<\/p>\n<h2>FAQ<\/h2>\n<h3>Jak przeprowadzi\u0107 proces weryfikacji konta?<\/h3>\n<p>Prze\u015blij wymagane dokumenty to\u017csamo\u015bci za pomoc\u0105 panelu konta. Zostan\u0105 one wkr\u00f3tce sprawdzone przez nasz zesp\u00f3\u0142 pomocy technicznej. W ten spos\u00f3b przestrzegamy wymog\u00f3w prawnych i zapewniamy ochron\u0119 Tobie oraz innym cz\u0142onkom Incaspin.<\/p>\n<h3>Jak zaktualizowa\u0107 has\u0142o lub adres e-mail?<\/h3>\n<p>Przejd\u017a do ustawie\u0144 konta i wybierz odpowiedni\u0105 opcj\u0119 (to, co chcesz zaktualizowa\u0107), a nast\u0119pnie wprowad\u017a zmiany. Konieczna mo\u017ce by\u0107 weryfikacja. Je\u015bli napotkasz jakiekolwiek problemy z tym procesem, po prostu napisz do nas na czacie na \u017cywo \u2014 pomo\u017cemy Ci.<\/p>\n<h3>Jak mog\u0119 skontaktowa\u0107 si\u0119 z obs\u0142ug\u0105 klienta w celu uzyskania pomocy?<\/h3>\n<p>Je\u015bli potrzebujesz pomocy, skontaktuj si\u0119 z obs\u0142ug\u0105 klienta za po\u015brednictwem czatu na \u017cywo na naszej stronie internetowej lub poczt\u0105 elektroniczn\u0105. Jeste\u015bmy do Twojej dyspozycji w przypadku pyta\u0144 lub problem\u00f3w, zar\u00f3wno technicznych, jak i finansowych. Nie wahaj si\u0119 z nami skontaktowa\u0107!<\/p>\n<\/div><\/div><\/p>\n","protected":false},"excerpt":{"rendered":"<p>Logowanie i rejestracja konta Incaspin Rejestracja i Incaspin login zapewniaj\u0105 nieprzerwany dost\u0119p do jednego z najlepszych kasyn online, jakie mo\u017cna sobie wyobrazi\u0107! Gracze z Polski maj\u0105 mo\u017cliwo\u015b\u0107 korzystania z szerokiej gamy gier w bezpieczny i wydajny spos\u00f3b. Oferujemy \u0142atw\u0105 w obs\u0142udze platform\u0119 do zarz\u0105dzania kontem, bezpieczne p\u0142atno\u015bci i spersonalizowane us\u0142ugi, kt\u00f3re poprawiaj\u0105 jako\u015b\u0107 ka\u017cdej gry [&hellip;]<\/p>\n","protected":false},"author":1,"featured_media":0,"parent":0,"menu_order":0,"comment_status":"closed","ping_status":"closed","template":"template-builder.php","meta":{"_acf_changed":false,"inline_featured_image":false,"footnotes":""},"class_list":["post-1472","page","type-page","status-publish","hentry"],"acf":[],"yoast_head":"<!-- This site is optimized with the Yoast SEO plugin v27.3 - https:\/\/yoast.com\/product\/yoast-seo-wordpress\/ -->\n<title>Incaspin Logowanie i rejestracja w serwisie<\/title>\n<meta name=\"description\" content=\"Bez wysi\u0142ku tw\u00f3rz, zarz\u0105dzaj i weryfikuj swoje konto w kasynie Incaspin. Ciesz si\u0119 szybk\u0105 rejestracj\u0105, \u0142atwym odzyskiwaniem konta i bezpiecznym zamkni\u0119ciem dzi\u0119ki Incaspin Login, zapewniaj\u0105cym ochron\u0119 Twojego konta przez ca\u0142\u0105 dob\u0119.\" \/>\n<meta name=\"robots\" content=\"index, follow, max-snippet:-1, max-image-preview:large, max-video-preview:-1\" \/>\n<link rel=\"canonical\" href=\"https:\/\/inca-spin.org\/pl\/logowanie-i-rejestracja\/\" \/>\n<meta property=\"og:locale\" content=\"pl_PL\" \/>\n<meta property=\"og:type\" content=\"article\" \/>\n<meta property=\"og:title\" content=\"Incaspin Logowanie i rejestracja w serwisie\" \/>\n<meta property=\"og:description\" content=\"Bez wysi\u0142ku tw\u00f3rz, zarz\u0105dzaj i weryfikuj swoje konto w kasynie Incaspin. Ciesz si\u0119 szybk\u0105 rejestracj\u0105, \u0142atwym odzyskiwaniem konta i bezpiecznym zamkni\u0119ciem dzi\u0119ki Incaspin Login, zapewniaj\u0105cym ochron\u0119 Twojego konta przez ca\u0142\u0105 dob\u0119.\" \/>\n<meta property=\"og:url\" content=\"https:\/\/inca-spin.org\/pl\/logowanie-i-rejestracja\/\" \/>\n<meta property=\"og:site_name\" content=\"incaspin\" \/>\n<meta property=\"article:modified_time\" content=\"2026-01-26T11:36:17+00:00\" \/>\n<meta name=\"twitter:card\" content=\"summary_large_image\" \/>\n<meta name=\"twitter:label1\" content=\"Est. reading time\" \/>\n\t<meta name=\"twitter:data1\" content=\"1 minute\" \/>\n<script type=\"application\/ld+json\" class=\"yoast-schema-graph\">{\"@context\":\"https:\\\/\\\/schema.org\",\"@graph\":[{\"@type\":\"WebPage\",\"@id\":\"https:\\\/\\\/inca-spin.org\\\/pl\\\/logowanie-i-rejestracja\\\/\",\"url\":\"https:\\\/\\\/inca-spin.org\\\/pl\\\/logowanie-i-rejestracja\\\/\",\"name\":\"Incaspin Logowanie i rejestracja w serwisie\",\"isPartOf\":{\"@id\":\"https:\\\/\\\/inca-spin.org\\\/pl\\\/#website\"},\"datePublished\":\"2026-01-23T12:50:08+00:00\",\"dateModified\":\"2026-01-26T11:36:17+00:00\",\"description\":\"Bez wysi\u0142ku tw\u00f3rz, zarz\u0105dzaj i weryfikuj swoje konto w kasynie Incaspin. Ciesz si\u0119 szybk\u0105 rejestracj\u0105, \u0142atwym odzyskiwaniem konta i bezpiecznym zamkni\u0119ciem dzi\u0119ki Incaspin Login, zapewniaj\u0105cym ochron\u0119 Twojego konta przez ca\u0142\u0105 dob\u0119.\",\"breadcrumb\":{\"@id\":\"https:\\\/\\\/inca-spin.org\\\/pl\\\/logowanie-i-rejestracja\\\/#breadcrumb\"},\"inLanguage\":\"pl-PL\",\"potentialAction\":[{\"@type\":\"ReadAction\",\"target\":[\"https:\\\/\\\/inca-spin.org\\\/pl\\\/logowanie-i-rejestracja\\\/\"]}]},{\"@type\":\"BreadcrumbList\",\"@id\":\"https:\\\/\\\/inca-spin.org\\\/pl\\\/logowanie-i-rejestracja\\\/#breadcrumb\",\"itemListElement\":[{\"@type\":\"ListItem\",\"position\":1,\"name\":\"Incaspin\",\"item\":\"https:\\\/\\\/inca-spin.org\\\/pl\\\/\"},{\"@type\":\"ListItem\",\"position\":2,\"name\":\"Logowanie i rejestracja\"}]},{\"@type\":\"WebSite\",\"@id\":\"https:\\\/\\\/inca-spin.org\\\/pl\\\/#website\",\"url\":\"https:\\\/\\\/inca-spin.org\\\/pl\\\/\",\"name\":\"Incaspin\",\"description\":\"\",\"publisher\":{\"@id\":\"https:\\\/\\\/inca-spin.org\\\/pl\\\/#organization\"},\"potentialAction\":[{\"@type\":\"SearchAction\",\"target\":{\"@type\":\"EntryPoint\",\"urlTemplate\":\"https:\\\/\\\/inca-spin.org\\\/pl\\\/?s={search_term_string}\"},\"query-input\":{\"@type\":\"PropertyValueSpecification\",\"valueRequired\":true,\"valueName\":\"search_term_string\"}}],\"inLanguage\":\"pl-PL\"},{\"@type\":\"Organization\",\"@id\":\"https:\\\/\\\/inca-spin.org\\\/pl\\\/#organization\",\"name\":\"Incaspin\",\"url\":\"https:\\\/\\\/inca-spin.org\\\/pl\\\/\",\"logo\":{\"@type\":\"ImageObject\",\"inLanguage\":\"pl-PL\",\"@id\":\"https:\\\/\\\/inca-spin.org\\\/pl\\\/#\\\/schema\\\/logo\\\/image\\\/\",\"url\":\"https:\\\/\\\/inca-spin.org\\\/wp-content\\\/uploads\\\/2026\\\/01\\\/Casino-logo-Desktop.png\",\"contentUrl\":\"https:\\\/\\\/inca-spin.org\\\/wp-content\\\/uploads\\\/2026\\\/01\\\/Casino-logo-Desktop.png\",\"width\":63,\"height\":24,\"caption\":\"Incaspin\"},\"image\":{\"@id\":\"https:\\\/\\\/inca-spin.org\\\/pl\\\/#\\\/schema\\\/logo\\\/image\\\/\"}}]}<\/script>\n<!-- \/ Yoast SEO plugin. -->","yoast_head_json":{"title":"Incaspin Logowanie i rejestracja w serwisie","description":"Bez wysi\u0142ku tw\u00f3rz, zarz\u0105dzaj i weryfikuj swoje konto w kasynie Incaspin. Ciesz si\u0119 szybk\u0105 rejestracj\u0105, \u0142atwym odzyskiwaniem konta i bezpiecznym zamkni\u0119ciem dzi\u0119ki Incaspin Login, zapewniaj\u0105cym ochron\u0119 Twojego konta przez ca\u0142\u0105 dob\u0119.","robots":{"index":"index","follow":"follow","max-snippet":"max-snippet:-1","max-image-preview":"max-image-preview:large","max-video-preview":"max-video-preview:-1"},"canonical":"https:\/\/inca-spin.org\/pl\/logowanie-i-rejestracja\/","og_locale":"pl_PL","og_type":"article","og_title":"Incaspin Logowanie i rejestracja w serwisie","og_description":"Bez wysi\u0142ku tw\u00f3rz, zarz\u0105dzaj i weryfikuj swoje konto w kasynie Incaspin. Ciesz si\u0119 szybk\u0105 rejestracj\u0105, \u0142atwym odzyskiwaniem konta i bezpiecznym zamkni\u0119ciem dzi\u0119ki Incaspin Login, zapewniaj\u0105cym ochron\u0119 Twojego konta przez ca\u0142\u0105 dob\u0119.","og_url":"https:\/\/inca-spin.org\/pl\/logowanie-i-rejestracja\/","og_site_name":"incaspin","article_modified_time":"2026-01-26T11:36:17+00:00","twitter_card":"summary_large_image","twitter_misc":{"Est. reading time":"1 minute"},"schema":{"@context":"https:\/\/schema.org","@graph":[{"@type":"WebPage","@id":"https:\/\/inca-spin.org\/pl\/logowanie-i-rejestracja\/","url":"https:\/\/inca-spin.org\/pl\/logowanie-i-rejestracja\/","name":"Incaspin Logowanie i rejestracja w serwisie","isPartOf":{"@id":"https:\/\/inca-spin.org\/pl\/#website"},"datePublished":"2026-01-23T12:50:08+00:00","dateModified":"2026-01-26T11:36:17+00:00","description":"Bez wysi\u0142ku tw\u00f3rz, zarz\u0105dzaj i weryfikuj swoje konto w kasynie Incaspin. Ciesz si\u0119 szybk\u0105 rejestracj\u0105, \u0142atwym odzyskiwaniem konta i bezpiecznym zamkni\u0119ciem dzi\u0119ki Incaspin Login, zapewniaj\u0105cym ochron\u0119 Twojego konta przez ca\u0142\u0105 dob\u0119.","breadcrumb":{"@id":"https:\/\/inca-spin.org\/pl\/logowanie-i-rejestracja\/#breadcrumb"},"inLanguage":"pl-PL","potentialAction":[{"@type":"ReadAction","target":["https:\/\/inca-spin.org\/pl\/logowanie-i-rejestracja\/"]}]},{"@type":"BreadcrumbList","@id":"https:\/\/inca-spin.org\/pl\/logowanie-i-rejestracja\/#breadcrumb","itemListElement":[{"@type":"ListItem","position":1,"name":"Incaspin","item":"https:\/\/inca-spin.org\/pl\/"},{"@type":"ListItem","position":2,"name":"Logowanie i rejestracja"}]},{"@type":"WebSite","@id":"https:\/\/inca-spin.org\/pl\/#website","url":"https:\/\/inca-spin.org\/pl\/","name":"Incaspin","description":"","publisher":{"@id":"https:\/\/inca-spin.org\/pl\/#organization"},"potentialAction":[{"@type":"SearchAction","target":{"@type":"EntryPoint","urlTemplate":"https:\/\/inca-spin.org\/pl\/?s={search_term_string}"},"query-input":{"@type":"PropertyValueSpecification","valueRequired":true,"valueName":"search_term_string"}}],"inLanguage":"pl-PL"},{"@type":"Organization","@id":"https:\/\/inca-spin.org\/pl\/#organization","name":"Incaspin","url":"https:\/\/inca-spin.org\/pl\/","logo":{"@type":"ImageObject","inLanguage":"pl-PL","@id":"https:\/\/inca-spin.org\/pl\/#\/schema\/logo\/image\/","url":"https:\/\/inca-spin.org\/wp-content\/uploads\/2026\/01\/Casino-logo-Desktop.png","contentUrl":"https:\/\/inca-spin.org\/wp-content\/uploads\/2026\/01\/Casino-logo-Desktop.png","width":63,"height":24,"caption":"Incaspin"},"image":{"@id":"https:\/\/inca-spin.org\/pl\/#\/schema\/logo\/image\/"}}]}},"_links":{"self":[{"href":"https:\/\/inca-spin.org\/pl\/wp-json\/wp\/v2\/pages\/1472","targetHints":{"allow":["GET"]}}],"collection":[{"href":"https:\/\/inca-spin.org\/pl\/wp-json\/wp\/v2\/pages"}],"about":[{"href":"https:\/\/inca-spin.org\/pl\/wp-json\/wp\/v2\/types\/page"}],"author":[{"embeddable":true,"href":"https:\/\/inca-spin.org\/pl\/wp-json\/wp\/v2\/users\/1"}],"replies":[{"embeddable":true,"href":"https:\/\/inca-spin.org\/pl\/wp-json\/wp\/v2\/comments?post=1472"}],"version-history":[{"count":1,"href":"https:\/\/inca-spin.org\/pl\/wp-json\/wp\/v2\/pages\/1472\/revisions"}],"predecessor-version":[{"id":1881,"href":"https:\/\/inca-spin.org\/pl\/wp-json\/wp\/v2\/pages\/1472\/revisions\/1881"}],"wp:attachment":[{"href":"https:\/\/inca-spin.org\/pl\/wp-json\/wp\/v2\/media?parent=1472"}],"curies":[{"name":"wp","href":"https:\/\/api.w.org\/{rel}","templated":true}]}}